{"id":22476,"date":"2018-05-21T12:44:10","date_gmt":"2018-05-21T09:44:10","guid":{"rendered":"https:\/\/editura-unibuc.ro\/?post_type=product&#038;p=22476"},"modified":"2018-05-21T12:44:10","modified_gmt":"2018-05-21T09:44:10","slug":"nova-studia-classica-nova-series-iii-2016-antichitatea-ca-viitor-o-pagina-de-istorie-a-filologiei-clasice-romanesti-contemporane","status":"publish","type":"product","link":"https:\/\/editura-unibuc.ro\/en\/nova-studia-classica-nova-series-iii-2016-antichitatea-ca-viitor-o-pagina-de-istorie-a-filologiei-clasice-romanesti-contemporane\/","title":{"rendered":"NOVA STUDIA CLASSICA. NOVA SERIES III, 2016. ANTIQUITY AS THE FUTURE. A HISTORY PAGE OF ROMANIAN CONTEMPORARY CLASSICAL PHILOLOGY (CLASSICS)"},"content":{"rendered":"<p>\u201e[\u2026] autorul \u00ee\u015fi dezv\u0103luie personalitatea prin stilul expresiv \u00een care \u00ee\u015fi \u00eembrac\u0103 analiza \u015ftiin\u0163ific\u0103, precum \u015fi prin reflexivitatea care \u00eenv\u0103luie cadrul strict expozitiv al unui demers axiologic profesional.\u201d (Petre Gheorghe B\u00e2rlea).<\/p>\n<p>\u201eAntichitatea clasic\u0103, prin multiplele ei coduri axiologice, de la o er\u0103 istoric\u0103 la alta, ca \u015fi prin exemplul destinului ei \u2013 unul care a ilustrat perenitatea umanului \u015fi continuitatea lui, dincolo de toate decorurile cu care s-a drapat<\/p>\n<p>Istoria \u2013, contribuie \u00een mod esen\u0163ial la \u00een\u0163elegerea \u015fi receptarea cultural-spiritual\u0103 a tot ceea ce a creat umanitatea, euro-asiatic\u0103, dar \u015fi mondial\u0103, dup\u0103 prefacerea Antichit\u0103\u0163ii \u00een ceea ce i-a succedat\u201d. (Liviu Franga)<\/p>\n","protected":false},"excerpt":{"rendered":"<p>\u201e[\u2026] autorul \u00ee\u015fi dezv\u0103luie personalitatea prin stilul expresiv \u00een care \u00ee\u015fi \u00eembrac\u0103 analiza \u015ftiin\u0163ific\u0103, precum \u015fi prin reflexivitatea care \u00eenv\u0103luie cadrul strict expozitiv al unui demers axiologic profesional.\u201d (Petre Gheorghe B\u00e2rlea). \u201eAntichitatea clasic\u0103, prin multiplele ei coduri axiologice, de la o er\u0103 istoric\u0103 la alta, ca \u015fi prin exemplul destinului ei \u2013 unul care a [&hellip;]<\/p>\n","protected":false},"featured_media":22477,"comment_status":"open","ping_status":"closed","template":"","meta":[],"product_brand":[],"product_cat":[1531,856,1464,980],"product_tag":[3026,3027,3028,2246],"class_list":{"0":"post-22476","1":"product","2":"type-product","3":"status-publish","4":"has-post-thumbnail","6":"product_cat-colectii","7":"product_cat-colectia-lci-limbi-culturi-identitati","8":"product_cat-filologie","9":"product_cat-limbi-romanice-clasice-si-orientale","10":"product_tag-antichitatea-clasica","11":"product_tag-antichitati-traco-dace","12":"product_tag-filologia-clasica-romaneasca","13":"product_tag-liviu-franga","15":"first","16":"instock","17":"shipping-taxable","18":"purchasable","19":"product-type-simple"},"_links":{"self":[{"href":"https:\/\/editura-unibuc.ro\/en\/wp-json\/wp\/v2\/product\/22476","targetHints":{"allow":["GET"]}}],"collection":[{"href":"https:\/\/editura-unibuc.ro\/en\/wp-json\/wp\/v2\/product"}],"about":[{"href":"https:\/\/editura-unibuc.ro\/en\/wp-json\/wp\/v2\/types\/product"}],"replies":[{"embeddable":true,"href":"https:\/\/editura-unibuc.ro\/en\/wp-json\/wp\/v2\/comments?post=22476"}],"wp:featuredmedia":[{"embeddable":true,"href":"https:\/\/editura-unibuc.ro\/en\/wp-json\/wp\/v2\/media\/22477"}],"wp:attachment":[{"href":"https:\/\/editura-unibuc.ro\/en\/wp-json\/wp\/v2\/media?parent=22476"}],"wp:term":[{"taxonomy":"product_brand","embeddable":true,"href":"https:\/\/editura-unibuc.ro\/en\/wp-json\/wp\/v2\/product_brand?post=22476"},{"taxonomy":"product_cat","embeddable":true,"href":"https:\/\/editura-unibuc.ro\/en\/wp-json\/wp\/v2\/product_cat?post=22476"},{"taxonomy":"product_tag","embeddable":true,"href":"https:\/\/editura-unibuc.ro\/en\/wp-json\/wp\/v2\/product_tag?post=22476"}],"curies":[{"name":"wp","href":"https:\/\/api.w.org\/{rel}","templated":true}]}}