{"id":22478,"date":"2018-05-21T12:47:23","date_gmt":"2018-05-21T09:47:23","guid":{"rendered":"https:\/\/editura-unibuc.ro\/?post_type=product&#038;p=22478"},"modified":"2020-03-06T10:07:24","modified_gmt":"2020-03-06T08:07:24","slug":"nova-studia-classica-nova-series-iv-2017-lupta-cu-haosul-terminologia-cosmogoniilor-presocratice","status":"publish","type":"product","link":"https:\/\/editura-unibuc.ro\/en\/nova-studia-classica-nova-series-iv-2017-lupta-cu-haosul-terminologia-cosmogoniilor-presocratice\/","title":{"rendered":"NOVA STUDIA CLASSICA. Nova series. IV, 2017. THE BATTLE AGAINST CHAOS. The Terminology of Presocratic Cosmogonies"},"content":{"rendered":"<p>\u201eDac\u0103 balaurul este \u00eentr-adev\u0103r o form\u0103 de Haos, atunci el trebuie s\u0103 fie cumva lipsit de limit\u0103 sau s\u0103 fie cumva peren. Dup\u0103 cum vom avea ocazia s\u0103 vedem, balaurul este, stricto sensu, un monstru clasic \u015fi pe deplin muritor, dar interpret\u0103rile hagiografilor \u00eel transform\u0103 \u00een simbolul Diavolului, al p\u0103g\u00e2nismului sau al R\u0103ului \u00een genere, \u00eempotriva c\u0103rora sfin\u0163ii trebuie s\u0103 lupte la nivel spiritual.\u201d (Mihail-George H\u00e2ncu).<\/p>\n<p>\u201ePariul c\u0103r\u0163ii st\u0103 \u00een ideea, a\u015f spune chiar teza, c\u0103, \u00een viziunea extrem de original\u0103 \u2013 \u00een pofida oric\u0103ror similarit\u0103\u0163i, posibile sau intuite \u2013 a grecilor Antichit\u0103\u0163ii, cosmogonia este de v\u0103zut nu ca un act, s\u0103 zicem aproape magic, de ordonare, ca \u015fi cum s-ar roti o baghet\u0103 feeric\u0103, a elementelor (ini\u0163iale \u015fi ap\u0103rute pe parcurs) de c\u0103tre un demiurg absolut, creator al acelora, ci c\u0103 na\u015fterea lumii a \u00eensemnat o lupt\u0103, o \u00eencle\u015ftare durisim\u0103 \u00eentre non-ordine, adic\u0103 \u201ehaos\u201d \u2013 termen, de altfel \u015fi sub nicio form\u0103 \u00eent\u00e2mpl\u0103tor, pur grecesc \u2013, \u015fi elementele, probabil purcese din el, care, asociindu-se \u015fi stabiliz\u00e2ndu-se, ulterior \u015fi echilibr\u00e2ndu-se, au sf\u00e2r\u015fit prin a nega diformitatea, prin a o structura, a\u015fadar prin a da amorfului originar \u015fi diformului \u00eenf\u0103\u0163i\u015farea inteligibil\u0103, ra\u0163ionalizabil\u0103, a cosmosului, a Totului, mai mult sau mai pu\u0163in ponderat \u015fi armonios, dar logic \u015fi palpabil, ordonat \u015fi cert, pe care l-au cunoscut oamenii \u00eenceputurilor \u015fi urma\u015fii lor, a\u015fadar la scara antropogenezei universale.\u201d (Liviu Franga)<\/p>\n","protected":false},"excerpt":{"rendered":"<p>\u201eDac\u0103 balaurul este \u00eentr-adev\u0103r o form\u0103 de Haos, atunci el trebuie s\u0103 fie cumva lipsit de limit\u0103 sau s\u0103 fie cumva peren. Dup\u0103 cum vom avea ocazia s\u0103 vedem, balaurul este, stricto sensu, un monstru clasic \u015fi pe deplin muritor, dar interpret\u0103rile hagiografilor \u00eel transform\u0103 \u00een simbolul Diavolului, al p\u0103g\u00e2nismului sau al R\u0103ului \u00een genere, [&hellip;]<\/p>\n","protected":false},"featured_media":22479,"comment_status":"open","ping_status":"closed","template":"","meta":[],"product_brand":[],"product_cat":[1531,856,1464,980],"product_tag":[3030,958,3029,3031,1704],"class_list":{"0":"post-22478","1":"product","2":"type-product","3":"status-publish","4":"has-post-thumbnail","6":"product_cat-colectii","7":"product_cat-colectia-lci-limbi-culturi-identitati","8":"product_cat-filologie","9":"product_cat-limbi-romanice-clasice-si-orientale","10":"product_tag-cosmogonie","11":"product_tag-folclor","12":"product_tag-haos","13":"product_tag-sfintii-militari","14":"product_tag-studii-clasice","16":"first","17":"outofstock","18":"shipping-taxable","19":"purchasable","20":"product-type-simple"},"_links":{"self":[{"href":"https:\/\/editura-unibuc.ro\/en\/wp-json\/wp\/v2\/product\/22478","targetHints":{"allow":["GET"]}}],"collection":[{"href":"https:\/\/editura-unibuc.ro\/en\/wp-json\/wp\/v2\/product"}],"about":[{"href":"https:\/\/editura-unibuc.ro\/en\/wp-json\/wp\/v2\/types\/product"}],"replies":[{"embeddable":true,"href":"https:\/\/editura-unibuc.ro\/en\/wp-json\/wp\/v2\/comments?post=22478"}],"wp:featuredmedia":[{"embeddable":true,"href":"https:\/\/editura-unibuc.ro\/en\/wp-json\/wp\/v2\/media\/22479"}],"wp:attachment":[{"href":"https:\/\/editura-unibuc.ro\/en\/wp-json\/wp\/v2\/media?parent=22478"}],"wp:term":[{"taxonomy":"product_brand","embeddable":true,"href":"https:\/\/editura-unibuc.ro\/en\/wp-json\/wp\/v2\/product_brand?post=22478"},{"taxonomy":"product_cat","embeddable":true,"href":"https:\/\/editura-unibuc.ro\/en\/wp-json\/wp\/v2\/product_cat?post=22478"},{"taxonomy":"product_tag","embeddable":true,"href":"https:\/\/editura-unibuc.ro\/en\/wp-json\/wp\/v2\/product_tag?post=22478"}],"curies":[{"name":"wp","href":"https:\/\/api.w.org\/{rel}","templated":true}]}}