{"id":2251,"date":"2012-09-16T13:31:45","date_gmt":"2012-09-16T10:31:45","guid":{"rendered":"https:\/\/editura-unibuc.ro\/?p=2251"},"modified":"2024-04-12T11:06:44","modified_gmt":"2024-04-12T08:06:44","slug":"romania-si-procesul-constitutional-al-uniunii-europene-participarea-la-conventia-privind-viitorul-europei","status":"publish","type":"product","link":"https:\/\/editura-unibuc.ro\/en\/romania-si-procesul-constitutional-al-uniunii-europene-participarea-la-conventia-privind-viitorul-europei\/","title":{"rendered":"ROMANIA AND THE CONSTITUTIONAL PROCESS OF TH EUROPEAN UNION. ROMANIAN PARTICIPATION IN EUROPE&#8217;S FUTURE"},"content":{"rendered":"<p>\u00cen ultimii ani, discursul despre constitu\u021bionalism la nivelul UE a devenit din ce \u00een ce mai pronun\u021bat. Dezbaterea privind obiectivele Uniunii Europene a fost relansat\u0103, mai ales datorit\u0103 dificult\u0103\u021bii de a coordona extinderea UE cu men\u021binerea sau chiar cre\u0219terea nivelului de integrare. Printre problemele cele mai importante de pe agenda organelor comunitare s-a aflat, \u00een anii 90, cea a modului \u00een care ar trebui realizat\u0103 uniunea politic\u0103.<\/p>\n","protected":false},"excerpt":{"rendered":"<p>\u00cen ultimii ani, discursul despre constitu\u021bionalism la nivelul UE a devenit din ce \u00een ce mai pronun\u021bat. Dezbaterea privind obiectivele Uniunii Europene a fost relansat\u0103, mai ales datorit\u0103 dificult\u0103\u021bii de a coordona extinderea UE cu men\u021binerea sau chiar cre\u0219terea nivelului de integrare. Printre problemele cele mai importante de pe agenda organelor comunitare s-a aflat, \u00een [&hellip;]<\/p>\n","protected":false},"featured_media":10789,"comment_status":"open","ping_status":"closed","template":"","meta":[],"product_brand":[],"product_cat":[860],"product_tag":[881,932],"class_list":{"0":"post-2251","1":"product","2":"type-product","3":"status-publish","4":"has-post-thumbnail","6":"product_cat-timpul-prezent","7":"product_tag-istorie","8":"product_tag-politica","10":"first","11":"instock","12":"shipping-taxable","13":"purchasable","14":"product-type-simple"},"_links":{"self":[{"href":"https:\/\/editura-unibuc.ro\/en\/wp-json\/wp\/v2\/product\/2251","targetHints":{"allow":["GET"]}}],"collection":[{"href":"https:\/\/editura-unibuc.ro\/en\/wp-json\/wp\/v2\/product"}],"about":[{"href":"https:\/\/editura-unibuc.ro\/en\/wp-json\/wp\/v2\/types\/product"}],"replies":[{"embeddable":true,"href":"https:\/\/editura-unibuc.ro\/en\/wp-json\/wp\/v2\/comments?post=2251"}],"wp:featuredmedia":[{"embeddable":true,"href":"https:\/\/editura-unibuc.ro\/en\/wp-json\/wp\/v2\/media\/10789"}],"wp:attachment":[{"href":"https:\/\/editura-unibuc.ro\/en\/wp-json\/wp\/v2\/media?parent=2251"}],"wp:term":[{"taxonomy":"product_brand","embeddable":true,"href":"https:\/\/editura-unibuc.ro\/en\/wp-json\/wp\/v2\/product_brand?post=2251"},{"taxonomy":"product_cat","embeddable":true,"href":"https:\/\/editura-unibuc.ro\/en\/wp-json\/wp\/v2\/product_cat?post=2251"},{"taxonomy":"product_tag","embeddable":true,"href":"https:\/\/editura-unibuc.ro\/en\/wp-json\/wp\/v2\/product_tag?post=2251"}],"curies":[{"name":"wp","href":"https:\/\/api.w.org\/{rel}","templated":true}]}}