{"id":22530,"date":"2018-05-28T12:29:08","date_gmt":"2018-05-28T09:29:08","guid":{"rendered":"https:\/\/editura-unibuc.ro\/?post_type=product&#038;p=22530"},"modified":"2020-01-20T12:17:10","modified_gmt":"2020-01-20T10:17:10","slug":"aspecte-din-istoria-lexicului-limbii-romane-sfarsitul-sec-al-x-lea-inceputul-sec-al-xxi-lea","status":"publish","type":"product","link":"https:\/\/editura-unibuc.ro\/en\/aspecte-din-istoria-lexicului-limbii-romane-sfarsitul-sec-al-x-lea-inceputul-sec-al-xxi-lea\/","title":{"rendered":"ASPECTS OF THE HISTORY OF THE ROMANIAN VOCABULARY (LATE 10TH \u2013 EARLY 21ST CENTURY)"},"content":{"rendered":"<p>Din cuprins:<\/p>\n<p>\u201eDin istoria numelor duble de persoan\u0103 \u00een rom\u00e2na veche\u201d;<br \/>\n\u201eExtrase din macheta DLR XVI\u201d;<br \/>\n\u201eDin lumea culorilor lui Mihai Eminescu. O perspectiv\u0103 lingvistic\u0103\u201d;<br \/>\n\u201ePortretul unui prefixoid \u00een expansiune: ciber-\u201d;<br \/>\n\u201eDespre denumirile multiple de profesiuni \u00een rom\u00e2na actual\u0103 (2013-2017)\u201d;<br \/>\n\u201eObserva\u0163ii asupra pozi\u0163iei rom\u00e2nei printre limbile romanice\u201d.<\/p>\n<p>Autoarea face parte dintre personalit\u0103\u0163ile lingvisticii rom\u00e2ne\u015fti.<\/p>\n","protected":false},"excerpt":{"rendered":"<p>Din cuprins: \u201eDin istoria numelor duble de persoan\u0103 \u00een rom\u00e2na veche\u201d; \u201eExtrase din macheta DLR XVI\u201d; \u201eDin lumea culorilor lui Mihai Eminescu. O perspectiv\u0103 lingvistic\u0103\u201d; \u201ePortretul unui prefixoid \u00een expansiune: ciber-\u201d; \u201eDespre denumirile multiple de profesiuni \u00een rom\u00e2na actual\u0103 (2013-2017)\u201d; \u201eObserva\u0163ii asupra pozi\u0163iei rom\u00e2nei printre limbile romanice\u201d. Autoarea face parte dintre personalit\u0103\u0163ile lingvisticii rom\u00e2ne\u015fti.<\/p>\n","protected":false},"featured_media":22531,"comment_status":"open","ping_status":"closed","template":"","meta":[],"product_brand":[],"product_cat":[1531,2509,1464,979],"product_tag":[2512,1400,895],"class_list":{"0":"post-22530","1":"product","2":"type-product","3":"status-publish","4":"has-post-thumbnail","6":"product_cat-colectii","7":"product_cat-personalitati-ale-universitatii-din-bucuresti","8":"product_cat-filologie","9":"product_cat-limba-romana","10":"product_tag-istoria-limbii-romane","11":"product_tag-lexicologie","12":"product_tag-lingvistica","14":"first","15":"outofstock","16":"shipping-taxable","17":"purchasable","18":"product-type-simple"},"_links":{"self":[{"href":"https:\/\/editura-unibuc.ro\/en\/wp-json\/wp\/v2\/product\/22530","targetHints":{"allow":["GET"]}}],"collection":[{"href":"https:\/\/editura-unibuc.ro\/en\/wp-json\/wp\/v2\/product"}],"about":[{"href":"https:\/\/editura-unibuc.ro\/en\/wp-json\/wp\/v2\/types\/product"}],"replies":[{"embeddable":true,"href":"https:\/\/editura-unibuc.ro\/en\/wp-json\/wp\/v2\/comments?post=22530"}],"wp:featuredmedia":[{"embeddable":true,"href":"https:\/\/editura-unibuc.ro\/en\/wp-json\/wp\/v2\/media\/22531"}],"wp:attachment":[{"href":"https:\/\/editura-unibuc.ro\/en\/wp-json\/wp\/v2\/media?parent=22530"}],"wp:term":[{"taxonomy":"product_brand","embeddable":true,"href":"https:\/\/editura-unibuc.ro\/en\/wp-json\/wp\/v2\/product_brand?post=22530"},{"taxonomy":"product_cat","embeddable":true,"href":"https:\/\/editura-unibuc.ro\/en\/wp-json\/wp\/v2\/product_cat?post=22530"},{"taxonomy":"product_tag","embeddable":true,"href":"https:\/\/editura-unibuc.ro\/en\/wp-json\/wp\/v2\/product_tag?post=22530"}],"curies":[{"name":"wp","href":"https:\/\/api.w.org\/{rel}","templated":true}]}}