{"id":22557,"date":"2018-05-30T15:18:19","date_gmt":"2018-05-30T12:18:19","guid":{"rendered":"https:\/\/editura-unibuc.ro\/?post_type=product&#038;p=22557"},"modified":"2025-08-28T10:40:22","modified_gmt":"2025-08-28T07:40:22","slug":"bucharest-student-letters-colloquia-colocviile-studentesti-ale-facultatii-de-litere-best-letters-colloquia-volumul-iv-2017","status":"publish","type":"product","link":"https:\/\/editura-unibuc.ro\/en\/bucharest-student-letters-colloquia-colocviile-studentesti-ale-facultatii-de-litere-best-letters-colloquia-volumul-iv-2017\/","title":{"rendered":"BUCHAREST STUDENT LETTERS COLLOQUIA. COLOCVIILE STUDEN\u0162E\u015eTI ALE FACULT\u0102\u0162II DE LITERE (Best Letters Colloquia). VOLUMUL IV\/2017."},"content":{"rendered":"<p>Lucr\u0103rile premiate \u00een cadrul celor 5 mari sec\u0163iuni ale colocviului (\u201eStudii literare\u201d, \u201eStudii de lingvistic\u0103\u201d, \u201eStudii culturale\u201d, \u201e\u015etiin\u0163e ale comunic\u0103rii\u201d \u015fi \u201e\u015etiin\u0163e administrative\u201d), ajuns la cea de-a IV-a edi\u0163ie \u00een anul 2017, sunt \u00eenso\u0163ite de prezentarea de ansamblu a domeniului, pus\u0103 \u00een pagin\u0103 de profesorul (din comitetul \u015ftiin\u0163ific) care s-a ocupat de gestionarea respectivei direc\u0163ii tematice.<\/p>\n","protected":false},"excerpt":{"rendered":"<p>Lucr\u0103rile premiate \u00een cadrul celor 5 mari sec\u0163iuni ale colocviului (\u201eStudii literare\u201d, \u201eStudii de lingvistic\u0103\u201d, \u201eStudii culturale\u201d, \u201e\u015etiin\u0163e ale comunic\u0103rii\u201d \u015fi \u201e\u015etiin\u0163e administrative\u201d), ajuns la cea de-a IV-a edi\u0163ie \u00een anul 2017, sunt \u00eenso\u0163ite de prezentarea de ansamblu a domeniului, pus\u0103 \u00een pagin\u0103 de profesorul (din comitetul \u015ftiin\u0163ific) care s-a ocupat de gestionarea respectivei direc\u0163ii [&hellip;]<\/p>\n","protected":false},"featured_media":22556,"comment_status":"open","ping_status":"closed","template":"","meta":[],"product_brand":[],"product_cat":[3906,3823,3039,1464,976,977,979,978,980,981,1469],"product_tag":[3041,3040,1176],"class_list":{"0":"post-22557","1":"product","2":"type-product","3":"status-publish","4":"has-post-thumbnail","6":"product_cat-lucrari-congrese","7":"product_cat-stiinte-umane","8":"product_cat-best-letters-colloquia","9":"product_cat-filologie","10":"product_cat-limba-engleza","11":"product_cat-limba-franceza","12":"product_cat-limba-romana","13":"product_cat-germanic-languages","14":"product_cat-limbi-romanice-clasice-si-orientale","15":"product_cat-limbi-slave","16":"product_cat-periodice","17":"product_tag-stiinte-ale-comunicarii","18":"product_tag-studii-de-lingvistica-studii-culturale","19":"product_tag-studii-literare","21":"first","22":"instock","23":"shipping-taxable","24":"purchasable","25":"product-type-simple"},"_links":{"self":[{"href":"https:\/\/editura-unibuc.ro\/en\/wp-json\/wp\/v2\/product\/22557","targetHints":{"allow":["GET"]}}],"collection":[{"href":"https:\/\/editura-unibuc.ro\/en\/wp-json\/wp\/v2\/product"}],"about":[{"href":"https:\/\/editura-unibuc.ro\/en\/wp-json\/wp\/v2\/types\/product"}],"replies":[{"embeddable":true,"href":"https:\/\/editura-unibuc.ro\/en\/wp-json\/wp\/v2\/comments?post=22557"}],"wp:featuredmedia":[{"embeddable":true,"href":"https:\/\/editura-unibuc.ro\/en\/wp-json\/wp\/v2\/media\/22556"}],"wp:attachment":[{"href":"https:\/\/editura-unibuc.ro\/en\/wp-json\/wp\/v2\/media?parent=22557"}],"wp:term":[{"taxonomy":"product_brand","embeddable":true,"href":"https:\/\/editura-unibuc.ro\/en\/wp-json\/wp\/v2\/product_brand?post=22557"},{"taxonomy":"product_cat","embeddable":true,"href":"https:\/\/editura-unibuc.ro\/en\/wp-json\/wp\/v2\/product_cat?post=22557"},{"taxonomy":"product_tag","embeddable":true,"href":"https:\/\/editura-unibuc.ro\/en\/wp-json\/wp\/v2\/product_tag?post=22557"}],"curies":[{"name":"wp","href":"https:\/\/api.w.org\/{rel}","templated":true}]}}