{"id":2257,"date":"2012-09-16T13:38:42","date_gmt":"2012-09-16T10:38:42","guid":{"rendered":"https:\/\/editura-unibuc.ro\/?p=2257"},"modified":"2024-03-27T12:37:10","modified_gmt":"2024-03-27T10:37:10","slug":"romania-si-proiectul-european-disfunctii-si-ambitii","status":"publish","type":"product","link":"https:\/\/editura-unibuc.ro\/en\/romania-si-proiectul-european-disfunctii-si-ambitii\/","title":{"rendered":"ROMANIA AND TH EUROPEAN PROJECT. DISFUNCTIONS AND AMBITIONS"},"content":{"rendered":"<p>Textul (care ia \u00een considerare \u0219i unele evolu\u021bii semnificative ulterioare intervalului de timp precizat) \u00ee\u0219i propune s\u0103 developeze \u00een premier\u0103 o radiografie necesar\u0103 a momentului istoric, bazat\u0103 pe documentele comunic\u0103rii dintre oameni \u0219i numai derivativ pe volumul imens de informa\u021bie, tehnic\u0103 a negocierilor pentru aderare. Studiul a fost realizat \u00een cadrul programului \u201cHarta actorilor \u0219i problemelor ader\u0103rii Rom\u00e2niei la Uniunea European\u0103\u201d, finan\u021bat de Funda\u021bia pentru o Societate Deschis\u0103 \u0219i UE (februarie-noiembrie 2002), iar autorul a am\u00e2nat publicarea tocmai pentru a accentua compara\u021bia politicilor interne rom\u00e2ne\u0219ti: din pre- \u0219i post-aderare.<\/p>\n","protected":false},"excerpt":{"rendered":"<p>Textul (care ia \u00een considerare \u0219i unele evolu\u021bii semnificative ulterioare intervalului de timp precizat) \u00ee\u0219i propune s\u0103 developeze \u00een premier\u0103 o radiografie necesar\u0103 a momentului istoric, bazat\u0103 pe documentele comunic\u0103rii dintre oameni \u0219i numai derivativ pe volumul imens de informa\u021bie, tehnic\u0103 a negocierilor pentru aderare. Studiul a fost realizat \u00een cadrul programului \u201cHarta actorilor \u0219i [&hellip;]<\/p>\n","protected":false},"featured_media":10786,"comment_status":"open","ping_status":"closed","template":"","meta":[],"product_brand":[],"product_cat":[860],"product_tag":[931,881,930],"class_list":{"0":"post-2257","1":"product","2":"type-product","3":"status-publish","4":"has-post-thumbnail","6":"product_cat-timpul-prezent","7":"product_tag-europa","8":"product_tag-istorie","9":"product_tag-romania","11":"first","12":"outofstock","13":"shipping-taxable","14":"purchasable","15":"product-type-simple"},"_links":{"self":[{"href":"https:\/\/editura-unibuc.ro\/en\/wp-json\/wp\/v2\/product\/2257","targetHints":{"allow":["GET"]}}],"collection":[{"href":"https:\/\/editura-unibuc.ro\/en\/wp-json\/wp\/v2\/product"}],"about":[{"href":"https:\/\/editura-unibuc.ro\/en\/wp-json\/wp\/v2\/types\/product"}],"replies":[{"embeddable":true,"href":"https:\/\/editura-unibuc.ro\/en\/wp-json\/wp\/v2\/comments?post=2257"}],"wp:featuredmedia":[{"embeddable":true,"href":"https:\/\/editura-unibuc.ro\/en\/wp-json\/wp\/v2\/media\/10786"}],"wp:attachment":[{"href":"https:\/\/editura-unibuc.ro\/en\/wp-json\/wp\/v2\/media?parent=2257"}],"wp:term":[{"taxonomy":"product_brand","embeddable":true,"href":"https:\/\/editura-unibuc.ro\/en\/wp-json\/wp\/v2\/product_brand?post=2257"},{"taxonomy":"product_cat","embeddable":true,"href":"https:\/\/editura-unibuc.ro\/en\/wp-json\/wp\/v2\/product_cat?post=2257"},{"taxonomy":"product_tag","embeddable":true,"href":"https:\/\/editura-unibuc.ro\/en\/wp-json\/wp\/v2\/product_tag?post=2257"}],"curies":[{"name":"wp","href":"https:\/\/api.w.org\/{rel}","templated":true}]}}