{"id":2268,"date":"2012-09-16T14:00:57","date_gmt":"2012-09-16T11:00:57","guid":{"rendered":"https:\/\/editura-unibuc.ro\/?p=2268"},"modified":"2025-08-28T12:25:45","modified_gmt":"2025-08-28T09:25:45","slug":"universitateadinbucuresti-modele-si-traiectorii-postcomuniste-1990-1996-colectia-timpul-prezent","status":"publish","type":"product","link":"https:\/\/editura-unibuc.ro\/en\/universitateadinbucuresti-modele-si-traiectorii-postcomuniste-1990-1996-colectia-timpul-prezent\/","title":{"rendered":"BUCHAREST UNIVERSITY. POSTCOMMUNIST MODELS AND TRAJECTORIES (1990-1996)"},"content":{"rendered":"<p>\u00cen Rom\u00e2nia anilor 1990, universitatea are rolul de a forma cet\u0103\u021benii unui stat democratic \u00een tradi\u021bia universit\u0103\u021bii napoleoniene. Aceast\u0103 asumare a misiunii de formare a cet\u0103\u021beanului presupune existen\u021ba unui anumit tip de raport \u00eentre universitate \u0219i politic. \u00cen cazul nostru, aceast\u0103 misiune r\u0103m\u00e2ne la nivel de ideal, nefiind dublat\u0103 de voin\u021ba \u0219i ac\u021biunea politic\u0103 astfel \u00eenc\u00e2t priorit\u0103\u021bile universit\u0103\u021bii s\u0103 devin\u0103 priorit\u0103\u021bi na\u021bionale \u00een procesul de reconstruc\u021bie democratic\u0103. O universitate trebuie s\u0103 asigure o continuitate \u00een ceea ce prive\u0219te func\u021bia primar\u0103 de c\u0103utare a adev\u0103rului.<\/p>","protected":false},"excerpt":{"rendered":"<p>\u00cen Rom\u00e2nia anilor 1990, universitatea are rolul de a forma cet\u0103\u021benii unui stat democratic \u00een tradi\u021bia universit\u0103\u021bii napoleoniene. Aceast\u0103 asumare a misiunii de formare a cet\u0103\u021beanului presupune existen\u021ba unui anumit tip de raport \u00eentre universitate \u0219i politic. \u00cen cazul nostru, aceast\u0103 misiune r\u0103m\u00e2ne la nivel de ideal, nefiind dublat\u0103 de voin\u021ba \u0219i ac\u021biunea politic\u0103 astfel [&hellip;]<\/p>\n","protected":false},"featured_media":10781,"comment_status":"open","ping_status":"closed","template":"","meta":[],"product_brand":[],"product_cat":[860],"product_tag":[927,928],"class_list":{"0":"post-2268","1":"product","2":"type-product","3":"status-publish","4":"has-post-thumbnail","6":"product_cat-timpul-prezent","7":"product_tag-postcomunism","8":"product_tag-universitate","10":"first","11":"instock","12":"shipping-taxable","13":"purchasable","14":"product-type-simple"},"_links":{"self":[{"href":"https:\/\/editura-unibuc.ro\/en\/wp-json\/wp\/v2\/product\/2268","targetHints":{"allow":["GET"]}}],"collection":[{"href":"https:\/\/editura-unibuc.ro\/en\/wp-json\/wp\/v2\/product"}],"about":[{"href":"https:\/\/editura-unibuc.ro\/en\/wp-json\/wp\/v2\/types\/product"}],"replies":[{"embeddable":true,"href":"https:\/\/editura-unibuc.ro\/en\/wp-json\/wp\/v2\/comments?post=2268"}],"wp:featuredmedia":[{"embeddable":true,"href":"https:\/\/editura-unibuc.ro\/en\/wp-json\/wp\/v2\/media\/10781"}],"wp:attachment":[{"href":"https:\/\/editura-unibuc.ro\/en\/wp-json\/wp\/v2\/media?parent=2268"}],"wp:term":[{"taxonomy":"product_brand","embeddable":true,"href":"https:\/\/editura-unibuc.ro\/en\/wp-json\/wp\/v2\/product_brand?post=2268"},{"taxonomy":"product_cat","embeddable":true,"href":"https:\/\/editura-unibuc.ro\/en\/wp-json\/wp\/v2\/product_cat?post=2268"},{"taxonomy":"product_tag","embeddable":true,"href":"https:\/\/editura-unibuc.ro\/en\/wp-json\/wp\/v2\/product_tag?post=2268"}],"curies":[{"name":"wp","href":"https:\/\/api.w.org\/{rel}","templated":true}]}}