{"id":22685,"date":"2018-06-27T18:42:29","date_gmt":"2018-06-27T15:42:29","guid":{"rendered":"https:\/\/editura-unibuc.ro\/?post_type=product&#038;p=22685"},"modified":"2018-11-07T23:25:04","modified_gmt":"2018-11-07T21:25:04","slug":"dimensiune-de-gen-si-munca-in-jurnalism","status":"publish","type":"product","link":"https:\/\/editura-unibuc.ro\/en\/dimensiune-de-gen-si-munca-in-jurnalism\/","title":{"rendered":"GENDER DIMENSION AND WORK IN JOURNALISM"},"content":{"rendered":"<p>\u201eLucrarea se plaseaz\u0103 \u00eentr-un c\u00e2mp de investiga\u0163ie actual \u015fi oportun pentru cercetarea rom\u00e2neasc\u0103 din domeniile \u015ftiin\u0163elor socio-umane. Analiza feminist\u0103 \u015fi transversalitatea dimensiunii de gen \u00een raporturile de familie, \u00een via\u0163a profesional\u0103 \u015fi \u00een sfera public\u0103 constituie ast\u0103zi o perspectiv\u0103 inconturabil\u0103 dat fiind c\u0103 raporturile sociale de sex reprezint\u0103 rela\u0163ii esen\u0163iale ale societ\u0103\u0163ii noastre. Cercetarea eviden\u0163iaz\u0103 faptul c\u0103 activitatea jurnalistic\u0103, \u00een ciuda feminiz\u0103rii accelerate la nivel de formare, dar \u015fi de prezen\u0163\u0103 \u00een organiza\u0163ii, este marcat\u0103 de un ethos masculinizat \u015fi c\u0103 \u00een cadrul organiza\u0163iilor pot fi reperate multiple practici ce produc discriminarea jurnalistelor\u201d. (Daniela Roven\u0163a-Frumu\u015fani)<\/p>\n","protected":false},"excerpt":{"rendered":"<p>\u201eLucrarea se plaseaz\u0103 \u00eentr-un c\u00e2mp de investiga\u0163ie actual \u015fi oportun pentru cercetarea rom\u00e2neasc\u0103 din domeniile \u015ftiin\u0163elor socio-umane. Analiza feminist\u0103 \u015fi transversalitatea dimensiunii de gen \u00een raporturile de familie, \u00een via\u0163a profesional\u0103 \u015fi \u00een sfera public\u0103 constituie ast\u0103zi o perspectiv\u0103 inconturabil\u0103 dat fiind c\u0103 raporturile sociale de sex reprezint\u0103 rela\u0163ii esen\u0163iale ale societ\u0103\u0163ii noastre. Cercetarea eviden\u0163iaz\u0103 [&hellip;]<\/p>\n","protected":false},"featured_media":22686,"comment_status":"open","ping_status":"closed","template":"","meta":[],"product_brand":[],"product_cat":[1531,2581,991,996],"product_tag":[3044,1100,1779,3043,3042],"class_list":{"0":"post-22685","1":"product","2":"type-product","3":"status-publish","4":"has-post-thumbnail","6":"product_cat-colectii","7":"product_cat-cultura-si-comunicare","8":"product_cat-stiinte-sociale","9":"product_cat-jurnalism-si-stiintele-comunicarii","10":"product_tag-cariera","11":"product_tag-jurnalism","12":"product_tag-jurnalism-si-stiintele-comunicarii","13":"product_tag-responsabilitati","14":"product_tag-studii-de-gen","16":"first","17":"instock","18":"shipping-taxable","19":"purchasable","20":"product-type-simple"},"_links":{"self":[{"href":"https:\/\/editura-unibuc.ro\/en\/wp-json\/wp\/v2\/product\/22685","targetHints":{"allow":["GET"]}}],"collection":[{"href":"https:\/\/editura-unibuc.ro\/en\/wp-json\/wp\/v2\/product"}],"about":[{"href":"https:\/\/editura-unibuc.ro\/en\/wp-json\/wp\/v2\/types\/product"}],"replies":[{"embeddable":true,"href":"https:\/\/editura-unibuc.ro\/en\/wp-json\/wp\/v2\/comments?post=22685"}],"wp:featuredmedia":[{"embeddable":true,"href":"https:\/\/editura-unibuc.ro\/en\/wp-json\/wp\/v2\/media\/22686"}],"wp:attachment":[{"href":"https:\/\/editura-unibuc.ro\/en\/wp-json\/wp\/v2\/media?parent=22685"}],"wp:term":[{"taxonomy":"product_brand","embeddable":true,"href":"https:\/\/editura-unibuc.ro\/en\/wp-json\/wp\/v2\/product_brand?post=22685"},{"taxonomy":"product_cat","embeddable":true,"href":"https:\/\/editura-unibuc.ro\/en\/wp-json\/wp\/v2\/product_cat?post=22685"},{"taxonomy":"product_tag","embeddable":true,"href":"https:\/\/editura-unibuc.ro\/en\/wp-json\/wp\/v2\/product_tag?post=22685"}],"curies":[{"name":"wp","href":"https:\/\/api.w.org\/{rel}","templated":true}]}}