{"id":22687,"date":"2018-06-27T18:44:16","date_gmt":"2018-06-27T15:44:16","guid":{"rendered":"https:\/\/editura-unibuc.ro\/?post_type=product&#038;p=22687"},"modified":"2025-08-28T10:25:02","modified_gmt":"2025-08-28T07:25:02","slug":"apozitia-nominala-in-limba-romana-veche-secolele-al-xvi-lea-al-xviii-lea","status":"publish","type":"product","link":"https:\/\/editura-unibuc.ro\/en\/apozitia-nominala-in-limba-romana-veche-secolele-al-xvi-lea-al-xviii-lea\/","title":{"rendered":"NOMINAL APPOSITION IN OLD ROMANIAN"},"content":{"rendered":"<p>\u201eCartea Georgianei P\u00eervule\u0163 trateaz\u0103 un subiect dificil \u015fi extrem de interesant, pun\u00e2nd \u00een rela\u0163ie aspecte sintactice, semantice \u015fi pragmatice ale unei structuri lingvistice complexe, pe care o urm\u0103re\u015fte \u00een diacronie. A descrie statutul aparte al apozi\u0163iei este pentru autoare un bun prilej de a atrage aten\u0163ia asupra multor probleme spinoase ale lingvisticii: limitele sintaxei, rela\u0163ia dintre subordonare \u015fi coordonare, raportul dintre rela\u0163iile strict sintactice \u015fi fenomenele cu component\u0103 discursiv\u0103 (inciden\u0163\u0103, anafor\u0103 etc.). Autoarea dezbate toate aceste aspecte controversate, reu\u015find \u00een acela\u015fi timp s\u0103 ofere \u2013 \u00eentr-o lucrare remarcabil\u0103 prin spiritul s\u0103u sistematic, prin claritate \u015fi rigoare \u00een enun\u0163area \u015fi argumentarea ideilor \u015fi \u00een formularea concluziilor \u2013 o imagine detaliat\u0103 a formelor \u015fi a func\u0163iilor apozi\u0163iei \u00een textele rom\u00e2ne\u015fti vechi, din secolele XVI-XVIII. Avem \u00een fa\u0163\u0103 o lucrare foarte bine documentat\u0103, bogat\u0103 \u00een informa\u0163ii \u015fi \u00een contribu\u0163ii personale (noutatea abord\u0103rii sale este evident\u0103 at\u00e2t \u00een plan teoretic, c\u00e2t \u015fi prin mul\u0163imea datelor diacronice pe care le furnizeaz\u0103), care va deveni un titlu obligatoriu \u00een bibliografia apozi\u0163iei rom\u00e2ne\u015fti.\u201d (Rodica Zafiu)<\/p>\n","protected":false},"excerpt":{"rendered":"<p>\u201eCartea Georgianei P\u00eervule\u0163 trateaz\u0103 un subiect dificil \u015fi extrem de interesant, pun\u00e2nd \u00een rela\u0163ie aspecte sintactice, semantice \u015fi pragmatice ale unei structuri lingvistice complexe, pe care o urm\u0103re\u015fte \u00een diacronie. A descrie statutul aparte al apozi\u0163iei este pentru autoare un bun prilej de a atrage aten\u0163ia asupra multor probleme spinoase ale lingvisticii: limitele sintaxei, rela\u0163ia [&hellip;]<\/p>\n","protected":false},"featured_media":22688,"comment_status":"open","ping_status":"closed","template":"","meta":[],"product_brand":[],"product_cat":[1531,2756,1464,979],"product_tag":[3045,866,1223,1430],"class_list":{"0":"post-22687","1":"product","2":"type-product","3":"status-publish","4":"has-post-thumbnail","6":"product_cat-colectii","7":"product_cat-lingvistica-lingua","8":"product_cat-filologie","9":"product_cat-limba-romana","10":"product_tag-apozitie-nominala","11":"product_tag-limba-romana-veche","12":"product_tag-pragmatica","13":"product_tag-semantica","15":"first","16":"instock","17":"shipping-taxable","18":"purchasable","19":"product-type-simple"},"_links":{"self":[{"href":"https:\/\/editura-unibuc.ro\/en\/wp-json\/wp\/v2\/product\/22687","targetHints":{"allow":["GET"]}}],"collection":[{"href":"https:\/\/editura-unibuc.ro\/en\/wp-json\/wp\/v2\/product"}],"about":[{"href":"https:\/\/editura-unibuc.ro\/en\/wp-json\/wp\/v2\/types\/product"}],"replies":[{"embeddable":true,"href":"https:\/\/editura-unibuc.ro\/en\/wp-json\/wp\/v2\/comments?post=22687"}],"wp:featuredmedia":[{"embeddable":true,"href":"https:\/\/editura-unibuc.ro\/en\/wp-json\/wp\/v2\/media\/22688"}],"wp:attachment":[{"href":"https:\/\/editura-unibuc.ro\/en\/wp-json\/wp\/v2\/media?parent=22687"}],"wp:term":[{"taxonomy":"product_brand","embeddable":true,"href":"https:\/\/editura-unibuc.ro\/en\/wp-json\/wp\/v2\/product_brand?post=22687"},{"taxonomy":"product_cat","embeddable":true,"href":"https:\/\/editura-unibuc.ro\/en\/wp-json\/wp\/v2\/product_cat?post=22687"},{"taxonomy":"product_tag","embeddable":true,"href":"https:\/\/editura-unibuc.ro\/en\/wp-json\/wp\/v2\/product_tag?post=22687"}],"curies":[{"name":"wp","href":"https:\/\/api.w.org\/{rel}","templated":true}]}}