{"id":22719,"date":"2018-07-05T12:08:31","date_gmt":"2018-07-05T09:08:31","guid":{"rendered":"https:\/\/editura-unibuc.ro\/?post_type=product&#038;p=22719"},"modified":"2025-08-28T12:12:15","modified_gmt":"2025-08-28T09:12:15","slug":"samblances-images-animees-dans-le-roman-francais-medieval","status":"publish","type":"product","link":"https:\/\/editura-unibuc.ro\/en\/samblances-images-animees-dans-le-roman-francais-medieval\/","title":{"rendered":"<i>SAMBLANCES :<\/i> IMAGES ANIM\u00c9ES DANS LE ROMAN FRAN\u00c7AIS M\u00c9DI\u00c9VAL"},"content":{"rendered":"<p><\/p>\n<hr \/>\n<p><strong><a href=\"https:\/\/books.google.ro\/books\/about?id=w5ZdEAAAQBAJ&amp;redir_esc=y\" target=\"_blank\" rel=\"noopener\"><img decoding=\"async\" src=\"https:\/\/editura-unibuc.ro\/wp-content\/uploads\/2025\/04\/goo.png\" \/>Google Books<\/a><\/strong><br \/>&nbsp;<\/p>\n<hr \/>\n<p>Ce livre s\u2019int\u00e9resse aux apparitions des \u201cymages\u201d anim\u00e9es dans sept romans m\u00e9di\u00e9vaux fran\u00e7ais et dans les enluminures qui les accompagnent. Les premiers sont des \u00abromans d\u2019Antiquit\u00e9\u00bb: Le <em>Roman de Troie<\/em> de Beno\u00eet de Sainte-Maure, <em>Le Roman d\u2019Alexandre,<\/em> \u00e9crit par Alexandre de Paris. La mati\u00e8re arthurienne y est repr\u00e9sent\u00e9e par quatre romans du XIII-eme si\u00e8cle: le <em>Lancelot en Prose<\/em>, <em>Le Haut Livre du Graal <\/em>ou<em> Perlesvaus<\/em>, <em>Le Livre du Graal<\/em>,<\/p>\n<p><em>Joseph d\u2019Arimathie<\/em> et le seul roman arthurien \u00e9crit en langue d\u2019oc, <em>Le Roman de Jaufr\u00e9<\/em>.<\/p>","protected":false},"excerpt":{"rendered":"<p>Google Books&nbsp; Ce livre s\u2019int\u00e9resse aux apparitions des \u201cymages\u201d anim\u00e9es dans sept romans m\u00e9di\u00e9vaux fran\u00e7ais et dans les enluminures qui les accompagnent. Les premiers sont des \u00abromans d\u2019Antiquit\u00e9\u00bb: Le Roman de Troie de Beno\u00eet de Sainte-Maure, Le Roman d\u2019Alexandre, \u00e9crit par Alexandre de Paris. La mati\u00e8re arthurienne y est repr\u00e9sent\u00e9e par quatre romans du XIII-eme [&hellip;]<\/p>\n","protected":false},"featured_media":22720,"comment_status":"open","ping_status":"closed","template":"","meta":[],"product_brand":[],"product_cat":[1531,856,1464,977],"product_tag":[2732,3047,3048,2832,1168,3046],"class_list":{"0":"post-22719","1":"product","2":"type-product","3":"status-publish","4":"has-post-thumbnail","6":"product_cat-colectii","7":"product_cat-colectia-lci-limbi-culturi-identitati","8":"product_cat-filologie","9":"product_cat-limba-franceza","10":"product_tag-alexandra-ilina","11":"product_tag-arthurien","12":"product_tag-automates","13":"product_tag-graal","14":"product_tag-limba-franceza","15":"product_tag-roman-francais-medieval","17":"first","18":"instock","19":"shipping-taxable","20":"purchasable","21":"product-type-simple"},"_links":{"self":[{"href":"https:\/\/editura-unibuc.ro\/en\/wp-json\/wp\/v2\/product\/22719","targetHints":{"allow":["GET"]}}],"collection":[{"href":"https:\/\/editura-unibuc.ro\/en\/wp-json\/wp\/v2\/product"}],"about":[{"href":"https:\/\/editura-unibuc.ro\/en\/wp-json\/wp\/v2\/types\/product"}],"replies":[{"embeddable":true,"href":"https:\/\/editura-unibuc.ro\/en\/wp-json\/wp\/v2\/comments?post=22719"}],"wp:featuredmedia":[{"embeddable":true,"href":"https:\/\/editura-unibuc.ro\/en\/wp-json\/wp\/v2\/media\/22720"}],"wp:attachment":[{"href":"https:\/\/editura-unibuc.ro\/en\/wp-json\/wp\/v2\/media?parent=22719"}],"wp:term":[{"taxonomy":"product_brand","embeddable":true,"href":"https:\/\/editura-unibuc.ro\/en\/wp-json\/wp\/v2\/product_brand?post=22719"},{"taxonomy":"product_cat","embeddable":true,"href":"https:\/\/editura-unibuc.ro\/en\/wp-json\/wp\/v2\/product_cat?post=22719"},{"taxonomy":"product_tag","embeddable":true,"href":"https:\/\/editura-unibuc.ro\/en\/wp-json\/wp\/v2\/product_tag?post=22719"}],"curies":[{"name":"wp","href":"https:\/\/api.w.org\/{rel}","templated":true}]}}