{"id":22721,"date":"2018-07-05T12:12:23","date_gmt":"2018-07-05T09:12:23","guid":{"rendered":"https:\/\/editura-unibuc.ro\/?post_type=product&#038;p=22721"},"modified":"2018-07-05T12:12:23","modified_gmt":"2018-07-05T09:12:23","slug":"post-imperium-ideea-rusa-a-secolului-al-xxi-lea","status":"publish","type":"product","link":"https:\/\/editura-unibuc.ro\/en\/post-imperium-ideea-rusa-a-secolului-al-xxi-lea\/","title":{"rendered":"POST-IMPERIUM, IDEEA RUS\u0102 A SECOLULUI AL XXI-LEA"},"content":{"rendered":"<p>Racordat\u0103 la o perioad\u0103 care cuprinde mai mult de un mileniu din devenirea Rusiei, lucrarea prezint\u0103 dintr-o perspectiv\u0103 integrat\u0103 &#8211; geoistoric\u0103, geocultural\u0103 \u0219i geolingvistic\u0103 &#8211; o succesiune de provoc\u0103ri \u0219i riposte civiliza\u021bionale care au influen\u021bat major civiliza\u021bia rus\u0103. Pornind de la provocarea bizantin\u0103, care a avut ca ripost\u0103 cre\u0219tinarea ru\u0219ilor (988), lucrarea analizeaz\u0103 ripostele la provocarea Marii Schisme (1054), c\u0103reia i se va adauga provocarea catolic\u0103 cu origini \u00een Cruciada a IV-a (1204). Ulterior, pe fondul provoc\u0103rii mongole (1240-1480), dup\u0103 Conciliul de la Floren\u021ba (1439) \u0219i c\u0103derea Constantinopolului (1453) este analizat\u0103 riposta civiliza\u021bional\u0103 rus\u0103 la provocarea occidental\u0103. Instrumentul de cercetare folosit este mitul \u201cMoscova &#8211; a Treia Rom\u0103\u201d ca principal determinant al ideii ortodoxe, ideea <em>imperium<\/em> (cu varianta neo-<em>imperium<\/em> corespunz\u0103toare epocii comuniste), iar ast\u0103zi, ideea <em>post<\/em>&#8211;<em>imperium,<\/em> ca prim\u0103 faz\u0103 a unei mari idei ruse contemporane.<\/p>\n<p>Cristian Chirca a absolvit \u00een anul 2011 Facultatea de Limbi \u0219i Literaturi Str\u0103ine, sec\u021bia filologie rus\u0103, din cadrul Universit\u0103\u021bii din Bucure\u0219ti. Dup\u0103 finalizarea studiilor masterale Studii de Cultur\u0103 Rus\u0103 \u0219i Limba Rus\u0103 pentru Afaceri, \u00een anul 2013, a parcurs timp de trei ani cursurile \u0218colii Doctorale de Studii Literare \u0219i Culturale, iar \u00een anul 2016 i s-a acordat titlul de doctor \u00een filologie cu calificativul \u201eExcelent\u201d. \u00cen toat\u0103 aceast\u0103 perioad\u0103 de formare intelectual\u0103 continu\u0103, drumul spre cunoa\u0219terea \u0219i \u00een\u021belegerea marii culturi ruse i-a fost c\u0103l\u0103uzit de prof. univ. dr. Antoaneta Olteanu. \u00cen prezent, Cristian Chirca este asistent cercet\u0103tor la Institutul Revolu\u021biei Rom\u00e2ne din Decembrie 1989.<\/p>\n","protected":false},"excerpt":{"rendered":"<p>Racordat\u0103 la o perioad\u0103 care cuprinde mai mult de un mileniu din devenirea Rusiei, lucrarea prezint\u0103 dintr-o perspectiv\u0103 integrat\u0103 &#8211; geoistoric\u0103, geocultural\u0103 \u0219i geolingvistic\u0103 &#8211; o succesiune de provoc\u0103ri \u0219i riposte civiliza\u021bionale care au influen\u021bat major civiliza\u021bia rus\u0103. Pornind de la provocarea bizantin\u0103, care a avut ca ripost\u0103 cre\u0219tinarea ru\u0219ilor (988), lucrarea analizeaz\u0103 ripostele la [&hellip;]<\/p>\n","protected":false},"featured_media":22722,"comment_status":"open","ping_status":"closed","template":"","meta":[],"product_brand":[],"product_cat":[1531,1471,1464,981],"product_tag":[2667,3049,2127,3050,3051,3052,2272],"class_list":{"0":"post-22721","1":"product","2":"type-product","3":"status-publish","4":"has-post-thumbnail","6":"product_cat-colectii","7":"product_cat-colectia-teze-de-doctorat","8":"product_cat-filologie","9":"product_cat-limbi-slave","10":"product_tag-catolicism","11":"product_tag-cristian-chirca","12":"product_tag-cultura-rusa","13":"product_tag-istoria-rusiei","14":"product_tag-marea-schisma","15":"product_tag-occident-si-orient","16":"product_tag-ortodoxie","18":"first","19":"instock","20":"shipping-taxable","21":"purchasable","22":"product-type-simple"},"_links":{"self":[{"href":"https:\/\/editura-unibuc.ro\/en\/wp-json\/wp\/v2\/product\/22721","targetHints":{"allow":["GET"]}}],"collection":[{"href":"https:\/\/editura-unibuc.ro\/en\/wp-json\/wp\/v2\/product"}],"about":[{"href":"https:\/\/editura-unibuc.ro\/en\/wp-json\/wp\/v2\/types\/product"}],"replies":[{"embeddable":true,"href":"https:\/\/editura-unibuc.ro\/en\/wp-json\/wp\/v2\/comments?post=22721"}],"wp:featuredmedia":[{"embeddable":true,"href":"https:\/\/editura-unibuc.ro\/en\/wp-json\/wp\/v2\/media\/22722"}],"wp:attachment":[{"href":"https:\/\/editura-unibuc.ro\/en\/wp-json\/wp\/v2\/media?parent=22721"}],"wp:term":[{"taxonomy":"product_brand","embeddable":true,"href":"https:\/\/editura-unibuc.ro\/en\/wp-json\/wp\/v2\/product_brand?post=22721"},{"taxonomy":"product_cat","embeddable":true,"href":"https:\/\/editura-unibuc.ro\/en\/wp-json\/wp\/v2\/product_cat?post=22721"},{"taxonomy":"product_tag","embeddable":true,"href":"https:\/\/editura-unibuc.ro\/en\/wp-json\/wp\/v2\/product_tag?post=22721"}],"curies":[{"name":"wp","href":"https:\/\/api.w.org\/{rel}","templated":true}]}}