{"id":22723,"date":"2018-07-05T12:15:49","date_gmt":"2018-07-05T09:15:49","guid":{"rendered":"https:\/\/editura-unibuc.ro\/?post_type=product&#038;p=22723"},"modified":"2018-07-05T12:15:49","modified_gmt":"2018-07-05T09:15:49","slug":"inotul-terapeutic-vol-i-corectarea-deficientelor-posturale","status":"publish","type":"product","link":"https:\/\/editura-unibuc.ro\/en\/inotul-terapeutic-vol-i-corectarea-deficientelor-posturale\/","title":{"rendered":"\u00ceNOTUL TERAPEUTIC, VOL. I: CORECTAREA DEFICIEN\u0162ELOR POSTURALE"},"content":{"rendered":"<p>Terapia prin mi\u015fcare este practicat\u0103 \u00een zilele noastre de foarte mult\u0103 lume, cu rezultate benefice. Recuperarea \u00een general \u015fi kinetoterapia \u00een special sunt considerate utile \u015fi corecte \u00een algoritmul de tratament al pacien\u0163ilor, dar s-au dovedit competen\u0163e \u015fi \u00een ameliorarea calit\u0103\u0163ii vie\u0163ii acestora. <\/p>\n<p>Oana Maria Ganciu, asistent universitar dr. la Departamentul de Educa\u0163ie Fizic\u0103 \u015fi Sport, din cadrul Universit\u0103\u0163ii din Bucure\u015fti, a absolvit Universitatea Na\u0163ional\u0103 de Educa\u0163ie Fizic\u0103 \u015fi Sport, precum \u0219i cursurile Universit\u0103\u0163ii Spiru Haret \u00een anul 2010, iar p\u00e2n\u0103 \u00een anul 2012 a urmat cursurile de masterat, specializarea &#8220;Nata\u0163ie&#8221;, precum \u015fi specializarea &#8220;Kinetoterapia \u00een afec\u0163iuni locomotorii&#8221;. \u0218i-a continuat preg\u0103tirea urm\u00e2nd cursurile de doctorat, at\u00e2t la Universitatea Na\u021bional\u0103 de Educa\u021bie Fizic\u0103 \u0219i Sport, c\u00e2t \u0219i la Universitatea din Bucure\u0219ti, unde a ob\u021binut, \u00een 2017  titlul de Doctor \u00een &#8220;\u0218tiin\u021bele motricit\u0103\u021bii umane&#8221; \u0219i \u00een &#8220;\u0218tiin\u021be ale educa\u021biei&#8221;.<\/p>\n<p>Toate aceste preocup\u0103ri \u0219tiin\u021bifice s-au concretizat \u00een publicarea unor manuale sau c\u0103r\u0163i de specialitate, cu tematic\u0103 adaptat\u0103 domeniului &#8220;educa\u0163ie fizic\u0103&#8221; \u015fi  &#8220;kinetoterapiei&#8221;, dar \u0219i \u00een sus\u021binerea unor proiecte de cercetare.<\/p>\n<p>Activitatea ei de cercetare a fost valorificat\u0103 \u00een activitatea publicistic\u0103 prin: trei c\u0103r\u0163i \u00een calitate de coautor,  publicate \u00een edituri na\u0163ionale recunoscute CNCSIS; 20 de articole publicate \u00een reviste \u015ftiin\u0163ifice cotate CNCS, precum \u0219i 34 de lucr\u0103ri publicate \u00een sesiuni \u015ftiin\u0163ifice la nivel interna\u0163ional, respectiv 11, la nivel na\u0163ional.<br \/>\n<\/p>","protected":false},"excerpt":{"rendered":"<p>Terapia prin mi\u015fcare este practicat\u0103 \u00een zilele noastre de foarte mult\u0103 lume, cu rezultate benefice. Recuperarea \u00een general \u015fi kinetoterapia \u00een special sunt considerate utile \u015fi corecte \u00een algoritmul de tratament al pacien\u0163ilor, dar s-au dovedit competen\u0163e \u015fi \u00een ameliorarea calit\u0103\u0163ii vie\u0163ii acestora. Oana Maria Ganciu, asistent universitar dr. la Departamentul de Educa\u0163ie Fizic\u0103 \u015fi [&hellip;]<\/p>\n","protected":false},"featured_media":22724,"comment_status":"open","ping_status":"closed","template":"","meta":[],"product_brand":[],"product_cat":[1531,3053,993],"product_tag":[3056,3055,3058,3054,3057],"class_list":{"0":"post-22723","1":"product","2":"type-product","3":"status-publish","4":"has-post-thumbnail","6":"product_cat-colectii","7":"product_cat-sport-si-sanatate-kinetoterapie","8":"product_cat-educatie-fizica-si-sport","9":"product_tag-afectiunile-coloanei-vertebrale","10":"product_tag-inot-terapeutic","11":"product_tag-natatie","12":"product_tag-oana-maria-ganciu","13":"product_tag-terapie-prin-miscare","15":"first","16":"instock","17":"shipping-taxable","18":"purchasable","19":"product-type-simple"},"_links":{"self":[{"href":"https:\/\/editura-unibuc.ro\/en\/wp-json\/wp\/v2\/product\/22723","targetHints":{"allow":["GET"]}}],"collection":[{"href":"https:\/\/editura-unibuc.ro\/en\/wp-json\/wp\/v2\/product"}],"about":[{"href":"https:\/\/editura-unibuc.ro\/en\/wp-json\/wp\/v2\/types\/product"}],"replies":[{"embeddable":true,"href":"https:\/\/editura-unibuc.ro\/en\/wp-json\/wp\/v2\/comments?post=22723"}],"wp:featuredmedia":[{"embeddable":true,"href":"https:\/\/editura-unibuc.ro\/en\/wp-json\/wp\/v2\/media\/22724"}],"wp:attachment":[{"href":"https:\/\/editura-unibuc.ro\/en\/wp-json\/wp\/v2\/media?parent=22723"}],"wp:term":[{"taxonomy":"product_brand","embeddable":true,"href":"https:\/\/editura-unibuc.ro\/en\/wp-json\/wp\/v2\/product_brand?post=22723"},{"taxonomy":"product_cat","embeddable":true,"href":"https:\/\/editura-unibuc.ro\/en\/wp-json\/wp\/v2\/product_cat?post=22723"},{"taxonomy":"product_tag","embeddable":true,"href":"https:\/\/editura-unibuc.ro\/en\/wp-json\/wp\/v2\/product_tag?post=22723"}],"curies":[{"name":"wp","href":"https:\/\/api.w.org\/{rel}","templated":true}]}}