{"id":22754,"date":"2018-07-09T23:47:39","date_gmt":"2018-07-09T20:47:39","guid":{"rendered":"https:\/\/editura-unibuc.ro\/?post_type=product&#038;p=22754"},"modified":"2026-01-22T11:36:16","modified_gmt":"2026-01-22T09:36:16","slug":"studia-politica-romanian-political-science-review-vol-xviii-no-1-2018","status":"publish","type":"product","link":"https:\/\/editura-unibuc.ro\/en\/studia-politica-romanian-political-science-review-vol-xviii-no-1-2018\/","title":{"rendered":"STUDIA POLITICA. Romanian Political Science Review. Vol. XVIII, no. 1, 2018"},"content":{"rendered":"<p><strong>Contents<\/strong>:<\/p>\n<p><strong>ARTICULI \u2013<\/strong><\/p>\n<p><em>Strategic voting in Hungarian elections of 2014: Evidence for Duverger\u2019s law?;<\/em><\/p>\n<p><em>\u00cenceputurile statului bun\u0103st\u0103rii pe filiera rom\u00e2neasc\u0103. Scurt\u0103 retrospectiv\u0103 a etapelor unei reconceptualiz\u0103ri;<\/em><\/p>\n<p><em>Patterns of cleavage development in the late Ottoman Empire and Khedival and British Egypt: intrasocietal and extrasocietal determinants of opposition radicalization;<\/em><\/p>\n<p><em>China\u2019s Official Development Finance Flows in Zambia under the Beijing Consensus;<\/em><\/p>\n<p><em>Language Planning and the Issue of Minority Languages in Romania: From Exclusion to Reasonable Compromises.<\/em><\/p>\n<p><strong>RECENSIONES<\/strong> \u2013<\/p>\n<p>\u00c9ric Brunet, L\u2019obsession gaulliste. Alain, Fran\u00e7ois, Nicolas, Marine et les autres\u2026 \u00c9ditions Albin Michel, Paris, 2016;<\/p>\n<p>Philippe Sands, Retour \u00e0 Lemberg. Ed. Albin Michel, Paris, 2017;<\/p>\n<p>Silvia Marton, Fr\u00e9d\u00e9ric Monier ET Olivier Dard (dir.), Moralit\u00e9 du pouvoir et corruption en France et en Roumanie (XVIIIe- XXe si\u00e8cle), Presse de l\u2019Universit\u00e9 Paris-Sorbonne, Paris, coll. \u00abMondes contemporains\u00bb, 2017.<\/p>\n","protected":false},"excerpt":{"rendered":"<p>Contents: ARTICULI \u2013 Strategic voting in Hungarian elections of 2014: Evidence for Duverger\u2019s law?; \u00cenceputurile statului bun\u0103st\u0103rii pe filiera rom\u00e2neasc\u0103. Scurt\u0103 retrospectiv\u0103 a etapelor unei reconceptualiz\u0103ri; Patterns of cleavage development in the late Ottoman Empire and Khedival and British Egypt: intrasocietal and extrasocietal determinants of opposition radicalization; China\u2019s Official Development Finance Flows in Zambia under [&hellip;]<\/p>\n","protected":false},"featured_media":22755,"comment_status":"open","ping_status":"closed","template":"","meta":[],"product_brand":[],"product_cat":[1469,1893,991,995],"product_tag":[1097,3059],"class_list":{"0":"post-22754","1":"product","2":"type-product","3":"status-publish","4":"has-post-thumbnail","6":"product_cat-periodice","7":"product_cat-reviste-academice","8":"product_cat-stiinte-sociale","9":"product_cat-istorie-stiinte-politice","10":"product_tag-stiinte-politice","11":"product_tag-studii-politice","13":"first","14":"outofstock","15":"shipping-taxable","16":"purchasable","17":"product-type-simple"},"_links":{"self":[{"href":"https:\/\/editura-unibuc.ro\/en\/wp-json\/wp\/v2\/product\/22754","targetHints":{"allow":["GET"]}}],"collection":[{"href":"https:\/\/editura-unibuc.ro\/en\/wp-json\/wp\/v2\/product"}],"about":[{"href":"https:\/\/editura-unibuc.ro\/en\/wp-json\/wp\/v2\/types\/product"}],"replies":[{"embeddable":true,"href":"https:\/\/editura-unibuc.ro\/en\/wp-json\/wp\/v2\/comments?post=22754"}],"wp:featuredmedia":[{"embeddable":true,"href":"https:\/\/editura-unibuc.ro\/en\/wp-json\/wp\/v2\/media\/22755"}],"wp:attachment":[{"href":"https:\/\/editura-unibuc.ro\/en\/wp-json\/wp\/v2\/media?parent=22754"}],"wp:term":[{"taxonomy":"product_brand","embeddable":true,"href":"https:\/\/editura-unibuc.ro\/en\/wp-json\/wp\/v2\/product_brand?post=22754"},{"taxonomy":"product_cat","embeddable":true,"href":"https:\/\/editura-unibuc.ro\/en\/wp-json\/wp\/v2\/product_cat?post=22754"},{"taxonomy":"product_tag","embeddable":true,"href":"https:\/\/editura-unibuc.ro\/en\/wp-json\/wp\/v2\/product_tag?post=22754"}],"curies":[{"name":"wp","href":"https:\/\/api.w.org\/{rel}","templated":true}]}}