{"id":22760,"date":"2018-07-10T00:03:52","date_gmt":"2018-07-09T21:03:52","guid":{"rendered":"https:\/\/editura-unibuc.ro\/?post_type=product&#038;p=22760"},"modified":"2023-11-28T13:33:53","modified_gmt":"2023-11-28T11:33:53","slug":"bucharest-working-papers-in-linguistics-vol-xix-nr-1-2017","status":"publish","type":"product","link":"https:\/\/editura-unibuc.ro\/en\/bucharest-working-papers-in-linguistics-vol-xix-nr-1-2017\/","title":{"rendered":"BUCHAREST WORKING PAPERS IN LINGUISTICS. Vol. XIX. Nr. 1\/2017"},"content":{"rendered":"<p><strong>CONTENTS:<\/p>\n<p>A R T I C L E S:<\/strong><\/p>\n<p>Mihaela T\u0103nase-Dogaru and Camelia U\u015furelu, <em>On binominal qualitative constructions in Old Romanian;<\/em><\/p>\n<p>Marianna Hord\u00f3s, <em>Alignment optimality and English possessives: Knowing where to stop;<\/em><\/p>\n<p>Ion Giurgea, <em>Non-referential topical phrases in Romanian and the theory of topicality;<\/em><\/p>\n<p>Micah Corum, <em>Go for in the Crucian Wiretaps Corpus: Insight on MV for constructions and the verb\/preposition distinction in Afro-Caribbean creole;<\/em><\/p>\n<p>Veronica Tomescu, <em>The acquisition of gender in a Romanian-Hungarian bilingual setting.<\/em><\/p>\n<p><strong>R E V I E W &#8211; Lucas Champollion<\/strong>. <em>Parts of a Whole: Distributivity as a Bridge between Aspect and Measurement.<\/em> (Reviewed by Imola-\u00c1gnes Farkas).<\/p>\n","protected":false},"excerpt":{"rendered":"<p>CONTENTS: A R T I C L E S: Mihaela T\u0103nase-Dogaru and Camelia U\u015furelu, On binominal qualitative constructions in Old Romanian; Marianna Hord\u00f3s, Alignment optimality and English possessives: Knowing where to stop; Ion Giurgea, Non-referential topical phrases in Romanian and the theory of topicality; Micah Corum, Go for in the Crucian Wiretaps Corpus: Insight on [&hellip;]<\/p>\n","protected":false},"featured_media":22761,"comment_status":"open","ping_status":"closed","template":"","meta":[],"product_brand":[],"product_cat":[3943,1464,976,1469,1893],"product_tag":[3063,1055,1228,1011,866,895,3064],"class_list":{"0":"post-22760","1":"product","2":"type-product","3":"status-publish","4":"has-post-thumbnail","6":"product_cat-bucharest-working-papers-in-linguistics","7":"product_cat-filologie","8":"product_cat-limba-engleza","9":"product_cat-periodice","10":"product_cat-reviste-academice","11":"product_tag-creola-afro-caribeana","12":"product_tag-limba-engleza","13":"product_tag-limba-maghiara","14":"product_tag-limba-romana","15":"product_tag-limba-romana-veche","16":"product_tag-lingvistica","17":"product_tag-lingvistica-teoretica","19":"first","20":"outofstock","21":"shipping-taxable","22":"purchasable","23":"product-type-simple"},"_links":{"self":[{"href":"https:\/\/editura-unibuc.ro\/en\/wp-json\/wp\/v2\/product\/22760","targetHints":{"allow":["GET"]}}],"collection":[{"href":"https:\/\/editura-unibuc.ro\/en\/wp-json\/wp\/v2\/product"}],"about":[{"href":"https:\/\/editura-unibuc.ro\/en\/wp-json\/wp\/v2\/types\/product"}],"replies":[{"embeddable":true,"href":"https:\/\/editura-unibuc.ro\/en\/wp-json\/wp\/v2\/comments?post=22760"}],"wp:featuredmedia":[{"embeddable":true,"href":"https:\/\/editura-unibuc.ro\/en\/wp-json\/wp\/v2\/media\/22761"}],"wp:attachment":[{"href":"https:\/\/editura-unibuc.ro\/en\/wp-json\/wp\/v2\/media?parent=22760"}],"wp:term":[{"taxonomy":"product_brand","embeddable":true,"href":"https:\/\/editura-unibuc.ro\/en\/wp-json\/wp\/v2\/product_brand?post=22760"},{"taxonomy":"product_cat","embeddable":true,"href":"https:\/\/editura-unibuc.ro\/en\/wp-json\/wp\/v2\/product_cat?post=22760"},{"taxonomy":"product_tag","embeddable":true,"href":"https:\/\/editura-unibuc.ro\/en\/wp-json\/wp\/v2\/product_tag?post=22760"}],"curies":[{"name":"wp","href":"https:\/\/api.w.org\/{rel}","templated":true}]}}