{"id":22765,"date":"2018-07-10T15:00:52","date_gmt":"2018-07-10T12:00:52","guid":{"rendered":"https:\/\/editura-unibuc.ro\/?post_type=product&#038;p=22765"},"modified":"2025-08-08T12:15:46","modified_gmt":"2025-08-08T09:15:46","slug":"mituri-si-simboluri-politico-religioase-ale-statalitatii-ruse","status":"publish","type":"product","link":"https:\/\/editura-unibuc.ro\/en\/mituri-si-simboluri-politico-religioase-ale-statalitatii-ruse\/","title":{"rendered":"MITURI \u015eI SIMBOLURI POLITICO-RELIGIOASE ALE STATALIT\u0102\u0162II RUSE"},"content":{"rendered":"<p>\u201eAm ales acest subiect, deoarece consider\u0103m c\u0103 va oferi ocazia unei analize detaliate, g\u00e2ndite \u00een jurul unui punct central, ideologia imeriului cre\u015ftin universal, a\u015fa cum a fost ea adaptat\u0103 \u00een spa\u0163iul rus.\u201d<\/p>\n","protected":false},"excerpt":{"rendered":"<p>\u201eAm ales acest subiect, deoarece consider\u0103m c\u0103 va oferi ocazia unei analize detaliate, g\u00e2ndite \u00een jurul unui punct central, ideologia imeriului cre\u015ftin universal, a\u015fa cum a fost ea adaptat\u0103 \u00een spa\u0163iul rus.\u201d<\/p>\n","protected":false},"featured_media":22766,"comment_status":"open","ping_status":"closed","template":"","meta":[],"product_brand":[],"product_cat":[1531,1471,1464,981,991,995],"product_tag":[1023,3066,3065],"class_list":{"0":"post-22765","1":"product","2":"type-product","3":"status-publish","4":"has-post-thumbnail","6":"product_cat-colectii","7":"product_cat-colectia-teze-de-doctorat","8":"product_cat-filologie","9":"product_cat-limbi-slave","10":"product_cat-stiinte-sociale","11":"product_cat-istorie-stiinte-politice","12":"product_tag-crestinism","13":"product_tag-mitul-a-treia-roma","14":"product_tag-rusia-imperiala","16":"first","17":"outofstock","18":"shipping-taxable","19":"purchasable","20":"product-type-simple"},"_links":{"self":[{"href":"https:\/\/editura-unibuc.ro\/en\/wp-json\/wp\/v2\/product\/22765","targetHints":{"allow":["GET"]}}],"collection":[{"href":"https:\/\/editura-unibuc.ro\/en\/wp-json\/wp\/v2\/product"}],"about":[{"href":"https:\/\/editura-unibuc.ro\/en\/wp-json\/wp\/v2\/types\/product"}],"replies":[{"embeddable":true,"href":"https:\/\/editura-unibuc.ro\/en\/wp-json\/wp\/v2\/comments?post=22765"}],"wp:featuredmedia":[{"embeddable":true,"href":"https:\/\/editura-unibuc.ro\/en\/wp-json\/wp\/v2\/media\/22766"}],"wp:attachment":[{"href":"https:\/\/editura-unibuc.ro\/en\/wp-json\/wp\/v2\/media?parent=22765"}],"wp:term":[{"taxonomy":"product_brand","embeddable":true,"href":"https:\/\/editura-unibuc.ro\/en\/wp-json\/wp\/v2\/product_brand?post=22765"},{"taxonomy":"product_cat","embeddable":true,"href":"https:\/\/editura-unibuc.ro\/en\/wp-json\/wp\/v2\/product_cat?post=22765"},{"taxonomy":"product_tag","embeddable":true,"href":"https:\/\/editura-unibuc.ro\/en\/wp-json\/wp\/v2\/product_tag?post=22765"}],"curies":[{"name":"wp","href":"https:\/\/api.w.org\/{rel}","templated":true}]}}