{"id":22767,"date":"2018-07-10T15:04:11","date_gmt":"2018-07-10T12:04:11","guid":{"rendered":"https:\/\/editura-unibuc.ro\/?post_type=product&#038;p=22767"},"modified":"2020-06-24T10:38:14","modified_gmt":"2020-06-24T07:38:14","slug":"procedings-of-the-international-conference-from-field-mapping-and-landform-analysis-to-multi-risk-assessment-challenges-uncertainties-and-transdisciplinarity-the-19th-joint-geomorphological-meetin","status":"publish","type":"product","link":"https:\/\/editura-unibuc.ro\/en\/procedings-of-the-international-conference-from-field-mapping-and-landform-analysis-to-multi-risk-assessment-challenges-uncertainties-and-transdisciplinarity-the-19th-joint-geomorphological-meetin\/","title":{"rendered":"PROCEDINGS OF THE INTERNATIONAL CONFERENCE: FROM FIELD MAPPING AND LANDFORM ANALYSIS TO MULTI-RISK ASSESSMENT: CHALLENGES, UNCERTAINTIES AND TRANSDISCIPLINARITY. THE 19TH JOINT GEOMORPHOLOGICAL MEETING ITALY-ROMANIA-FRANCE-BELGIUM-GREECE AND THE 34TH ROMANIAN NATIONAL SYMPOSIUM ON GEOMORPHOLOGY"},"content":{"rendered":"<p>Din cuprins: <\/p>\n<p>D. B\u0103lteanu, Geomorphological researches at the P\u0103t\u00e2rlagele Natural Hazards Researche Centre;<br \/>\nA.G. Zamfir, C.D. Alb\u0103, S. Boengiu, The Jiu River evolution between 1860 and 2018. Case study: Craiova \u2013 Z\u0103val section.<\/p>\n","protected":false},"excerpt":{"rendered":"<p>Din cuprins: D. B\u0103lteanu, Geomorphological researches at the P\u0103t\u00e2rlagele Natural Hazards Researche Centre; A.G. Zamfir, C.D. Alb\u0103, S. Boengiu, The Jiu River evolution between 1860 and 2018. Case study: Craiova \u2013 Z\u0103val section.<\/p>\n","protected":false},"featured_media":22769,"comment_status":"open","ping_status":"closed","template":"","meta":[],"product_brand":[],"product_cat":[1466,990],"product_tag":[3067,3069,3068],"class_list":{"0":"post-22767","1":"product","2":"type-product","3":"status-publish","4":"has-post-thumbnail","6":"product_cat-stiinte-ale-naturii","7":"product_cat-geologie","8":"product_tag-geomorphology","9":"product_tag-landslide","10":"product_tag-satellite-images","12":"first","13":"outofstock","14":"shipping-taxable","15":"purchasable","16":"product-type-simple"},"_links":{"self":[{"href":"https:\/\/editura-unibuc.ro\/en\/wp-json\/wp\/v2\/product\/22767","targetHints":{"allow":["GET"]}}],"collection":[{"href":"https:\/\/editura-unibuc.ro\/en\/wp-json\/wp\/v2\/product"}],"about":[{"href":"https:\/\/editura-unibuc.ro\/en\/wp-json\/wp\/v2\/types\/product"}],"replies":[{"embeddable":true,"href":"https:\/\/editura-unibuc.ro\/en\/wp-json\/wp\/v2\/comments?post=22767"}],"wp:featuredmedia":[{"embeddable":true,"href":"https:\/\/editura-unibuc.ro\/en\/wp-json\/wp\/v2\/media\/22769"}],"wp:attachment":[{"href":"https:\/\/editura-unibuc.ro\/en\/wp-json\/wp\/v2\/media?parent=22767"}],"wp:term":[{"taxonomy":"product_brand","embeddable":true,"href":"https:\/\/editura-unibuc.ro\/en\/wp-json\/wp\/v2\/product_brand?post=22767"},{"taxonomy":"product_cat","embeddable":true,"href":"https:\/\/editura-unibuc.ro\/en\/wp-json\/wp\/v2\/product_cat?post=22767"},{"taxonomy":"product_tag","embeddable":true,"href":"https:\/\/editura-unibuc.ro\/en\/wp-json\/wp\/v2\/product_tag?post=22767"}],"curies":[{"name":"wp","href":"https:\/\/api.w.org\/{rel}","templated":true}]}}