{"id":22770,"date":"2018-07-10T15:06:47","date_gmt":"2018-07-10T12:06:47","guid":{"rendered":"https:\/\/editura-unibuc.ro\/?post_type=product&#038;p=22770"},"modified":"2022-04-20T22:11:59","modified_gmt":"2022-04-20T19:11:59","slug":"libertatea-constiintei-si-constiinta-libertatii-despre-unitarianism","status":"publish","type":"product","link":"https:\/\/editura-unibuc.ro\/en\/libertatea-constiintei-si-constiinta-libertatii-despre-unitarianism\/","title":{"rendered":"LIBERTATEA CON\u015eTIIN\u0162EI \u015eI CON\u015eTIIN\u0162A LIBERT\u0102\u0162II. DESPRE UNITARIANISM"},"content":{"rendered":"<p>\u201eAnul acesta, c\u0103nd s\u0103rb\u0103torim patru secole \u015fi jum\u0103tate de la proclama\u0163ia Edictului libert\u0103\u0163ii con\u015ftiin\u0163ei \u015fi  a toleran\u0163ei religioase de c\u0103tre Dieta de la Turda din 1568, moment considerat \u00eentemeietor pentru Biserica noastr\u0103, v\u0103 oferim un volum colectiv de studii \u015fi eseuri despre religia unitarian\u0103\u201d. P.S. Ferenc B\u00e1lint Bencz\u00e9di<\/p>\n","protected":false},"excerpt":{"rendered":"<p>\u201eAnul acesta, c\u0103nd s\u0103rb\u0103torim patru secole \u015fi jum\u0103tate de la proclama\u0163ia Edictului libert\u0103\u0163ii con\u015ftiin\u0163ei \u015fi a toleran\u0163ei religioase de c\u0103tre Dieta de la Turda din 1568, moment considerat \u00eentemeietor pentru Biserica noastr\u0103, v\u0103 oferim un volum colectiv de studii \u015fi eseuri despre religia unitarian\u0103\u201d. P.S. Ferenc B\u00e1lint Bencz\u00e9di<\/p>\n","protected":false},"featured_media":22771,"comment_status":"open","ping_status":"closed","template":"","meta":[],"product_brand":[],"product_cat":[1531,2597,991,999],"product_tag":[3071,3072,3070],"class_list":{"0":"post-22770","1":"product","2":"type-product","3":"status-publish","4":"has-post-thumbnail","6":"product_cat-colectii","7":"product_cat-studia-theologica","8":"product_cat-stiinte-sociale","9":"product_cat-teologie","10":"product_tag-adventisti","11":"product_tag-edictul-de-la-turda","12":"product_tag-unitarianism","14":"first","15":"outofstock","16":"shipping-taxable","17":"purchasable","18":"product-type-simple"},"_links":{"self":[{"href":"https:\/\/editura-unibuc.ro\/en\/wp-json\/wp\/v2\/product\/22770","targetHints":{"allow":["GET"]}}],"collection":[{"href":"https:\/\/editura-unibuc.ro\/en\/wp-json\/wp\/v2\/product"}],"about":[{"href":"https:\/\/editura-unibuc.ro\/en\/wp-json\/wp\/v2\/types\/product"}],"replies":[{"embeddable":true,"href":"https:\/\/editura-unibuc.ro\/en\/wp-json\/wp\/v2\/comments?post=22770"}],"wp:featuredmedia":[{"embeddable":true,"href":"https:\/\/editura-unibuc.ro\/en\/wp-json\/wp\/v2\/media\/22771"}],"wp:attachment":[{"href":"https:\/\/editura-unibuc.ro\/en\/wp-json\/wp\/v2\/media?parent=22770"}],"wp:term":[{"taxonomy":"product_brand","embeddable":true,"href":"https:\/\/editura-unibuc.ro\/en\/wp-json\/wp\/v2\/product_brand?post=22770"},{"taxonomy":"product_cat","embeddable":true,"href":"https:\/\/editura-unibuc.ro\/en\/wp-json\/wp\/v2\/product_cat?post=22770"},{"taxonomy":"product_tag","embeddable":true,"href":"https:\/\/editura-unibuc.ro\/en\/wp-json\/wp\/v2\/product_tag?post=22770"}],"curies":[{"name":"wp","href":"https:\/\/api.w.org\/{rel}","templated":true}]}}