{"id":22774,"date":"2018-07-10T15:11:59","date_gmt":"2018-07-10T12:11:59","guid":{"rendered":"https:\/\/editura-unibuc.ro\/?post_type=product&#038;p=22774"},"modified":"2020-09-01T17:35:10","modified_gmt":"2020-09-01T14:35:10","slug":"das-osterreichische-gegenwartsdrama-bilder-einer-verkehrten-welt-seria-ggr-beitrage-zur-germanistik-vol-35","status":"publish","type":"product","link":"https:\/\/editura-unibuc.ro\/en\/das-osterreichische-gegenwartsdrama-bilder-einer-verkehrten-welt-seria-ggr-beitrage-zur-germanistik-vol-35\/","title":{"rendered":"GGR Beitr\u00e4ge zur Germanistik 35 \u2013 DAS \u00d6STERREICHISCHE GEGENWARTSDRAMA. BILDER EINER VERKEHRTEN WELT. SERIA GGR-BEITR\u00c4GE ZUR GERMANISTIK, VOL. 35"},"content":{"rendered":"<p>Cartea de fa\u021b\u0103 caut\u0103 un numitor comun \u00een vastul domeniu al dramaturgiei contemporane austriece, care a dat at\u00e2t literaturii de expresie german\u0103, c\u00e2t \u015fi celei universale opere de importan\u0163\u0103 major\u0103. \u00cen spa\u0163iul cultural austriac institu\u0163ia teatrului ocup\u0103 un loc central \u015fi func\u0163ioneaz\u0103 \u00een primul r\u00e2nd ca un mediu de r\u0103sp\u00e2ndire a criticii sociale. Astfel, dramaturgia austriac\u0103 a fost \u015fi a r\u0103mas un mediu, \u00een care se eviden\u0163iaz\u0103 nemijlocit schimb\u0103rile \u015fi anomaliile societ\u0103\u0163ii contemporane. Autorea consider\u0103 c\u0103 un numitor comun al produc\u0163iei dramaturgice austriece poate fi g\u0103sit \u00een imaginea unei lumi debusolate, \u00een accep\u0163iunea modern\u0103 a acestui topos tradi\u0163ional. Aceast\u0103 imagine nu se mai refer\u0103 la o simpl\u0103 inversare a ordinii existente, ci la o dec\u0103dere a sistemelor normative, a ceea ce se presupune a fi general valabil. At\u00e2t microuniversul familiei c\u00e2t \u015fi macrouniversul societ\u0103\u0163ii nu func\u0163ioneaz\u0103 \u00een interesul indivizilor. Ei \u00ee\u015fi pierd individualitatea \u015fi se ad\u00e2ncesc \u00een absurditate. <\/p>\n","protected":false},"excerpt":{"rendered":"<p>Cartea de fa\u021b\u0103 caut\u0103 un numitor comun \u00een vastul domeniu al dramaturgiei contemporane austriece, care a dat at\u00e2t literaturii de expresie german\u0103, c\u00e2t \u015fi celei universale opere de importan\u0163\u0103 major\u0103. \u00cen spa\u0163iul cultural austriac institu\u0163ia teatrului ocup\u0103 un loc central \u015fi func\u0163ioneaz\u0103 \u00een primul r\u00e2nd ca un mediu de r\u0103sp\u00e2ndire a criticii sociale. Astfel, dramaturgia [&hellip;]<\/p>\n","protected":false},"featured_media":22768,"comment_status":"open","ping_status":"closed","template":"","meta":[],"product_brand":[],"product_cat":[1531,1470,1464,978,1469,1893],"product_tag":[],"class_list":{"0":"post-22774","1":"product","2":"type-product","3":"status-publish","4":"has-post-thumbnail","6":"product_cat-colectii","7":"product_cat-ggr-beitrage-zur-germanistik","8":"product_cat-filologie","9":"product_cat-germanic-languages","10":"product_cat-periodice","11":"product_cat-reviste-academice","13":"first","14":"instock","15":"shipping-taxable","16":"purchasable","17":"product-type-simple"},"_links":{"self":[{"href":"https:\/\/editura-unibuc.ro\/en\/wp-json\/wp\/v2\/product\/22774","targetHints":{"allow":["GET"]}}],"collection":[{"href":"https:\/\/editura-unibuc.ro\/en\/wp-json\/wp\/v2\/product"}],"about":[{"href":"https:\/\/editura-unibuc.ro\/en\/wp-json\/wp\/v2\/types\/product"}],"replies":[{"embeddable":true,"href":"https:\/\/editura-unibuc.ro\/en\/wp-json\/wp\/v2\/comments?post=22774"}],"wp:featuredmedia":[{"embeddable":true,"href":"https:\/\/editura-unibuc.ro\/en\/wp-json\/wp\/v2\/media\/22768"}],"wp:attachment":[{"href":"https:\/\/editura-unibuc.ro\/en\/wp-json\/wp\/v2\/media?parent=22774"}],"wp:term":[{"taxonomy":"product_brand","embeddable":true,"href":"https:\/\/editura-unibuc.ro\/en\/wp-json\/wp\/v2\/product_brand?post=22774"},{"taxonomy":"product_cat","embeddable":true,"href":"https:\/\/editura-unibuc.ro\/en\/wp-json\/wp\/v2\/product_cat?post=22774"},{"taxonomy":"product_tag","embeddable":true,"href":"https:\/\/editura-unibuc.ro\/en\/wp-json\/wp\/v2\/product_tag?post=22774"}],"curies":[{"name":"wp","href":"https:\/\/api.w.org\/{rel}","templated":true}]}}