{"id":22964,"date":"2018-08-21T11:23:47","date_gmt":"2018-08-21T08:23:47","guid":{"rendered":"https:\/\/editura-unibuc.ro\/?post_type=product&#038;p=22964"},"modified":"2018-11-12T12:09:19","modified_gmt":"2018-11-12T10:09:19","slug":"marcatorii-pragmatici-de-suspendare-a-enuntarii-in-limba-romana-actuala-vorbita","status":"publish","type":"product","link":"https:\/\/editura-unibuc.ro\/en\/marcatorii-pragmatici-de-suspendare-a-enuntarii-in-limba-romana-actuala-vorbita\/","title":{"rendered":"THE PRAGMATIC MARKERS OF THE SUSPENSION OF SPEAKING IN ACTUAL ROMANIAN SPOKEN LANGUAGE"},"content":{"rendered":"<p>Prezenta lucrare, consacrat\u0103 marcatorilor de suspendare a enun\u0163\u0103rii, se \u00eenscrie \u00eentr-o direc\u0163ie de cercetare foarte puternic\u0103 \u00een momentul actual, \u00eentr\u00e2nd \u00eentr-un dialog util cu studii recente din bibliografia interna\u0163ional\u0103 asupra unor categorii de marcatori discursivi bine delimitate func\u0163ional.<\/p>\n<p>De o foarte mare utilitate sunt datele statistice prezentate. Datorit\u0103 \u00eenregistr\u0103rii atente a zeci de variante de construc\u0163ie, prezenta lucrare furnizeaz\u0103 informa\u0163ii certe pentru orice sintez\u0103 viitoare asupra rom\u00e2nei vorbite.<\/p>\n<p>Suntem a\u015fadar, \u00een fa\u0163a unei lucr\u0103ri cu un grad \u00eenalt de originalitate, care dovede\u015fte calit\u0103\u0163ile de cercet\u0103tor ale autoarei, lecturi bogate, foarte bine asimilate, spirit teoretic, capacitate de interpretare nuan\u0163at\u0103, rigoare \u00een utilizarea corpusului, subtilitate \u00een interpretarea datelor, cursivitate \u015fi elegan\u0163\u0103 \u00een redactare. Recomand c\u0103lduros prezenta lucrare tuturor celor interesa\u0163i de domeniul comunic\u0103rii.<\/p>\n<p>Prof. univ. dr. Rodica Zafiu<\/p>\n<p>\u00cen prezenta lucrare, autoarea demonstreaz\u0103 c\u0103 este un cercet\u0103tor preocupat de abord\u0103rile moderne, interesat s\u0103 se documenteze \u015fi s\u0103 foloseasc\u0103 informa\u0163iile pentru a aduce contribu\u0163ii noi \u00een domeniul propus. Sinteza bibliografic\u0103 \u015fi analiza complex\u0103 de corpus au presupus numeroase cuno\u015ftin\u0163e de pragmatic\u0103, analiza discursului, analiza conversa\u0163iei \u015fi sintax\u0103, pe care autoarea a dovedit c\u0103 le are, \u015ftie s\u0103 le calibreze \u015fi s\u0103 le foloseasc\u0103 adecvat.<\/p>\n<p>Consider util\u0103 lectura prezentei lucr\u0103ri, pe care o consider important\u0103 prin trei aspecte: (i) pune \u00een circula\u0163ie, \u00eentr-o form\u0103 clar\u0103, idei noi pentru spa\u0163iul cercet\u0103rii rom\u00e2ne\u015fti; (ii) pornind de la teoriile existente \u00een domeniu, autoarea propune interpret\u0103ri pe corpus, care invit\u0103 la reflec\u0163ie; (iii) anexele con\u0163in un corpus de limb\u0103 vorbit\u0103 necesar cercet\u0103torilor de pragmatic\u0103, \u00een general.<\/p>\n<p>Prof. univ. dr. Andra Vasilescu<\/p>\n","protected":false},"excerpt":{"rendered":"<p>Prezenta lucrare, consacrat\u0103 marcatorilor de suspendare a enun\u0163\u0103rii, se \u00eenscrie \u00eentr-o direc\u0163ie de cercetare foarte puternic\u0103 \u00een momentul actual, \u00eentr\u00e2nd \u00eentr-un dialog util cu studii recente din bibliografia interna\u0163ional\u0103 asupra unor categorii de marcatori discursivi bine delimitate func\u0163ional. De o foarte mare utilitate sunt datele statistice prezentate. Datorit\u0103 \u00eenregistr\u0103rii atente a zeci de variante de [&hellip;]<\/p>\n","protected":false},"featured_media":22965,"comment_status":"open","ping_status":"closed","template":"","meta":[],"product_brand":[],"product_cat":[1531,2756,1464,979],"product_tag":[3075,895,1223],"class_list":{"0":"post-22964","1":"product","2":"type-product","3":"status-publish","4":"has-post-thumbnail","6":"product_cat-colectii","7":"product_cat-lingvistica-lingua","8":"product_cat-filologie","9":"product_cat-limba-romana","10":"product_tag-limba-romana-actuala-vorbita","11":"product_tag-lingvistica","12":"product_tag-pragmatica","14":"first","15":"outofstock","16":"shipping-taxable","17":"purchasable","18":"product-type-simple"},"_links":{"self":[{"href":"https:\/\/editura-unibuc.ro\/en\/wp-json\/wp\/v2\/product\/22964","targetHints":{"allow":["GET"]}}],"collection":[{"href":"https:\/\/editura-unibuc.ro\/en\/wp-json\/wp\/v2\/product"}],"about":[{"href":"https:\/\/editura-unibuc.ro\/en\/wp-json\/wp\/v2\/types\/product"}],"replies":[{"embeddable":true,"href":"https:\/\/editura-unibuc.ro\/en\/wp-json\/wp\/v2\/comments?post=22964"}],"wp:featuredmedia":[{"embeddable":true,"href":"https:\/\/editura-unibuc.ro\/en\/wp-json\/wp\/v2\/media\/22965"}],"wp:attachment":[{"href":"https:\/\/editura-unibuc.ro\/en\/wp-json\/wp\/v2\/media?parent=22964"}],"wp:term":[{"taxonomy":"product_brand","embeddable":true,"href":"https:\/\/editura-unibuc.ro\/en\/wp-json\/wp\/v2\/product_brand?post=22964"},{"taxonomy":"product_cat","embeddable":true,"href":"https:\/\/editura-unibuc.ro\/en\/wp-json\/wp\/v2\/product_cat?post=22964"},{"taxonomy":"product_tag","embeddable":true,"href":"https:\/\/editura-unibuc.ro\/en\/wp-json\/wp\/v2\/product_tag?post=22964"}],"curies":[{"name":"wp","href":"https:\/\/api.w.org\/{rel}","templated":true}]}}