{"id":23015,"date":"2018-08-24T17:16:45","date_gmt":"2018-08-24T14:16:45","guid":{"rendered":"https:\/\/editura-unibuc.ro\/?post_type=product&#038;p=23015"},"modified":"2025-08-28T12:08:18","modified_gmt":"2025-08-28T09:08:18","slug":"la-lirica-hispanica-medieval-una-introduccion-romanica-27","status":"publish","type":"product","link":"https:\/\/editura-unibuc.ro\/en\/la-lirica-hispanica-medieval-una-introduccion-romanica-27\/","title":{"rendered":"LA L\u00cdRICA HISP\u00c1NICA MEDIEVAL: UNA INTRODUCCI\u00d3N (Romanica 27)"},"content":{"rendered":"","protected":false},"excerpt":{"rendered":"<hr \/>\n<p><strong><a href=\"https:\/\/books.google.ro\/books\/about?id=wZZdEAAAQBAJ&amp;redir_esc=y\" target=\"_blank\" rel=\"noopener\"><img decoding=\"async\" src=\"https:\/\/editura-unibuc.ro\/wp-content\/uploads\/2025\/04\/goo.png\" \/>Google Books<\/a><\/strong><br \/>&nbsp;<\/p>\n<hr \/>\n<p>La poes\u00eda europea medieval del \u00e1rea rom\u00e1nica se deja clasificar, teniendo en cuenta sus or\u00edgenes (cultos\/traditionales) y las lenguas de su manifestaci\u00f3n (lat\u00edn\/lenguas vern\u00e1culas) en tres categor\u00edas fundamentales: una poes\u00eda culta en lat\u00edn, una poes\u00eda tradicional en lenguas vern\u00e1culas y una poes\u00eda culta de \u00edndole cortesana en lengua vulgar.<\/p>\n","protected":false},"featured_media":23016,"comment_status":"open","ping_status":"closed","template":"","meta":[],"product_brand":[],"product_cat":[1531,858,1464,980],"product_tag":[3076,3077,1328,3078],"class_list":{"0":"post-23015","1":"product","2":"type-product","3":"status-publish","4":"has-post-thumbnail","6":"product_cat-colectii","7":"product_cat-colectia-romanica","8":"product_cat-filologie","9":"product_cat-limbi-romanice-clasice-si-orientale","10":"product_tag-anca-crivat","11":"product_tag-hispanica","12":"product_tag-medieval","13":"product_tag-poesia-europea","15":"first","16":"instock","17":"downloadable","18":"shipping-taxable","19":"purchasable","20":"product-type-simple"},"_links":{"self":[{"href":"https:\/\/editura-unibuc.ro\/en\/wp-json\/wp\/v2\/product\/23015","targetHints":{"allow":["GET"]}}],"collection":[{"href":"https:\/\/editura-unibuc.ro\/en\/wp-json\/wp\/v2\/product"}],"about":[{"href":"https:\/\/editura-unibuc.ro\/en\/wp-json\/wp\/v2\/types\/product"}],"replies":[{"embeddable":true,"href":"https:\/\/editura-unibuc.ro\/en\/wp-json\/wp\/v2\/comments?post=23015"}],"wp:featuredmedia":[{"embeddable":true,"href":"https:\/\/editura-unibuc.ro\/en\/wp-json\/wp\/v2\/media\/23016"}],"wp:attachment":[{"href":"https:\/\/editura-unibuc.ro\/en\/wp-json\/wp\/v2\/media?parent=23015"}],"wp:term":[{"taxonomy":"product_brand","embeddable":true,"href":"https:\/\/editura-unibuc.ro\/en\/wp-json\/wp\/v2\/product_brand?post=23015"},{"taxonomy":"product_cat","embeddable":true,"href":"https:\/\/editura-unibuc.ro\/en\/wp-json\/wp\/v2\/product_cat?post=23015"},{"taxonomy":"product_tag","embeddable":true,"href":"https:\/\/editura-unibuc.ro\/en\/wp-json\/wp\/v2\/product_tag?post=23015"}],"curies":[{"name":"wp","href":"https:\/\/api.w.org\/{rel}","templated":true}]}}