{"id":23017,"date":"2018-08-24T17:20:25","date_gmt":"2018-08-24T14:20:25","guid":{"rendered":"https:\/\/editura-unibuc.ro\/?post_type=product&#038;p=23017"},"modified":"2019-07-22T12:09:07","modified_gmt":"2019-07-22T09:09:07","slug":"timpul-demult-apus","status":"publish","type":"product","link":"https:\/\/editura-unibuc.ro\/en\/timpul-demult-apus\/","title":{"rendered":"CZAS DAWNO MINIONY"},"content":{"rendered":"<p>ALEKSANDER NAWROCKI (1940) este un cunoscut poet \u0219i promotor de poezie din Polonia. <\/p>\n<p>Apari\u021bia \u00een limba rom\u00e2n\u0103 a antologiei de fa\u021b\u0103 completeaz\u0103 seria de liric\u0103 polon\u0103 pe care domnul profesor Constantin Geamba\u0219u a ini\u021biat-o \u00een ultimele dou\u0103 decenii.<\/p>\n","protected":false},"excerpt":{"rendered":"<p>ALEKSANDER NAWROCKI (1940) este un cunoscut poet \u0219i promotor de poezie din Polonia. Apari\u021bia \u00een limba rom\u00e2n\u0103 a antologiei de fa\u021b\u0103 completeaz\u0103 seria de liric\u0103 polon\u0103 pe care domnul profesor Constantin Geamba\u0219u a ini\u021biat-o \u00een ultimele dou\u0103 decenii.<\/p>\n","protected":false},"featured_media":23018,"comment_status":"open","ping_status":"closed","template":"","meta":[],"product_brand":[],"product_cat":[1464,981],"product_tag":[2022],"class_list":{"0":"post-23017","1":"product","2":"type-product","3":"status-publish","4":"has-post-thumbnail","6":"product_cat-filologie","7":"product_cat-limbi-slave","8":"product_tag-constantin-geambasu","10":"first","11":"outofstock","12":"shipping-taxable","13":"purchasable","14":"product-type-simple"},"_links":{"self":[{"href":"https:\/\/editura-unibuc.ro\/en\/wp-json\/wp\/v2\/product\/23017","targetHints":{"allow":["GET"]}}],"collection":[{"href":"https:\/\/editura-unibuc.ro\/en\/wp-json\/wp\/v2\/product"}],"about":[{"href":"https:\/\/editura-unibuc.ro\/en\/wp-json\/wp\/v2\/types\/product"}],"replies":[{"embeddable":true,"href":"https:\/\/editura-unibuc.ro\/en\/wp-json\/wp\/v2\/comments?post=23017"}],"wp:featuredmedia":[{"embeddable":true,"href":"https:\/\/editura-unibuc.ro\/en\/wp-json\/wp\/v2\/media\/23018"}],"wp:attachment":[{"href":"https:\/\/editura-unibuc.ro\/en\/wp-json\/wp\/v2\/media?parent=23017"}],"wp:term":[{"taxonomy":"product_brand","embeddable":true,"href":"https:\/\/editura-unibuc.ro\/en\/wp-json\/wp\/v2\/product_brand?post=23017"},{"taxonomy":"product_cat","embeddable":true,"href":"https:\/\/editura-unibuc.ro\/en\/wp-json\/wp\/v2\/product_cat?post=23017"},{"taxonomy":"product_tag","embeddable":true,"href":"https:\/\/editura-unibuc.ro\/en\/wp-json\/wp\/v2\/product_tag?post=23017"}],"curies":[{"name":"wp","href":"https:\/\/api.w.org\/{rel}","templated":true}]}}