{"id":23099,"date":"2018-09-14T13:30:12","date_gmt":"2018-09-14T10:30:12","guid":{"rendered":"https:\/\/editura-unibuc.ro\/?post_type=product&#038;p=23099"},"modified":"2019-07-23T10:20:55","modified_gmt":"2019-07-23T07:20:55","slug":"terminologia-it-intre-sistem-si-uz-o-abordare-descriptiv-lingvistica","status":"publish","type":"product","link":"https:\/\/editura-unibuc.ro\/en\/terminologia-it-intre-sistem-si-uz-o-abordare-descriptiv-lingvistica\/","title":{"rendered":"TERMINOLOGIA IT \u00ceNTRE SISTEM \u0218I UZ: O ABORDARE DESCRIPTIV-LINGVISTIC\u0102"},"content":{"rendered":"<p>Lucrarea reprezint\u0103 o contribu\u021bie important\u0103 \u00eentr-un domeniu nou, care prezint\u0103 interes pe plan interna\u021bional.<br \/>\nDin punct de vedere aplicativ, interesul major este reprezentat de analiza concret\u0103 a dic\u021bionarelor rom\u00e2ne\u0219ti, deficitare \u00een tratarea terminologiei informatice. Compararea riguroas\u0103 \u0219i original\u0103 a dic\u021bionarelor, \u00eenso\u021bit\u0103 de date, cifre \u0219i scheme ilustrative, consolideaz\u0103 observa\u021biile f\u0103cute.<\/p>\n","protected":false},"excerpt":{"rendered":"<p>Lucrarea reprezint\u0103 o contribu\u021bie important\u0103 \u00eentr-un domeniu nou, care prezint\u0103 interes pe plan interna\u021bional. Din punct de vedere aplicativ, interesul major este reprezentat de analiza concret\u0103 a dic\u021bionarelor rom\u00e2ne\u0219ti, deficitare \u00een tratarea terminologiei informatice. Compararea riguroas\u0103 \u0219i original\u0103 a dic\u021bionarelor, \u00eenso\u021bit\u0103 de date, cifre \u0219i scheme ilustrative, consolideaz\u0103 observa\u021biile f\u0103cute.<\/p>\n","protected":false},"featured_media":23100,"comment_status":"open","ping_status":"closed","template":"","meta":[],"product_brand":[],"product_cat":[1531,2756,1464,979],"product_tag":[1287,3079,1159],"class_list":{"0":"post-23099","1":"product","2":"type-product","3":"status-publish","4":"has-post-thumbnail","6":"product_cat-colectii","7":"product_cat-lingvistica-lingua","8":"product_cat-filologie","9":"product_cat-limba-romana","10":"product_tag-internet","11":"product_tag-polisemie","12":"product_tag-terminologie","14":"first","15":"outofstock","16":"shipping-taxable","17":"purchasable","18":"product-type-simple"},"_links":{"self":[{"href":"https:\/\/editura-unibuc.ro\/en\/wp-json\/wp\/v2\/product\/23099","targetHints":{"allow":["GET"]}}],"collection":[{"href":"https:\/\/editura-unibuc.ro\/en\/wp-json\/wp\/v2\/product"}],"about":[{"href":"https:\/\/editura-unibuc.ro\/en\/wp-json\/wp\/v2\/types\/product"}],"replies":[{"embeddable":true,"href":"https:\/\/editura-unibuc.ro\/en\/wp-json\/wp\/v2\/comments?post=23099"}],"wp:featuredmedia":[{"embeddable":true,"href":"https:\/\/editura-unibuc.ro\/en\/wp-json\/wp\/v2\/media\/23100"}],"wp:attachment":[{"href":"https:\/\/editura-unibuc.ro\/en\/wp-json\/wp\/v2\/media?parent=23099"}],"wp:term":[{"taxonomy":"product_brand","embeddable":true,"href":"https:\/\/editura-unibuc.ro\/en\/wp-json\/wp\/v2\/product_brand?post=23099"},{"taxonomy":"product_cat","embeddable":true,"href":"https:\/\/editura-unibuc.ro\/en\/wp-json\/wp\/v2\/product_cat?post=23099"},{"taxonomy":"product_tag","embeddable":true,"href":"https:\/\/editura-unibuc.ro\/en\/wp-json\/wp\/v2\/product_tag?post=23099"}],"curies":[{"name":"wp","href":"https:\/\/api.w.org\/{rel}","templated":true}]}}