{"id":23105,"date":"2018-09-14T13:36:09","date_gmt":"2018-09-14T10:36:09","guid":{"rendered":"https:\/\/editura-unibuc.ro\/?post_type=product&#038;p=23105"},"modified":"2019-07-12T09:38:41","modified_gmt":"2019-07-12T06:38:41","slug":"traduccions-i-dialegs-culturals-amb-el-catala-romanica-25","status":"publish","type":"product","link":"https:\/\/editura-unibuc.ro\/en\/traduccions-i-dialegs-culturals-amb-el-catala-romanica-25\/","title":{"rendered":"TRADUCCIONS I DI\u00c0LEGS CULTURALS AMB EL CATAL\u00c0. ROMANICA 25"},"content":{"rendered":"<p>El present volum se situa en la conflu\u00e8ncia de la catalanistica i de la traductologia i \u00e9s fruit de l\u2019inter\u00e8s per la recerca universitaria I el di\u00e0leg intercultural, tan necessari per construir l\u2019Europa d\u2019avui.<\/p>","protected":false},"excerpt":{"rendered":"<p>El present volum se situa en la conflu\u00e8ncia de la catalanistica i de la traductologia i \u00e9s fruit de l\u2019inter\u00e8s per la recerca universitaria I el di\u00e0leg intercultural, tan necessari per construir l\u2019Europa d\u2019avui.<\/p>\n","protected":false},"featured_media":23106,"comment_status":"open","ping_status":"closed","template":"","meta":[],"product_brand":[],"product_cat":[1531,858,1464,980],"product_tag":[],"class_list":{"0":"post-23105","1":"product","2":"type-product","3":"status-publish","4":"has-post-thumbnail","6":"product_cat-colectii","7":"product_cat-colectia-romanica","8":"product_cat-filologie","9":"product_cat-limbi-romanice-clasice-si-orientale","11":"first","12":"outofstock","13":"shipping-taxable","14":"purchasable","15":"product-type-simple"},"_links":{"self":[{"href":"https:\/\/editura-unibuc.ro\/en\/wp-json\/wp\/v2\/product\/23105","targetHints":{"allow":["GET"]}}],"collection":[{"href":"https:\/\/editura-unibuc.ro\/en\/wp-json\/wp\/v2\/product"}],"about":[{"href":"https:\/\/editura-unibuc.ro\/en\/wp-json\/wp\/v2\/types\/product"}],"replies":[{"embeddable":true,"href":"https:\/\/editura-unibuc.ro\/en\/wp-json\/wp\/v2\/comments?post=23105"}],"wp:featuredmedia":[{"embeddable":true,"href":"https:\/\/editura-unibuc.ro\/en\/wp-json\/wp\/v2\/media\/23106"}],"wp:attachment":[{"href":"https:\/\/editura-unibuc.ro\/en\/wp-json\/wp\/v2\/media?parent=23105"}],"wp:term":[{"taxonomy":"product_brand","embeddable":true,"href":"https:\/\/editura-unibuc.ro\/en\/wp-json\/wp\/v2\/product_brand?post=23105"},{"taxonomy":"product_cat","embeddable":true,"href":"https:\/\/editura-unibuc.ro\/en\/wp-json\/wp\/v2\/product_cat?post=23105"},{"taxonomy":"product_tag","embeddable":true,"href":"https:\/\/editura-unibuc.ro\/en\/wp-json\/wp\/v2\/product_tag?post=23105"}],"curies":[{"name":"wp","href":"https:\/\/api.w.org\/{rel}","templated":true}]}}