{"id":23530,"date":"2018-10-30T12:30:30","date_gmt":"2018-10-30T10:30:30","guid":{"rendered":"https:\/\/editura-unibuc.ro\/?post_type=product&#038;p=23530"},"modified":"2020-01-20T12:13:18","modified_gmt":"2020-01-20T10:13:18","slug":"postmodernismul-rus","status":"publish","type":"product","link":"https:\/\/editura-unibuc.ro\/en\/postmodernismul-rus\/","title":{"rendered":"RUSSIAN POSTMODERNISM"},"content":{"rendered":"<p>\u201e\u00cen lucrarea de fa\u021b\u0103 [\u2026] am \u00eencercat s\u0103 prezent\u0103m principalele teorii \u0219i comentarii ale teoreticienilor din lume \u0219i din Rusia care sus\u021bin sau, dimpotriv\u0103, contest\u0103 dreptul la existen\u021b\u0103 al postmodernismului \u00een filosofie, art\u0103, literatur\u0103, f\u0103r\u0103 a le etala exhaustiv. [\u2026] Accept\u00eend ideea c\u0103 mul\u021bi dintre scriitorii ru\u0219i s-au inspirat din teoria postmodernist\u0103 (\u0219i poststructuralist\u0103) universal\u0103 \u2013 dovad\u0103 recunoa\u0219terea, \u00een operele lor, a unor procedee \u015fi tehnici specifice postmodernismului \u2013, suntem de p\u0103rere, totu\u0219i, al\u0103turi de al\u021bi critici, c\u0103, \u00eentr-adev\u0103r, postmodernismul rus a avut \u0219i are o via\u021b\u0103 proprie, nefiind, de multe ori, tributar influen\u021belor externe.\u201d (Antoaneta Olteanu)<\/p>\n","protected":false},"excerpt":{"rendered":"<p>\u201e\u00cen lucrarea de fa\u021b\u0103 [\u2026] am \u00eencercat s\u0103 prezent\u0103m principalele teorii \u0219i comentarii ale teoreticienilor din lume \u0219i din Rusia care sus\u021bin sau, dimpotriv\u0103, contest\u0103 dreptul la existen\u021b\u0103 al postmodernismului \u00een filosofie, art\u0103, literatur\u0103, f\u0103r\u0103 a le etala exhaustiv. [\u2026] Accept\u00eend ideea c\u0103 mul\u021bi dintre scriitorii ru\u0219i s-au inspirat din teoria postmodernist\u0103 (\u0219i poststructuralist\u0103) universal\u0103 [&hellip;]<\/p>\n","protected":false},"featured_media":23531,"comment_status":"open","ping_status":"closed","template":"","meta":[],"product_brand":[],"product_cat":[1531,2653,1464,981],"product_tag":[3085,1760,3088,1670,3086,3084,3087],"class_list":{"0":"post-23530","1":"product","2":"type-product","3":"status-publish","4":"has-post-thumbnail","6":"product_cat-colectii","7":"product_cat-biblioteca-de-slavistica","8":"product_cat-filologie","9":"product_cat-limbi-slave","10":"product_tag-boris-akunin","11":"product_tag-literatura-rusa","12":"product_tag-ludmila-petrusevskaia","13":"product_tag-postmodernism-rus","14":"product_tag-tatiana-tolstaia","15":"product_tag-viktor-pelevin","16":"product_tag-vladimir-makanin","18":"first","19":"outofstock","20":"shipping-taxable","21":"purchasable","22":"product-type-simple"},"_links":{"self":[{"href":"https:\/\/editura-unibuc.ro\/en\/wp-json\/wp\/v2\/product\/23530","targetHints":{"allow":["GET"]}}],"collection":[{"href":"https:\/\/editura-unibuc.ro\/en\/wp-json\/wp\/v2\/product"}],"about":[{"href":"https:\/\/editura-unibuc.ro\/en\/wp-json\/wp\/v2\/types\/product"}],"replies":[{"embeddable":true,"href":"https:\/\/editura-unibuc.ro\/en\/wp-json\/wp\/v2\/comments?post=23530"}],"wp:featuredmedia":[{"embeddable":true,"href":"https:\/\/editura-unibuc.ro\/en\/wp-json\/wp\/v2\/media\/23531"}],"wp:attachment":[{"href":"https:\/\/editura-unibuc.ro\/en\/wp-json\/wp\/v2\/media?parent=23530"}],"wp:term":[{"taxonomy":"product_brand","embeddable":true,"href":"https:\/\/editura-unibuc.ro\/en\/wp-json\/wp\/v2\/product_brand?post=23530"},{"taxonomy":"product_cat","embeddable":true,"href":"https:\/\/editura-unibuc.ro\/en\/wp-json\/wp\/v2\/product_cat?post=23530"},{"taxonomy":"product_tag","embeddable":true,"href":"https:\/\/editura-unibuc.ro\/en\/wp-json\/wp\/v2\/product_tag?post=23530"}],"curies":[{"name":"wp","href":"https:\/\/api.w.org\/{rel}","templated":true}]}}