{"id":23547,"date":"2018-10-30T23:34:24","date_gmt":"2018-10-30T21:34:24","guid":{"rendered":"https:\/\/editura-unibuc.ro\/?post_type=product&#038;p=23547"},"modified":"2018-10-30T23:34:27","modified_gmt":"2018-10-30T21:34:27","slug":"elemente-de-istorie-a-limbii-romane","status":"publish","type":"product","link":"https:\/\/editura-unibuc.ro\/en\/elemente-de-istorie-a-limbii-romane\/","title":{"rendered":"ELEMENTS OF THE HISTORY OF THE ROMANIAN LANGUAGE"},"content":{"rendered":"<p>Cezar B\u0103l\u0103\u015foiu pred\u0103 cursuri \u015fi sus\u0163ine seminarii de <em>Introducere \u00een pragmatic\u0103, Discurs raportat<\/em> \u015fi <em>Istoria limbii rom\u00e2ne<\/em> la Facultatea de Litere a Universit\u0103\u0163ii din Bucure\u015fti.<\/p>\n<p>Interesul s\u0103u fa\u0163\u0103 de domeniul discursului raportat s-a materializat \u00een teza sa de doctorat, <em>Discursul raportat \u00een textele dialectale rom\u00e2ne\u015fti<\/em> (2003), precum \u015fi \u00een mai multe comunic\u0103ri la Colocviile Departamentului de Lingvistic\u0103 al Facult\u0103\u0163ii de Litere \u015fi \u00een articolele corespunz\u0103toare acestora, tip\u0103rite \u00een Actele Colocviilor sau \u00een volume omagiale. \u00cen 2017, a publicat la Editura Universit\u0103\u0163ii din Bucure\u015fti volumul <em>Probleme ale discursului raportat<\/em>, \u00een care sunt aduse \u00een aten\u0163ia publicului, deopotriv\u0103 speciali\u015fti \u015fi studen\u0163i, principalele tendin\u0163e manifestate ast\u0103zi \u00een acest sector al pragmaticii.<\/p>\n<p><em>Elemente de istorie a limbii rom\u00e2ne<\/em> constituie prima sa contribu\u0163ie \u00een domeniul istoriei limbii, o lucrare \u00een care autorul discut\u0103 din perspectiv\u0103 istoric\u0103 teme de fonetic\u0103, morfologie \u015fi lexic. Partea teoretic\u0103 a lucr\u0103rii este ilustrat\u0103 prin c\u00e2teva h\u0103r\u0163i \u015fi completat\u0103 de exerci\u0163ii \u015fi de rezolv\u0103ri ale exerci\u0163iilor, care sus\u0163in inten\u0163ia didactic\u0103 \u015fi aplicativ\u0103 a c\u0103r\u0163ii.<\/p>\n","protected":false},"excerpt":{"rendered":"<p>Cezar B\u0103l\u0103\u015foiu pred\u0103 cursuri \u015fi sus\u0163ine seminarii de Introducere \u00een pragmatic\u0103, Discurs raportat \u015fi Istoria limbii rom\u00e2ne la Facultatea de Litere a Universit\u0103\u0163ii din Bucure\u015fti. Interesul s\u0103u fa\u0163\u0103 de domeniul discursului raportat s-a materializat \u00een teza sa de doctorat, Discursul raportat \u00een textele dialectale rom\u00e2ne\u015fti (2003), precum \u015fi \u00een mai multe comunic\u0103ri la Colocviile Departamentului [&hellip;]<\/p>\n","protected":false},"featured_media":23548,"comment_status":"open","ping_status":"closed","template":"","meta":[],"product_brand":[],"product_cat":[1531,2756,1464,979],"product_tag":[3106,3107,3104,3108,2512,3105],"class_list":{"0":"post-23547","1":"product","2":"type-product","3":"status-publish","4":"has-post-thumbnail","6":"product_cat-colectii","7":"product_cat-lingvistica-lingua","8":"product_cat-filologie","9":"product_cat-limba-romana","10":"product_tag-evolutii-in-vocabular-limba-romana","11":"product_tag-exercitii-rezolvate","12":"product_tag-fonetica-istorica-limba-romana","13":"product_tag-harti-lingvistice","14":"product_tag-istoria-limbii-romane","15":"product_tag-morfologie-istorica-limba-romana","17":"first","18":"instock","19":"shipping-taxable","20":"purchasable","21":"product-type-simple"},"_links":{"self":[{"href":"https:\/\/editura-unibuc.ro\/en\/wp-json\/wp\/v2\/product\/23547","targetHints":{"allow":["GET"]}}],"collection":[{"href":"https:\/\/editura-unibuc.ro\/en\/wp-json\/wp\/v2\/product"}],"about":[{"href":"https:\/\/editura-unibuc.ro\/en\/wp-json\/wp\/v2\/types\/product"}],"replies":[{"embeddable":true,"href":"https:\/\/editura-unibuc.ro\/en\/wp-json\/wp\/v2\/comments?post=23547"}],"wp:featuredmedia":[{"embeddable":true,"href":"https:\/\/editura-unibuc.ro\/en\/wp-json\/wp\/v2\/media\/23548"}],"wp:attachment":[{"href":"https:\/\/editura-unibuc.ro\/en\/wp-json\/wp\/v2\/media?parent=23547"}],"wp:term":[{"taxonomy":"product_brand","embeddable":true,"href":"https:\/\/editura-unibuc.ro\/en\/wp-json\/wp\/v2\/product_brand?post=23547"},{"taxonomy":"product_cat","embeddable":true,"href":"https:\/\/editura-unibuc.ro\/en\/wp-json\/wp\/v2\/product_cat?post=23547"},{"taxonomy":"product_tag","embeddable":true,"href":"https:\/\/editura-unibuc.ro\/en\/wp-json\/wp\/v2\/product_tag?post=23547"}],"curies":[{"name":"wp","href":"https:\/\/api.w.org\/{rel}","templated":true}]}}