{"id":23556,"date":"2018-10-30T23:42:37","date_gmt":"2018-10-30T21:42:37","guid":{"rendered":"https:\/\/editura-unibuc.ro\/?post_type=product&#038;p=23556"},"modified":"2025-08-08T10:07:44","modified_gmt":"2025-08-08T07:07:44","slug":"etudes-sur-le-xviiie-siecle-vi","status":"publish","type":"product","link":"https:\/\/editura-unibuc.ro\/en\/etudes-sur-le-xviiie-siecle-vi\/","title":{"rendered":"\u00c9TUDES SUR LE XVIIIe SI\u00c8CLE (VI)"},"content":{"rendered":"<hr \/>\n<p><strong><a href=\"https:\/\/books.google.ro\/books\/about?id=n5ZdEAAAQBAJ&amp;redir_esc=y\" target=\"_blank\" rel=\"noopener\"><img decoding=\"async\" src=\"https:\/\/editura-unibuc.ro\/wp-content\/uploads\/2025\/04\/goo.png\" \/>Google Books<\/a><\/strong><br \/>&nbsp;<\/p>\n<hr \/>\n<ul>\n<li>Demj\u00e9n BAL\u00c1ZS,\u00a0<em>La famiglia Bo\u00e9r di Nagyberiv\u00f3 e ruolo suo nella guerra d\u2019indipendenza di R\u00e1k\u00f3czi<\/em><\/li>\n<li>Diana-M\u0103d\u0103lina CURC\u0102,\u00a0<em>Repr\u00e9sentations du corps dans un \u00ab\u00a0\u00e9crit du for priv\u00e9\u00a0\u00bb. \u00c9tude des<strong>M\u00e9moires<\/strong>(1715-1758) du cardinal de Bernis (1715-1794)<\/em><\/li>\n<li>Coman LUPU,\u00a0<em>\u00cemprumuturile livre\u015fti \u00een rom\u00e2n\u0103: secolul al XVIII-lea<\/em><\/li>\n<li>Lucia MARINESCU,\u00a0<em>L\u2019art de l\u2019acteur chez Diderot et Stanislavski<\/em><\/li>\n<li>Gabriela P\u00ceRLOAG\u0102,\u00a0<em>Le cache-cache de l\u2019amour marivaudien et la sp\u00e9cificit\u00e9 de son expression<\/em><\/li>\n<li>Andreea VL\u0102DESCU,\u00a0<em>Le jeu des miroirs : simulation et dissimulation dans les\u00a0<strong>Lettres persanes<\/strong><\/em>.<\/li>\n<\/ul>\n","protected":false},"excerpt":{"rendered":"<p>Google Books&nbsp; Demj\u00e9n BAL\u00c1ZS,\u00a0La famiglia Bo\u00e9r di Nagyberiv\u00f3 e ruolo suo nella guerra d\u2019indipendenza di R\u00e1k\u00f3czi Diana-M\u0103d\u0103lina CURC\u0102,\u00a0Repr\u00e9sentations du corps dans un \u00ab\u00a0\u00e9crit du for priv\u00e9\u00a0\u00bb. \u00c9tude desM\u00e9moires(1715-1758) du cardinal de Bernis (1715-1794) Coman LUPU,\u00a0\u00cemprumuturile livre\u015fti \u00een rom\u00e2n\u0103: secolul al XVIII-lea Lucia MARINESCU,\u00a0L\u2019art de l\u2019acteur chez Diderot et Stanislavski Gabriela P\u00ceRLOAG\u0102,\u00a0Le cache-cache de l\u2019amour marivaudien [&hellip;]<\/p>\n","protected":false},"featured_media":23553,"comment_status":"open","ping_status":"closed","template":"","meta":[],"product_brand":[],"product_cat":[1464,979,980],"product_tag":[2352,3119,3120,1283],"class_list":{"0":"post-23556","1":"product","2":"type-product","3":"status-publish","4":"has-post-thumbnail","6":"product_cat-filologie","7":"product_cat-limba-romana","8":"product_cat-limbi-romanice-clasice-si-orientale","9":"product_tag-limba-si-literatura-romana","10":"product_tag-limbi-si-literaturi-romanice","11":"product_tag-secolul-xviii","12":"product_tag-studii-culturale","14":"first","15":"outofstock","16":"shipping-taxable","17":"purchasable","18":"product-type-simple"},"_links":{"self":[{"href":"https:\/\/editura-unibuc.ro\/en\/wp-json\/wp\/v2\/product\/23556","targetHints":{"allow":["GET"]}}],"collection":[{"href":"https:\/\/editura-unibuc.ro\/en\/wp-json\/wp\/v2\/product"}],"about":[{"href":"https:\/\/editura-unibuc.ro\/en\/wp-json\/wp\/v2\/types\/product"}],"replies":[{"embeddable":true,"href":"https:\/\/editura-unibuc.ro\/en\/wp-json\/wp\/v2\/comments?post=23556"}],"wp:featuredmedia":[{"embeddable":true,"href":"https:\/\/editura-unibuc.ro\/en\/wp-json\/wp\/v2\/media\/23553"}],"wp:attachment":[{"href":"https:\/\/editura-unibuc.ro\/en\/wp-json\/wp\/v2\/media?parent=23556"}],"wp:term":[{"taxonomy":"product_brand","embeddable":true,"href":"https:\/\/editura-unibuc.ro\/en\/wp-json\/wp\/v2\/product_brand?post=23556"},{"taxonomy":"product_cat","embeddable":true,"href":"https:\/\/editura-unibuc.ro\/en\/wp-json\/wp\/v2\/product_cat?post=23556"},{"taxonomy":"product_tag","embeddable":true,"href":"https:\/\/editura-unibuc.ro\/en\/wp-json\/wp\/v2\/product_tag?post=23556"}],"curies":[{"name":"wp","href":"https:\/\/api.w.org\/{rel}","templated":true}]}}