{"id":23559,"date":"2018-10-30T23:47:35","date_gmt":"2018-10-30T21:47:35","guid":{"rendered":"https:\/\/editura-unibuc.ro\/?post_type=product&#038;p=23559"},"modified":"2025-03-13T12:11:36","modified_gmt":"2025-03-13T10:11:36","slug":"romanoslavica-vol-liii-nr-2","status":"publish","type":"product","link":"https:\/\/editura-unibuc.ro\/en\/romanoslavica-vol-liii-nr-2\/","title":{"rendered":"Romanoslavica Vol. LIII Nr. 2"},"content":{"rendered":"<p>Din cuprins: Barbu Delavrancea i Ivo Andric, Poetic Self-Reflections in the Poetry of Milan Jesih, Nume \u0219i apelative rom\u00e2ne\u0219ti \u00een scrieri pe scoar\u021be de mesteac\u0103n novgorodene etc.<\/p>\n<p>(Universitatea din Bucure\u015fti, Facultatea de limbi \u015fi literaturi str\u0103ine, Departamentul de filologie rus\u0103 \u015fi slav\u0103)<\/p>\n","protected":false},"excerpt":{"rendered":"<p>Din cuprins: Barbu Delavrancea i Ivo Andric, Poetic Self-Reflections in the Poetry of Milan Jesih, Nume \u0219i apelative rom\u00e2ne\u0219ti \u00een scrieri pe scoar\u021be de mesteac\u0103n novgorodene etc. (Universitatea din Bucure\u015fti, Facultatea de limbi \u015fi literaturi str\u0103ine, Departamentul de filologie rus\u0103 \u015fi slav\u0103)<\/p>\n","protected":false},"featured_media":23561,"comment_status":"open","ping_status":"closed","template":"","meta":[],"product_brand":[],"product_cat":[3823,1891,1464,981,1469],"product_tag":[2324,1338],"class_list":{"0":"post-23559","1":"product","2":"type-product","3":"status-publish","4":"has-post-thumbnail","6":"product_cat-stiinte-umane","7":"product_cat-download","8":"product_cat-filologie","9":"product_cat-limbi-slave","10":"product_cat-periodice","11":"product_tag-asociatia-slavistilor-din-romania","12":"product_tag-romanoslavica","14":"first","15":"instock","16":"downloadable","17":"virtual","18":"product-type-simple"},"_links":{"self":[{"href":"https:\/\/editura-unibuc.ro\/en\/wp-json\/wp\/v2\/product\/23559","targetHints":{"allow":["GET"]}}],"collection":[{"href":"https:\/\/editura-unibuc.ro\/en\/wp-json\/wp\/v2\/product"}],"about":[{"href":"https:\/\/editura-unibuc.ro\/en\/wp-json\/wp\/v2\/types\/product"}],"replies":[{"embeddable":true,"href":"https:\/\/editura-unibuc.ro\/en\/wp-json\/wp\/v2\/comments?post=23559"}],"wp:featuredmedia":[{"embeddable":true,"href":"https:\/\/editura-unibuc.ro\/en\/wp-json\/wp\/v2\/media\/23561"}],"wp:attachment":[{"href":"https:\/\/editura-unibuc.ro\/en\/wp-json\/wp\/v2\/media?parent=23559"}],"wp:term":[{"taxonomy":"product_brand","embeddable":true,"href":"https:\/\/editura-unibuc.ro\/en\/wp-json\/wp\/v2\/product_brand?post=23559"},{"taxonomy":"product_cat","embeddable":true,"href":"https:\/\/editura-unibuc.ro\/en\/wp-json\/wp\/v2\/product_cat?post=23559"},{"taxonomy":"product_tag","embeddable":true,"href":"https:\/\/editura-unibuc.ro\/en\/wp-json\/wp\/v2\/product_tag?post=23559"}],"curies":[{"name":"wp","href":"https:\/\/api.w.org\/{rel}","templated":true}]}}