{"id":23565,"date":"2018-10-30T23:51:25","date_gmt":"2018-10-30T21:51:25","guid":{"rendered":"https:\/\/editura-unibuc.ro\/?post_type=product&#038;p=23565"},"modified":"2025-03-13T12:10:42","modified_gmt":"2025-03-13T10:10:42","slug":"romanoslavica-vol-liii-nr-3","status":"publish","type":"product","link":"https:\/\/editura-unibuc.ro\/en\/romanoslavica-vol-liii-nr-3\/","title":{"rendered":"Romanoslavica Vol. LIII Nr. 3"},"content":{"rendered":"<p>Volumul con\u021bine lucr\u0103rile sesiunii \u0219tiin\u021bifice \u201eSlavistica rom\u00e2neasc\u0103 \u0219i dialogul culturilor\u201d, Bucure\u0219ti, 22-23 septembrie 2017 2018.<\/p>\n<p>(Universitatea din Bucure\u015fti, Facultatea de limbi \u015fi literaturi str\u0103ine, Departamentul de filologie rus\u0103 \u015fi slav\u0103)<\/p>","protected":false},"excerpt":{"rendered":"<p>Volumul con\u021bine lucr\u0103rile sesiunii \u0219tiin\u021bifice \u201eSlavistica rom\u00e2neasc\u0103 \u0219i dialogul culturilor\u201d, Bucure\u0219ti, 22-23 septembrie 2017 2018. (Universitatea din Bucure\u015fti, Facultatea de limbi \u015fi literaturi str\u0103ine, Departamentul de filologie rus\u0103 \u015fi slav\u0103)<\/p>\n","protected":false},"featured_media":23563,"comment_status":"open","ping_status":"closed","template":"","meta":[],"product_brand":[],"product_cat":[3823,1891,1464,981,1469],"product_tag":[2324,1338],"class_list":{"0":"post-23565","1":"product","2":"type-product","3":"status-publish","4":"has-post-thumbnail","6":"product_cat-stiinte-umane","7":"product_cat-download","8":"product_cat-filologie","9":"product_cat-limbi-slave","10":"product_cat-periodice","11":"product_tag-asociatia-slavistilor-din-romania","12":"product_tag-romanoslavica","14":"first","15":"instock","16":"downloadable","17":"virtual","18":"product-type-simple"},"_links":{"self":[{"href":"https:\/\/editura-unibuc.ro\/en\/wp-json\/wp\/v2\/product\/23565","targetHints":{"allow":["GET"]}}],"collection":[{"href":"https:\/\/editura-unibuc.ro\/en\/wp-json\/wp\/v2\/product"}],"about":[{"href":"https:\/\/editura-unibuc.ro\/en\/wp-json\/wp\/v2\/types\/product"}],"replies":[{"embeddable":true,"href":"https:\/\/editura-unibuc.ro\/en\/wp-json\/wp\/v2\/comments?post=23565"}],"wp:featuredmedia":[{"embeddable":true,"href":"https:\/\/editura-unibuc.ro\/en\/wp-json\/wp\/v2\/media\/23563"}],"wp:attachment":[{"href":"https:\/\/editura-unibuc.ro\/en\/wp-json\/wp\/v2\/media?parent=23565"}],"wp:term":[{"taxonomy":"product_brand","embeddable":true,"href":"https:\/\/editura-unibuc.ro\/en\/wp-json\/wp\/v2\/product_brand?post=23565"},{"taxonomy":"product_cat","embeddable":true,"href":"https:\/\/editura-unibuc.ro\/en\/wp-json\/wp\/v2\/product_cat?post=23565"},{"taxonomy":"product_tag","embeddable":true,"href":"https:\/\/editura-unibuc.ro\/en\/wp-json\/wp\/v2\/product_tag?post=23565"}],"curies":[{"name":"wp","href":"https:\/\/api.w.org\/{rel}","templated":true}]}}