{"id":23566,"date":"2018-10-30T23:51:41","date_gmt":"2018-10-30T21:51:41","guid":{"rendered":"https:\/\/editura-unibuc.ro\/?post_type=product&#038;p=23566"},"modified":"2025-03-13T12:09:46","modified_gmt":"2025-03-13T10:09:46","slug":"romanoslavica-vol-liii-nr-4","status":"publish","type":"product","link":"https:\/\/editura-unibuc.ro\/en\/romanoslavica-vol-liii-nr-4\/","title":{"rendered":"Romanoslavica Vol. LIII Nr. 4"},"content":{"rendered":"<p>Volumul con\u021bine lucr\u0103rile simpozioanelor Bo\u017eena Slan\u010d\u00edkov\u00e1-Timrava \u2013 150 de ani de la na\u0219tere (2 octombrie 1867 \u2013 27 noiembrie 1951)\u201d \u0219i \u201ePavel Jozef \u0160afa\u0159\u00edk \u2013 180 de ani de slavistic\u0103<br \/>\nrom\u00e2neasc\u0103\u201c<\/p>\n<p>(Universitatea din Bucure\u015fti, Facultatea de limbi \u015fi literaturi str\u0103ine, Departamentul de filologie rus\u0103 \u015fi slav\u0103)<\/p>\n","protected":false},"excerpt":{"rendered":"<p>Volumul con\u021bine lucr\u0103rile simpozioanelor Bo\u017eena Slan\u010d\u00edkov\u00e1-Timrava \u2013 150 de ani de la na\u0219tere (2 octombrie 1867 \u2013 27 noiembrie 1951)\u201d \u0219i \u201ePavel Jozef \u0160afa\u0159\u00edk \u2013 180 de ani de slavistic\u0103 rom\u00e2neasc\u0103\u201c (Universitatea din Bucure\u015fti, Facultatea de limbi \u015fi literaturi str\u0103ine, Departamentul de filologie rus\u0103 \u015fi slav\u0103)<\/p>\n","protected":false},"featured_media":23564,"comment_status":"open","ping_status":"closed","template":"","meta":[],"product_brand":[],"product_cat":[3823,1891,1464,981,1469],"product_tag":[2324,1338],"class_list":{"0":"post-23566","1":"product","2":"type-product","3":"status-publish","4":"has-post-thumbnail","6":"product_cat-stiinte-umane","7":"product_cat-download","8":"product_cat-filologie","9":"product_cat-limbi-slave","10":"product_cat-periodice","11":"product_tag-asociatia-slavistilor-din-romania","12":"product_tag-romanoslavica","14":"first","15":"instock","16":"downloadable","17":"virtual","18":"product-type-simple"},"_links":{"self":[{"href":"https:\/\/editura-unibuc.ro\/en\/wp-json\/wp\/v2\/product\/23566","targetHints":{"allow":["GET"]}}],"collection":[{"href":"https:\/\/editura-unibuc.ro\/en\/wp-json\/wp\/v2\/product"}],"about":[{"href":"https:\/\/editura-unibuc.ro\/en\/wp-json\/wp\/v2\/types\/product"}],"replies":[{"embeddable":true,"href":"https:\/\/editura-unibuc.ro\/en\/wp-json\/wp\/v2\/comments?post=23566"}],"wp:featuredmedia":[{"embeddable":true,"href":"https:\/\/editura-unibuc.ro\/en\/wp-json\/wp\/v2\/media\/23564"}],"wp:attachment":[{"href":"https:\/\/editura-unibuc.ro\/en\/wp-json\/wp\/v2\/media?parent=23566"}],"wp:term":[{"taxonomy":"product_brand","embeddable":true,"href":"https:\/\/editura-unibuc.ro\/en\/wp-json\/wp\/v2\/product_brand?post=23566"},{"taxonomy":"product_cat","embeddable":true,"href":"https:\/\/editura-unibuc.ro\/en\/wp-json\/wp\/v2\/product_cat?post=23566"},{"taxonomy":"product_tag","embeddable":true,"href":"https:\/\/editura-unibuc.ro\/en\/wp-json\/wp\/v2\/product_tag?post=23566"}],"curies":[{"name":"wp","href":"https:\/\/api.w.org\/{rel}","templated":true}]}}