{"id":23612,"date":"2018-11-06T11:06:18","date_gmt":"2018-11-06T09:06:18","guid":{"rendered":"https:\/\/editura-unibuc.ro\/?post_type=product&#038;p=23612"},"modified":"2022-11-14T12:08:38","modified_gmt":"2022-11-14T10:08:38","slug":"biochimie-indrumar-de-laborator","status":"publish","type":"product","link":"https:\/\/editura-unibuc.ro\/en\/biochimie-indrumar-de-laborator\/","title":{"rendered":"BIOCHIMIE: \u00ceNDRUMAR DE LABORATOR"},"content":{"rendered":"<p>Acest \u00eendrumar de laborator prezint\u0103, \u00eentr-o manier\u0103 original\u0103, lucr\u0103ri practice de biochimie (unele fiind \u00eenso\u0163ite de teste), care se adreseaz\u0103, \u00een principal, studen\u0163ilor de la <em>Ciclul I<\/em> <em>Licen\u0163\u0103<\/em>, specializ\u0103rile: <em>Biofizic\u0103<\/em> \u015fi <em>Fizic\u0103 Medical\u0103<\/em> de la Facultatea de Fizic\u0103 a Universit\u0103\u0163ii din Bucure\u015fti, fiind util, de asemenea, \u015fi studen\u0163ilor masteranzi \u00eenscri\u015fi la specializarea <em>Fizic\u0103 Medical\u0103<\/em>. Manualul este conceput \u00een acord cu tematica disciplinelor cuprinse \u00een Planurile de \u00eenv\u0103\u0163\u0103m\u00e2nt de la specializ\u0103rile mai sus men\u0163ionate.<\/p>\n","protected":false},"excerpt":{"rendered":"<p>Acest \u00eendrumar de laborator prezint\u0103, \u00eentr-o manier\u0103 original\u0103, lucr\u0103ri practice de biochimie (unele fiind \u00eenso\u0163ite de teste), care se adreseaz\u0103, \u00een principal, studen\u0163ilor de la Ciclul I Licen\u0163\u0103, specializ\u0103rile: Biofizic\u0103 \u015fi Fizic\u0103 Medical\u0103 de la Facultatea de Fizic\u0103 a Universit\u0103\u0163ii din Bucure\u015fti, fiind util, de asemenea, \u015fi studen\u0163ilor masteranzi \u00eenscri\u015fi la specializarea Fizic\u0103 Medical\u0103. Manualul [&hellip;]<\/p>\n","protected":false},"featured_media":23613,"comment_status":"open","ping_status":"closed","template":"","meta":[],"product_brand":[],"product_cat":[982,984],"product_tag":[913,2484,3122],"class_list":{"0":"post-23612","1":"product","2":"type-product","3":"status-publish","4":"has-post-thumbnail","6":"product_cat-stiinte-exacte","7":"product_cat-fizica","8":"product_tag-biochimie","9":"product_tag-laborator","10":"product_tag-marcela-elisabeta-barbinta","12":"first","13":"outofstock","14":"shipping-taxable","15":"purchasable","16":"product-type-simple"},"_links":{"self":[{"href":"https:\/\/editura-unibuc.ro\/en\/wp-json\/wp\/v2\/product\/23612","targetHints":{"allow":["GET"]}}],"collection":[{"href":"https:\/\/editura-unibuc.ro\/en\/wp-json\/wp\/v2\/product"}],"about":[{"href":"https:\/\/editura-unibuc.ro\/en\/wp-json\/wp\/v2\/types\/product"}],"replies":[{"embeddable":true,"href":"https:\/\/editura-unibuc.ro\/en\/wp-json\/wp\/v2\/comments?post=23612"}],"wp:featuredmedia":[{"embeddable":true,"href":"https:\/\/editura-unibuc.ro\/en\/wp-json\/wp\/v2\/media\/23613"}],"wp:attachment":[{"href":"https:\/\/editura-unibuc.ro\/en\/wp-json\/wp\/v2\/media?parent=23612"}],"wp:term":[{"taxonomy":"product_brand","embeddable":true,"href":"https:\/\/editura-unibuc.ro\/en\/wp-json\/wp\/v2\/product_brand?post=23612"},{"taxonomy":"product_cat","embeddable":true,"href":"https:\/\/editura-unibuc.ro\/en\/wp-json\/wp\/v2\/product_cat?post=23612"},{"taxonomy":"product_tag","embeddable":true,"href":"https:\/\/editura-unibuc.ro\/en\/wp-json\/wp\/v2\/product_tag?post=23612"}],"curies":[{"name":"wp","href":"https:\/\/api.w.org\/{rel}","templated":true}]}}