{"id":23616,"date":"2018-11-06T11:09:53","date_gmt":"2018-11-06T09:09:53","guid":{"rendered":"https:\/\/editura-unibuc.ro\/?post_type=product&#038;p=23616"},"modified":"2025-05-08T10:55:06","modified_gmt":"2025-05-08T07:55:06","slug":"du-blanc-au-noir-les-couleurs-dans-la-symbolique-medievale","status":"publish","type":"product","link":"https:\/\/editura-unibuc.ro\/en\/du-blanc-au-noir-les-couleurs-dans-la-symbolique-medievale\/","title":{"rendered":"DU BLANC AU NOIR: LES COULEURS DANS LA SYMBOLIQUE M\u00c9DI\u00c9VALE"},"content":{"rendered":"<hr \/>\n<p><strong><a href=\"https:\/\/books.google.ro\/books\/about?id=rHlfEAAAQBAJ&#038;redir_esc=y\" target=\"_blank\" rel=\"noopener\"><img decoding=\"async\" src=\"https:\/\/editura-unibuc.ro\/wp-content\/uploads\/2025\/04\/goo.png\" \/>Google Books<\/a><\/strong><br \/>&nbsp;<\/p>\n<hr \/>\n<p>Les auteurs des contributions r\u00e9unies dans ce volume, que l\u2019on a dispos\u00e9es selon un ordre largement chronologique, approfondissent la probl\u00e9matique des couleurs, avec des accents particuliers sur le Blanc et le Noir et en contigu\u00eft\u00e9 presque in\u00e9vitable avec la r\u00e9flexion sur la Lumi\u00e8re et l\u2019Obscurit\u00e9, en assumant des outils et des perspectives compl\u00e9mentaires, redevables \u00e0 leur formation historique, litt\u00e9raire, philologique, philosophique ou th\u00e9ologique.<\/p>\n","protected":false},"excerpt":{"rendered":"<p>Google Books&nbsp; Les auteurs des contributions r\u00e9unies dans ce volume, que l\u2019on a dispos\u00e9es selon un ordre largement chronologique, approfondissent la probl\u00e9matique des couleurs, avec des accents particuliers sur le Blanc et le Noir et en contigu\u00eft\u00e9 presque in\u00e9vitable avec la r\u00e9flexion sur la Lumi\u00e8re et l\u2019Obscurit\u00e9, en assumant des outils et des perspectives compl\u00e9mentaires, [&hellip;]<\/p>\n","protected":false},"featured_media":23617,"comment_status":"open","ping_status":"closed","template":"","meta":[],"product_brand":[],"product_cat":[1531,857,1464,977],"product_tag":[3125],"class_list":{"0":"post-23616","1":"product","2":"type-product","3":"status-publish","4":"has-post-thumbnail","6":"product_cat-colectii","7":"product_cat-colectia-mediaevalia","8":"product_cat-filologie","9":"product_cat-limba-franceza","10":"product_tag-symbolique-medievale","12":"first","13":"instock","14":"shipping-taxable","15":"purchasable","16":"product-type-simple"},"_links":{"self":[{"href":"https:\/\/editura-unibuc.ro\/en\/wp-json\/wp\/v2\/product\/23616","targetHints":{"allow":["GET"]}}],"collection":[{"href":"https:\/\/editura-unibuc.ro\/en\/wp-json\/wp\/v2\/product"}],"about":[{"href":"https:\/\/editura-unibuc.ro\/en\/wp-json\/wp\/v2\/types\/product"}],"replies":[{"embeddable":true,"href":"https:\/\/editura-unibuc.ro\/en\/wp-json\/wp\/v2\/comments?post=23616"}],"wp:featuredmedia":[{"embeddable":true,"href":"https:\/\/editura-unibuc.ro\/en\/wp-json\/wp\/v2\/media\/23617"}],"wp:attachment":[{"href":"https:\/\/editura-unibuc.ro\/en\/wp-json\/wp\/v2\/media?parent=23616"}],"wp:term":[{"taxonomy":"product_brand","embeddable":true,"href":"https:\/\/editura-unibuc.ro\/en\/wp-json\/wp\/v2\/product_brand?post=23616"},{"taxonomy":"product_cat","embeddable":true,"href":"https:\/\/editura-unibuc.ro\/en\/wp-json\/wp\/v2\/product_cat?post=23616"},{"taxonomy":"product_tag","embeddable":true,"href":"https:\/\/editura-unibuc.ro\/en\/wp-json\/wp\/v2\/product_tag?post=23616"}],"curies":[{"name":"wp","href":"https:\/\/api.w.org\/{rel}","templated":true}]}}