{"id":23618,"date":"2018-11-06T11:11:39","date_gmt":"2018-11-06T09:11:39","guid":{"rendered":"https:\/\/editura-unibuc.ro\/?post_type=product&#038;p=23618"},"modified":"2025-05-12T09:13:37","modified_gmt":"2025-05-12T06:13:37","slug":"metamorfozele-ovidiene-in-dialog-cu-literatura-romana-moderna-si-postmoderna","status":"publish","type":"product","link":"https:\/\/editura-unibuc.ro\/en\/metamorfozele-ovidiene-in-dialog-cu-literatura-romana-moderna-si-postmoderna\/","title":{"rendered":"METAMORFOZELE OVIDIENE \u00ceN DIALOG CU LITERATURA ROM\u00c2N\u0102 MODERN\u0102 \u015eI POSTMODERN\u0102"},"content":{"rendered":"<hr \/>\n<p><strong><a href=\"https:\/\/books.google.ro\/books\/about?id=SPJgEAAAQBAJ&#038;redir_esc=y\" target=\"_blank\" rel=\"noopener\"><img decoding=\"async\" src=\"https:\/\/editura-unibuc.ro\/wp-content\/uploads\/2025\/04\/goo.png\" \/>Google Books<\/a><\/strong><br \/>&nbsp;<\/p>\n<hr \/>\n<p>Aceast\u0103 lucrare \u00ee\u015fi propune s\u0103 realizeze un studiu de literatur\u0103 comparat\u0103 ce are ca scop eviden\u0163ierea valorific\u0103rii temelor antice prin interpretarea analitic\u0103 a elementelor comune identificate \u00een Metamorfozele lui Ovidius \u015fi \u00een literatura rom\u00e2n\u0103 modern\u0103 \u015fi postmodern\u0103.<\/p>\n","protected":false},"excerpt":{"rendered":"<p>Google Books&nbsp; Aceast\u0103 lucrare \u00ee\u015fi propune s\u0103 realizeze un studiu de literatur\u0103 comparat\u0103 ce are ca scop eviden\u0163ierea valorific\u0103rii temelor antice prin interpretarea analitic\u0103 a elementelor comune identificate \u00een Metamorfozele lui Ovidius \u015fi \u00een literatura rom\u00e2n\u0103 modern\u0103 \u015fi postmodern\u0103.<\/p>\n","protected":false},"featured_media":23619,"comment_status":"open","ping_status":"closed","template":"","meta":[],"product_brand":[],"product_cat":[1531,856,1464,979],"product_tag":[3127,3128,3126],"class_list":{"0":"post-23618","1":"product","2":"type-product","3":"status-publish","4":"has-post-thumbnail","6":"product_cat-colectii","7":"product_cat-colectia-lci-limbi-culturi-identitati","8":"product_cat-filologie","9":"product_cat-limba-romana","10":"product_tag-literatura-romana-moderna","11":"product_tag-literatura-romana-postmoderna","12":"product_tag-metamorfozele-lui-ovidiu","14":"first","15":"outofstock","16":"shipping-taxable","17":"purchasable","18":"product-type-simple"},"_links":{"self":[{"href":"https:\/\/editura-unibuc.ro\/en\/wp-json\/wp\/v2\/product\/23618","targetHints":{"allow":["GET"]}}],"collection":[{"href":"https:\/\/editura-unibuc.ro\/en\/wp-json\/wp\/v2\/product"}],"about":[{"href":"https:\/\/editura-unibuc.ro\/en\/wp-json\/wp\/v2\/types\/product"}],"replies":[{"embeddable":true,"href":"https:\/\/editura-unibuc.ro\/en\/wp-json\/wp\/v2\/comments?post=23618"}],"wp:featuredmedia":[{"embeddable":true,"href":"https:\/\/editura-unibuc.ro\/en\/wp-json\/wp\/v2\/media\/23619"}],"wp:attachment":[{"href":"https:\/\/editura-unibuc.ro\/en\/wp-json\/wp\/v2\/media?parent=23618"}],"wp:term":[{"taxonomy":"product_brand","embeddable":true,"href":"https:\/\/editura-unibuc.ro\/en\/wp-json\/wp\/v2\/product_brand?post=23618"},{"taxonomy":"product_cat","embeddable":true,"href":"https:\/\/editura-unibuc.ro\/en\/wp-json\/wp\/v2\/product_cat?post=23618"},{"taxonomy":"product_tag","embeddable":true,"href":"https:\/\/editura-unibuc.ro\/en\/wp-json\/wp\/v2\/product_tag?post=23618"}],"curies":[{"name":"wp","href":"https:\/\/api.w.org\/{rel}","templated":true}]}}