{"id":23624,"date":"2018-11-06T11:16:46","date_gmt":"2018-11-06T09:16:46","guid":{"rendered":"https:\/\/editura-unibuc.ro\/?post_type=product&#038;p=23624"},"modified":"2025-04-28T13:11:05","modified_gmt":"2025-04-28T10:11:05","slug":"abordarea-pozitiva-conditie-a-incluziunii-scolare","status":"publish","type":"product","link":"https:\/\/editura-unibuc.ro\/en\/abordarea-pozitiva-conditie-a-incluziunii-scolare\/","title":{"rendered":"ABORDAREA POZITIV\u0102 &#8211; CONDI\u0162IE A INCLUZIUNII \u015eCOLARE"},"content":{"rendered":"<p><\/p>\n<hr \/>\n<p><strong><a href=\"https:\/\/books.google.ro\/books\/about?id=lZpCEAAAQBAJ&#038;redir_esc=y\" target=\"_blank\" rel=\"noopener\"><img decoding=\"async\" src=\"https:\/\/editura-unibuc.ro\/wp-content\/uploads\/2025\/04\/goo.png\" \/>Google Books<\/a><\/strong><br \/>&nbsp;<\/p>\n<hr \/>\n<p>Lucrarea de fa\u0163\u0103 abordeaz\u0103 problematica copiilor cu cerin\u0163e educa\u0163ionale speciale \u00een \u00eenv\u0103\u0163\u0103m\u00e2ntul de mas\u0103, pornind de la ideea de abordare pozitiv\u0103 \u00een educa\u0163ie.<\/p>\n<p>Necesitatea acestei c\u0103r\u021bi a izvor\u00e2t din: lipsa de informa\u0163ii pragmatice referitoare la metode de incluziune \u00een clas\u0103 \u015fi \u00een \u015fcoal\u0103 a copilului cu cerin\u0163e educa\u0163ionale speciale, lipsa de informa\u0163ii legate de adaptarea curricular\u0103 \u015fi adaptarea evalu\u0103rii, precum \u015fi din confuzia legat\u0103 de rolul \u015fi sarcinile ce revin unui profesor de sprijin \u00eentr-o \u015fcoal\u0103 de mas\u0103. <\/p>","protected":false},"excerpt":{"rendered":"<p>Google Books&nbsp; Lucrarea de fa\u0163\u0103 abordeaz\u0103 problematica copiilor cu cerin\u0163e educa\u0163ionale speciale \u00een \u00eenv\u0103\u0163\u0103m\u00e2ntul de mas\u0103, pornind de la ideea de abordare pozitiv\u0103 \u00een educa\u0163ie. Necesitatea acestei c\u0103r\u021bi a izvor\u00e2t din: lipsa de informa\u0163ii pragmatice referitoare la metode de incluziune \u00een clas\u0103 \u015fi \u00een \u015fcoal\u0103 a copilului cu cerin\u0163e educa\u0163ionale speciale, lipsa de informa\u0163ii legate [&hellip;]<\/p>\n","protected":false},"featured_media":23625,"comment_status":"open","ping_status":"closed","template":"","meta":[],"product_brand":[],"product_cat":[1531,2687,991,997,998],"product_tag":[1999,1170,1409],"class_list":{"0":"post-23624","1":"product","2":"type-product","3":"status-publish","4":"has-post-thumbnail","6":"product_cat-colectii","7":"product_cat-stiintele-educatiei","8":"product_cat-stiinte-sociale","9":"product_cat-psihologie-stiintele-educatiei-si-pedagogie","10":"product_cat-sociologie-si-asistenta-sociala","11":"product_tag-copii","12":"product_tag-educatie","13":"product_tag-scoala","15":"first","16":"outofstock","17":"shipping-taxable","18":"purchasable","19":"product-type-simple"},"_links":{"self":[{"href":"https:\/\/editura-unibuc.ro\/en\/wp-json\/wp\/v2\/product\/23624","targetHints":{"allow":["GET"]}}],"collection":[{"href":"https:\/\/editura-unibuc.ro\/en\/wp-json\/wp\/v2\/product"}],"about":[{"href":"https:\/\/editura-unibuc.ro\/en\/wp-json\/wp\/v2\/types\/product"}],"replies":[{"embeddable":true,"href":"https:\/\/editura-unibuc.ro\/en\/wp-json\/wp\/v2\/comments?post=23624"}],"wp:featuredmedia":[{"embeddable":true,"href":"https:\/\/editura-unibuc.ro\/en\/wp-json\/wp\/v2\/media\/23625"}],"wp:attachment":[{"href":"https:\/\/editura-unibuc.ro\/en\/wp-json\/wp\/v2\/media?parent=23624"}],"wp:term":[{"taxonomy":"product_brand","embeddable":true,"href":"https:\/\/editura-unibuc.ro\/en\/wp-json\/wp\/v2\/product_brand?post=23624"},{"taxonomy":"product_cat","embeddable":true,"href":"https:\/\/editura-unibuc.ro\/en\/wp-json\/wp\/v2\/product_cat?post=23624"},{"taxonomy":"product_tag","embeddable":true,"href":"https:\/\/editura-unibuc.ro\/en\/wp-json\/wp\/v2\/product_tag?post=23624"}],"curies":[{"name":"wp","href":"https:\/\/api.w.org\/{rel}","templated":true}]}}