{"id":23711,"date":"2018-11-22T23:57:56","date_gmt":"2018-11-22T21:57:56","guid":{"rendered":"https:\/\/editura-unibuc.ro\/?post_type=product&#038;p=23711"},"modified":"2020-03-06T12:29:43","modified_gmt":"2020-03-06T10:29:43","slug":"emotiile-in-mass-media-stirile-terorii","status":"publish","type":"product","link":"https:\/\/editura-unibuc.ro\/en\/emotiile-in-mass-media-stirile-terorii\/","title":{"rendered":"EMOTIONS IN MASS MEDIA \u2013 THE TERRIFIC NEWS"},"content":{"rendered":"<p>\u201e\u00cen octombrie 2008, \u00een calitatea mea de reporter special al departamentului sport din cadrul televiziunii Realitatea TV, am primit o misiune grea. Trebuia s\u0103 realizez o transmisiune \u00een direct av\u00e2nd ca subiect moartea unei feti\u0163e \u00een v\u00e2rst\u0103 de doar 4 ani. Suferise de o boal\u0103 grav\u0103 a sistemului nervos \u015fi reprezenta o \u015ftire pentru jurnali\u015ftii sportivi, deoarece mama copilului era marea campioan\u0103 de gimnastic\u0103 Lavinia Milo\u015fovici.<br \/>\nDincolo de dezbaterile ce ar putea s\u0103 apar\u0103 prin prisma politicilor editoriale care transform\u0103 un subiect de via\u0163\u0103 privat\u0103 \u00een \u015ftire na\u0163ional\u0103, transmisiunea a fost inedit\u0103 pentru c\u0103, \u00een timp ce vorbeam, mi-au dat lacrimile. Influen\u0163at\u0103 \u015fi de faptul c\u0103 acas\u0103 m\u0103 a\u015ftepta feti\u0163a mea de un an, Ilinca, \u015fi cople\u015fit\u0103 de emo\u0163iile momentului, am ar\u0103tat o sensibilitate nefireasc\u0103 pentru un jurnalist. O manifestare care acas\u0103, \u00een fa\u0163a televizoarelor, a f\u0103cut zeci de mame s\u0103 l\u0103crimeze.\u201d (Anamaria Nicola)<\/p>\n","protected":false},"excerpt":{"rendered":"<p>\u201e\u00cen octombrie 2008, \u00een calitatea mea de reporter special al departamentului sport din cadrul televiziunii Realitatea TV, am primit o misiune grea. Trebuia s\u0103 realizez o transmisiune \u00een direct av\u00e2nd ca subiect moartea unei feti\u0163e \u00een v\u00e2rst\u0103 de doar 4 ani. Suferise de o boal\u0103 grav\u0103 a sistemului nervos \u015fi reprezenta o \u015ftire pentru jurnali\u015ftii [&hellip;]<\/p>\n","protected":false},"featured_media":23712,"comment_status":"open","ping_status":"closed","template":"","meta":[],"product_brand":[],"product_cat":[1531,2581,991,996],"product_tag":[3142,1101,3143],"class_list":{"0":"post-23711","1":"product","2":"type-product","3":"status-publish","4":"has-post-thumbnail","6":"product_cat-colectii","7":"product_cat-cultura-si-comunicare","8":"product_cat-stiinte-sociale","9":"product_cat-jurnalism-si-stiintele-comunicarii","10":"product_tag-emotiile-in-sfera-publica","11":"product_tag-mass-media","12":"product_tag-teorii-ale-emotiilor","14":"first","15":"instock","16":"shipping-taxable","17":"purchasable","18":"product-type-simple"},"_links":{"self":[{"href":"https:\/\/editura-unibuc.ro\/en\/wp-json\/wp\/v2\/product\/23711","targetHints":{"allow":["GET"]}}],"collection":[{"href":"https:\/\/editura-unibuc.ro\/en\/wp-json\/wp\/v2\/product"}],"about":[{"href":"https:\/\/editura-unibuc.ro\/en\/wp-json\/wp\/v2\/types\/product"}],"replies":[{"embeddable":true,"href":"https:\/\/editura-unibuc.ro\/en\/wp-json\/wp\/v2\/comments?post=23711"}],"wp:featuredmedia":[{"embeddable":true,"href":"https:\/\/editura-unibuc.ro\/en\/wp-json\/wp\/v2\/media\/23712"}],"wp:attachment":[{"href":"https:\/\/editura-unibuc.ro\/en\/wp-json\/wp\/v2\/media?parent=23711"}],"wp:term":[{"taxonomy":"product_brand","embeddable":true,"href":"https:\/\/editura-unibuc.ro\/en\/wp-json\/wp\/v2\/product_brand?post=23711"},{"taxonomy":"product_cat","embeddable":true,"href":"https:\/\/editura-unibuc.ro\/en\/wp-json\/wp\/v2\/product_cat?post=23711"},{"taxonomy":"product_tag","embeddable":true,"href":"https:\/\/editura-unibuc.ro\/en\/wp-json\/wp\/v2\/product_tag?post=23711"}],"curies":[{"name":"wp","href":"https:\/\/api.w.org\/{rel}","templated":true}]}}