{"id":23713,"date":"2018-11-23T00:01:08","date_gmt":"2018-11-22T22:01:08","guid":{"rendered":"https:\/\/editura-unibuc.ro\/?post_type=product&#038;p=23713"},"modified":"2025-08-28T12:18:59","modified_gmt":"2025-08-28T09:18:59","slug":"studii-lingvistice-omagiu-valeriei-gutu-romalo","status":"publish","type":"product","link":"https:\/\/editura-unibuc.ro\/en\/studii-lingvistice-omagiu-valeriei-gutu-romalo\/","title":{"rendered":"STUDIES IN LINGUISTICS. A TRIBUTE TO VALERIA GU\u0162U ROMALO"},"content":{"rendered":"<p>\u201eSoliditatea argumenta\u0163iei, inteligen\u0163a inovatoare, darul de a distinge esen\u0163ialul de marginal \u015fi puterea de sintez\u0103 \u015fi generalizare au f\u0103cut ca opera lingvistic\u0103 a Valeriei Gu\u0163u Romalo s\u0103 fie la fel de actual\u0103 \u015fi de important\u0103 ast\u0103zi ca \u00een momentul apari\u0163iei fiec\u0103rui text \u00een parte. \u00cei dator\u0103m cea mai riguroas\u0103 clasificare a verbelor rom\u00e2ne\u015fti, disocierea tipurilor de alomorfe, bazele studiului modern al modalit\u0103\u0163ii \u015fi al aspectului \u00een limba rom\u00e2n\u0103, reinterpretarea statutului articolului, semnalarea principalelor necunoscute \u00een interpretarea diatezei, a marc\u0103rii diferen\u0163iate a obiectului direct \u015fi multe altele. \u00cen acela\u015fi timp, \u00een complementaritate cu explorarea coeren\u0163ei \u015fi a economiei sistemului lingvistic, lingvista \u015fi-a manifestat interesul pentru dinamic\u0103 \u015fi pentru func\u0163ionarea comunicativ\u0103 a limbii, urm\u0103rind raportul dintre norm\u0103 \u015fi abatere, efectele modei lingvistice, manifest\u0103rile limbii rom\u00e2ne \u00een pres\u0103, caracteristicile limbii vorbite, principiile comunic\u0103rii dialogale. Al\u0103turi de marile sale c\u0103r\u0163i, fondatoare ale gramaticii structurale rom\u00e2ne\u015fti, stau articolele dense \u015fi esen\u0163iale pe care le-a publicat, de-a lungul timpului \u2013 de la cele asupra marilor distinc\u0163ii conceptuale \u015fi a naturii categoriilor gramaticale, p\u00e2n\u0103 la descrierile metalimbajului, ale sintaxei comentariului sportiv, ale cli\u015feelor limbii de lemn. Sunt la fel de solide \u015fi contribu\u0163iile sale la istoria limbii rom\u00e2ne literare \u2013 prin studii diacronice, prin editarea de text, dar mai ales prin abordarea \u015ftiin\u0163ific\u0103 a fenomenului cultural al norm\u0103rii. I se datoreaz\u0103 Gramatica Academiei, edi\u0163iile din 2005 \u015fi 2008, \u00een care numeroase nout\u0103\u0163i din lingvistica rom\u00e2neasc\u0103 \u015fi interna\u0163ional\u0103 au fost integrate armonios.\u201d (Editorii)<\/p>\n","protected":false},"excerpt":{"rendered":"<p>\u201eSoliditatea argumenta\u0163iei, inteligen\u0163a inovatoare, darul de a distinge esen\u0163ialul de marginal \u015fi puterea de sintez\u0103 \u015fi generalizare au f\u0103cut ca opera lingvistic\u0103 a Valeriei Gu\u0163u Romalo s\u0103 fie la fel de actual\u0103 \u015fi de important\u0103 ast\u0103zi ca \u00een momentul apari\u0163iei fiec\u0103rui text \u00een parte. \u00cei dator\u0103m cea mai riguroas\u0103 clasificare a verbelor rom\u00e2ne\u015fti, disocierea tipurilor [&hellip;]<\/p>\n","protected":false},"featured_media":23714,"comment_status":"open","ping_status":"closed","template":"","meta":[],"product_brand":[],"product_cat":[1531,2509,1464,979],"product_tag":[895,949,3145,3144],"class_list":{"0":"post-23713","1":"product","2":"type-product","3":"status-publish","4":"has-post-thumbnail","6":"product_cat-colectii","7":"product_cat-personalitati-ale-universitatii-din-bucuresti","8":"product_cat-filologie","9":"product_cat-limba-romana","10":"product_tag-lingvistica","11":"product_tag-omagiu","12":"product_tag-sintaxa-limbii-romane","13":"product_tag-valeria-gutu-romalo","15":"first","16":"instock","17":"shipping-taxable","18":"purchasable","19":"product-type-simple"},"_links":{"self":[{"href":"https:\/\/editura-unibuc.ro\/en\/wp-json\/wp\/v2\/product\/23713","targetHints":{"allow":["GET"]}}],"collection":[{"href":"https:\/\/editura-unibuc.ro\/en\/wp-json\/wp\/v2\/product"}],"about":[{"href":"https:\/\/editura-unibuc.ro\/en\/wp-json\/wp\/v2\/types\/product"}],"replies":[{"embeddable":true,"href":"https:\/\/editura-unibuc.ro\/en\/wp-json\/wp\/v2\/comments?post=23713"}],"wp:featuredmedia":[{"embeddable":true,"href":"https:\/\/editura-unibuc.ro\/en\/wp-json\/wp\/v2\/media\/23714"}],"wp:attachment":[{"href":"https:\/\/editura-unibuc.ro\/en\/wp-json\/wp\/v2\/media?parent=23713"}],"wp:term":[{"taxonomy":"product_brand","embeddable":true,"href":"https:\/\/editura-unibuc.ro\/en\/wp-json\/wp\/v2\/product_brand?post=23713"},{"taxonomy":"product_cat","embeddable":true,"href":"https:\/\/editura-unibuc.ro\/en\/wp-json\/wp\/v2\/product_cat?post=23713"},{"taxonomy":"product_tag","embeddable":true,"href":"https:\/\/editura-unibuc.ro\/en\/wp-json\/wp\/v2\/product_tag?post=23713"}],"curies":[{"name":"wp","href":"https:\/\/api.w.org\/{rel}","templated":true}]}}