{"id":23715,"date":"2018-11-23T00:05:55","date_gmt":"2018-11-22T22:05:55","guid":{"rendered":"https:\/\/editura-unibuc.ro\/?post_type=product&#038;p=23715"},"modified":"2025-08-28T12:22:05","modified_gmt":"2025-08-28T09:22:05","slug":"teritorii-granite-comunitati","status":"publish","type":"product","link":"https:\/\/editura-unibuc.ro\/en\/teritorii-granite-comunitati\/","title":{"rendered":"TERRITORIES, FRONTIERS, COMMUNITIES"},"content":{"rendered":"<p>Volumul reune\u015fte comunic\u0103ri prezentate la Conferin\u0163a interna\u0163ional\u0103 \u00een Studii Culturale \u015fi \u015etiin\u0163e ale Comunic\u0103rii <em>TERITORII, GRANI\u0162E, COMUNIT\u0102\u0162I, Reconfigur\u0103ri identitare \u00eentr-o lume (dis)continu\u0103<\/em>, organizat\u0103 de Facultatea de Litere a Universit\u0103\u0163ii din Bucure\u015fti \u00een perioada 4-5 noiembrie 2016.<\/p>\n<p>Contribu\u0163iile vin din c\u00e2mpuri teoretice, din perspective diverse: sociologie, istoria artei, antropologie, critic\u0103 literar\u0103 etc. Ele examineaz\u0103 o problematic\u0103 polimorf\u0103 \u015fi plin\u0103 de tensiuni.<\/p>\n","protected":false},"excerpt":{"rendered":"<p>Volumul reune\u015fte comunic\u0103ri prezentate la Conferin\u0163a interna\u0163ional\u0103 \u00een Studii Culturale \u015fi \u015etiin\u0163e ale Comunic\u0103rii TERITORII, GRANI\u0162E, COMUNIT\u0102\u0162I, Reconfigur\u0103ri identitare \u00eentr-o lume (dis)continu\u0103, organizat\u0103 de Facultatea de Litere a Universit\u0103\u0163ii din Bucure\u015fti \u00een perioada 4-5 noiembrie 2016. Contribu\u0163iile vin din c\u00e2mpuri teoretice, din perspective diverse: sociologie, istoria artei, antropologie, critic\u0103 literar\u0103 etc. Ele examineaz\u0103 o problematic\u0103 [&hellip;]<\/p>\n","protected":false},"featured_media":23716,"comment_status":"open","ping_status":"closed","template":"","meta":[],"product_brand":[],"product_cat":[1531,2756,1464,979],"product_tag":[3148,3150,3147,3149,3146],"class_list":{"0":"post-23715","1":"product","2":"type-product","3":"status-publish","4":"has-post-thumbnail","6":"product_cat-colectii","7":"product_cat-lingvistica-lingua","8":"product_cat-filologie","9":"product_cat-limba-romana","10":"product_tag-comunitati","11":"product_tag-cultura-si-comunicare","12":"product_tag-granite","13":"product_tag-reconfigurari-identitare","14":"product_tag-teritorii","16":"first","17":"instock","18":"shipping-taxable","19":"purchasable","20":"product-type-simple"},"_links":{"self":[{"href":"https:\/\/editura-unibuc.ro\/en\/wp-json\/wp\/v2\/product\/23715","targetHints":{"allow":["GET"]}}],"collection":[{"href":"https:\/\/editura-unibuc.ro\/en\/wp-json\/wp\/v2\/product"}],"about":[{"href":"https:\/\/editura-unibuc.ro\/en\/wp-json\/wp\/v2\/types\/product"}],"replies":[{"embeddable":true,"href":"https:\/\/editura-unibuc.ro\/en\/wp-json\/wp\/v2\/comments?post=23715"}],"wp:featuredmedia":[{"embeddable":true,"href":"https:\/\/editura-unibuc.ro\/en\/wp-json\/wp\/v2\/media\/23716"}],"wp:attachment":[{"href":"https:\/\/editura-unibuc.ro\/en\/wp-json\/wp\/v2\/media?parent=23715"}],"wp:term":[{"taxonomy":"product_brand","embeddable":true,"href":"https:\/\/editura-unibuc.ro\/en\/wp-json\/wp\/v2\/product_brand?post=23715"},{"taxonomy":"product_cat","embeddable":true,"href":"https:\/\/editura-unibuc.ro\/en\/wp-json\/wp\/v2\/product_cat?post=23715"},{"taxonomy":"product_tag","embeddable":true,"href":"https:\/\/editura-unibuc.ro\/en\/wp-json\/wp\/v2\/product_tag?post=23715"}],"curies":[{"name":"wp","href":"https:\/\/api.w.org\/{rel}","templated":true}]}}