{"id":23717,"date":"2018-11-23T00:06:31","date_gmt":"2018-11-22T22:06:31","guid":{"rendered":"https:\/\/editura-unibuc.ro\/?post_type=product&#038;p=23717"},"modified":"2020-01-20T12:12:11","modified_gmt":"2020-01-20T10:12:11","slug":"convergente-lingvistice-balcano-romanice-in-dialectele-romanesti-sud-dunarene-carte-cu-cd","status":"publish","type":"product","link":"https:\/\/editura-unibuc.ro\/en\/convergente-lingvistice-balcano-romanice-in-dialectele-romanesti-sud-dunarene-carte-cu-cd\/","title":{"rendered":"ROMANIAN-BALKANIC LINGUISTIC CONVERGENCES IN THE SOUTH-DANUBIAN ROMANIAN DIALECTS [Book with CD]"},"content":{"rendered":"<p>\u201e\u00cen perioada iulie-septembrie 2016 \u015fi aprilie-mai 2017 Manuela Nevaci a efectuat anchete dialectale \u00een Albania, Grecia, R. Macedonia, Croa\u0163ia \u00een cadrul proiectului <em>Convergen\u0163e lingvistice balcano-romanice \u00een dialectele rom\u00e2ne\u015fti sud-dun\u0103rene<\/em>, la care se adaug\u0103 cercetarea de teren efectuat\u0103 de Ionu\u0163 Gean\u0103 \u00een Croa\u0163ia \u00een perioada 24 iunie-2 iulie 2016. [\u2026] Toate materialele dialectale au fost \u00eenregistrate pe suport electronic, o parte dintre ele fiind anexate la lucrarea de fa\u0163\u0103.\u201d (Autorii)<\/p>\n","protected":false},"excerpt":{"rendered":"<p>\u201e\u00cen perioada iulie-septembrie 2016 \u015fi aprilie-mai 2017 Manuela Nevaci a efectuat anchete dialectale \u00een Albania, Grecia, R. Macedonia, Croa\u0163ia \u00een cadrul proiectului Convergen\u0163e lingvistice balcano-romanice \u00een dialectele rom\u00e2ne\u015fti sud-dun\u0103rene, la care se adaug\u0103 cercetarea de teren efectuat\u0103 de Ionu\u0163 Gean\u0103 \u00een Croa\u0163ia \u00een perioada 24 iunie-2 iulie 2016. [\u2026] Toate materialele dialectale au fost \u00eenregistrate [&hellip;]<\/p>\n","protected":false},"featured_media":23718,"comment_status":"open","ping_status":"closed","template":"","meta":[],"product_brand":[],"product_cat":[1531,2756,1464,979],"product_tag":[3151,1711,936,895],"class_list":{"0":"post-23717","1":"product","2":"type-product","3":"status-publish","4":"has-post-thumbnail","6":"product_cat-colectii","7":"product_cat-lingvistica-lingua","8":"product_cat-filologie","9":"product_cat-limba-romana","10":"product_tag-dialectele-romanesti-sud-dunarene","11":"product_tag-dialectologie","12":"product_tag-limbi-romanice","13":"product_tag-lingvistica","15":"first","16":"outofstock","17":"shipping-taxable","18":"purchasable","19":"product-type-simple"},"_links":{"self":[{"href":"https:\/\/editura-unibuc.ro\/en\/wp-json\/wp\/v2\/product\/23717","targetHints":{"allow":["GET"]}}],"collection":[{"href":"https:\/\/editura-unibuc.ro\/en\/wp-json\/wp\/v2\/product"}],"about":[{"href":"https:\/\/editura-unibuc.ro\/en\/wp-json\/wp\/v2\/types\/product"}],"replies":[{"embeddable":true,"href":"https:\/\/editura-unibuc.ro\/en\/wp-json\/wp\/v2\/comments?post=23717"}],"wp:featuredmedia":[{"embeddable":true,"href":"https:\/\/editura-unibuc.ro\/en\/wp-json\/wp\/v2\/media\/23718"}],"wp:attachment":[{"href":"https:\/\/editura-unibuc.ro\/en\/wp-json\/wp\/v2\/media?parent=23717"}],"wp:term":[{"taxonomy":"product_brand","embeddable":true,"href":"https:\/\/editura-unibuc.ro\/en\/wp-json\/wp\/v2\/product_brand?post=23717"},{"taxonomy":"product_cat","embeddable":true,"href":"https:\/\/editura-unibuc.ro\/en\/wp-json\/wp\/v2\/product_cat?post=23717"},{"taxonomy":"product_tag","embeddable":true,"href":"https:\/\/editura-unibuc.ro\/en\/wp-json\/wp\/v2\/product_tag?post=23717"}],"curies":[{"name":"wp","href":"https:\/\/api.w.org\/{rel}","templated":true}]}}