{"id":23719,"date":"2018-11-23T00:09:06","date_gmt":"2018-11-22T22:09:06","guid":{"rendered":"https:\/\/editura-unibuc.ro\/?post_type=product&#038;p=23719"},"modified":"2023-03-07T11:16:18","modified_gmt":"2023-03-07T09:16:18","slug":"studia-politica-romanian-political-science-review-vol-xviii-no-3-2018","status":"publish","type":"product","link":"https:\/\/editura-unibuc.ro\/en\/studia-politica-romanian-political-science-review-vol-xviii-no-3-2018\/","title":{"rendered":"STUDIA POLITICA. Romanian Political Science Review, vol. XVIII, no. 3, 2018"},"content":{"rendered":"<p>Din Cuprins: J\u00f6rg Michael Dostal (Seoul University), \u201eSyria\u2019s Global War and Beyond: Will the Balance of Power in the Middle East Be Restored?\u201d; Mihai Chirv\u0103su\u0163\u0103 (University of Bucharest), \u201eCaricatura, lirica \u015fi afi\u015fele electorale. Forme ale confrunt\u0103rilor partizane \u00een alegerile generale din 1937\u201d; Anemona Constantin (University Paris Nanterre), \u201eLe M\u00e9morial de Sighet, entre \u00abdevoir de m\u00e9moire\u00bb et contraintes de l\u2019histoire. Analyse sociologique d\u2019une r\u00e9ussite improbable\u201d.<\/p>\n","protected":false},"excerpt":{"rendered":"<p>Din Cuprins: J\u00f6rg Michael Dostal (Seoul University), \u201eSyria\u2019s Global War and Beyond: Will the Balance of Power in the Middle East Be Restored?\u201d; Mihai Chirv\u0103su\u0163\u0103 (University of Bucharest), \u201eCaricatura, lirica \u015fi afi\u015fele electorale. Forme ale confrunt\u0103rilor partizane \u00een alegerile generale din 1937\u201d; Anemona Constantin (University Paris Nanterre), \u201eLe M\u00e9morial de Sighet, entre \u00abdevoir de m\u00e9moire\u00bb [&hellip;]<\/p>\n","protected":false},"featured_media":23720,"comment_status":"open","ping_status":"closed","template":"","meta":[],"product_brand":[],"product_cat":[3904,1531,1469,1893,991,995],"product_tag":[881,1097],"class_list":{"0":"post-23719","1":"product","2":"type-product","3":"status-publish","4":"has-post-thumbnail","6":"product_cat-studia-politica-reviste","7":"product_cat-colectii","8":"product_cat-periodice","9":"product_cat-reviste-academice","10":"product_cat-stiinte-sociale","11":"product_cat-istorie-stiinte-politice","12":"product_tag-istorie","13":"product_tag-stiinte-politice","15":"first","16":"outofstock","17":"shipping-taxable","18":"product-type-simple"},"_links":{"self":[{"href":"https:\/\/editura-unibuc.ro\/en\/wp-json\/wp\/v2\/product\/23719","targetHints":{"allow":["GET"]}}],"collection":[{"href":"https:\/\/editura-unibuc.ro\/en\/wp-json\/wp\/v2\/product"}],"about":[{"href":"https:\/\/editura-unibuc.ro\/en\/wp-json\/wp\/v2\/types\/product"}],"replies":[{"embeddable":true,"href":"https:\/\/editura-unibuc.ro\/en\/wp-json\/wp\/v2\/comments?post=23719"}],"wp:featuredmedia":[{"embeddable":true,"href":"https:\/\/editura-unibuc.ro\/en\/wp-json\/wp\/v2\/media\/23720"}],"wp:attachment":[{"href":"https:\/\/editura-unibuc.ro\/en\/wp-json\/wp\/v2\/media?parent=23719"}],"wp:term":[{"taxonomy":"product_brand","embeddable":true,"href":"https:\/\/editura-unibuc.ro\/en\/wp-json\/wp\/v2\/product_brand?post=23719"},{"taxonomy":"product_cat","embeddable":true,"href":"https:\/\/editura-unibuc.ro\/en\/wp-json\/wp\/v2\/product_cat?post=23719"},{"taxonomy":"product_tag","embeddable":true,"href":"https:\/\/editura-unibuc.ro\/en\/wp-json\/wp\/v2\/product_tag?post=23719"}],"curies":[{"name":"wp","href":"https:\/\/api.w.org\/{rel}","templated":true}]}}