{"id":23783,"date":"2018-12-03T15:12:05","date_gmt":"2018-12-03T13:12:05","guid":{"rendered":"https:\/\/editura-unibuc.ro\/?post_type=product&#038;p=23783"},"modified":"2018-12-03T15:12:09","modified_gmt":"2018-12-03T13:12:09","slug":"the-state-artist-in-romania-and-eastern-europe-the-role-of-the-creative-unions","status":"publish","type":"product","link":"https:\/\/editura-unibuc.ro\/en\/the-state-artist-in-romania-and-eastern-europe-the-role-of-the-creative-unions\/","title":{"rendered":"THE STATE ARTIST IN ROMANIA AND EASTERN EUROPE. THE ROLE OF THE CREATIVE UNIONS"},"content":{"rendered":"<p>\u201cThis volume is part of the research project \u201cFrom the \u2018state artist\u2019 to the artist dependent on the state: The Union of Visual Artists (of Romania) (1950-2010) \u2013 the Bucharest branch\u201d financed by the UEFISCDI (PN-II-RU-TE-2014-4-0243, Contract 206\/2015, 01\/10\/2015 \u2013 30\/09\/2017) hosted by the CPES at the University of Bucharest. The collection of articles included in this volume was selected on the basis of the presentations at the international conference \u201cThe State Artist in Romania and Eastern Europe\u201d, which was held at the Department of Political Science, University of Bucharest (November 5, 2016). This volume could not have been possible without the effort, patience and talent of the research team formed of Alina Popescu, Dan Dr\u0103ghia, Dumitru L\u0103c\u0103tu\u015fu and Cristina Stoenescu, as well as of that of the authors invited to contribute.\u201d (Caterina Preda)<\/p>\n","protected":false},"excerpt":{"rendered":"<p>\u201cThis volume is part of the research project \u201cFrom the \u2018state artist\u2019 to the artist dependent on the state: The Union of Visual Artists (of Romania) (1950-2010) \u2013 the Bucharest branch\u201d financed by the UEFISCDI (PN-II-RU-TE-2014-4-0243, Contract 206\/2015, 01\/10\/2015 \u2013 30\/09\/2017) hosted by the CPES at the University of Bucharest. The collection of articles included [&hellip;]<\/p>\n","protected":false},"featured_media":23784,"comment_status":"open","ping_status":"closed","template":"","meta":[],"product_brand":[],"product_cat":[1531,2389,991,995],"product_tag":[3155,3156,3154,1097,2361],"class_list":{"0":"post-23783","1":"product","2":"type-product","3":"status-publish","4":"has-post-thumbnail","6":"product_cat-colectii","7":"product_cat-memorie-identitate","8":"product_cat-stiinte-sociale","9":"product_cat-istorie-stiinte-politice","10":"product_tag-statutul-de-artist-in-europa","11":"product_tag-statutul-de-artist-in-europa-de-est","12":"product_tag-statutul-de-artist-in-romania","13":"product_tag-stiinte-politice","14":"product_tag-uniunea-artistilor-plastici","16":"first","17":"outofstock","18":"shipping-taxable","19":"product-type-simple"},"_links":{"self":[{"href":"https:\/\/editura-unibuc.ro\/en\/wp-json\/wp\/v2\/product\/23783","targetHints":{"allow":["GET"]}}],"collection":[{"href":"https:\/\/editura-unibuc.ro\/en\/wp-json\/wp\/v2\/product"}],"about":[{"href":"https:\/\/editura-unibuc.ro\/en\/wp-json\/wp\/v2\/types\/product"}],"replies":[{"embeddable":true,"href":"https:\/\/editura-unibuc.ro\/en\/wp-json\/wp\/v2\/comments?post=23783"}],"wp:featuredmedia":[{"embeddable":true,"href":"https:\/\/editura-unibuc.ro\/en\/wp-json\/wp\/v2\/media\/23784"}],"wp:attachment":[{"href":"https:\/\/editura-unibuc.ro\/en\/wp-json\/wp\/v2\/media?parent=23783"}],"wp:term":[{"taxonomy":"product_brand","embeddable":true,"href":"https:\/\/editura-unibuc.ro\/en\/wp-json\/wp\/v2\/product_brand?post=23783"},{"taxonomy":"product_cat","embeddable":true,"href":"https:\/\/editura-unibuc.ro\/en\/wp-json\/wp\/v2\/product_cat?post=23783"},{"taxonomy":"product_tag","embeddable":true,"href":"https:\/\/editura-unibuc.ro\/en\/wp-json\/wp\/v2\/product_tag?post=23783"}],"curies":[{"name":"wp","href":"https:\/\/api.w.org\/{rel}","templated":true}]}}