{"id":23787,"date":"2018-12-03T15:21:27","date_gmt":"2018-12-03T13:21:27","guid":{"rendered":"https:\/\/editura-unibuc.ro\/?post_type=product&#038;p=23787"},"modified":"2025-09-11T09:54:18","modified_gmt":"2025-09-11T06:54:18","slug":"scribul-in-literatura-faraonica","status":"publish","type":"product","link":"https:\/\/editura-unibuc.ro\/en\/scribul-in-literatura-faraonica\/","title":{"rendered":"THE SCRIBE IN PHARAONIC LITERATURE"},"content":{"rendered":"<p>Domnul prof. univ. dr. Miron Cih\u00f3 prezint\u0103 o lucrare excep\u021bional\u0103 \u0219i unic\u0103 \u00een peisajul publicistic rom\u00e2nesc, dedicat\u0103 uneia dintre cele mai importante categorii de personaje ale istoriei antice circum-mediteraneene: scribul egiptean.<\/p>\n","protected":false},"excerpt":{"rendered":"<p>Domnul prof. univ. dr. Miron Cih\u00f3 prezint\u0103 o lucrare excep\u021bional\u0103 \u0219i unic\u0103 \u00een peisajul publicistic rom\u00e2nesc, dedicat\u0103 uneia dintre cele mai importante categorii de personaje ale istoriei antice circum-mediteraneene: scribul egiptean.<\/p>\n","protected":false},"featured_media":23788,"comment_status":"open","ping_status":"closed","template":"","meta":[],"product_brand":[],"product_cat":[3610,991,995],"product_tag":[942,3158,868,2355],"class_list":{"0":"post-23787","1":"product","2":"type-product","3":"status-publish","4":"has-post-thumbnail","6":"product_cat-studii-de-egiptologie","7":"product_cat-stiinte-sociale","8":"product_cat-istorie-stiinte-politice","9":"product_tag-antichitate","10":"product_tag-egipt-antic","11":"product_tag-egiptologie","12":"product_tag-faraoni","14":"first","15":"instock","16":"shipping-taxable","17":"purchasable","18":"product-type-simple"},"_links":{"self":[{"href":"https:\/\/editura-unibuc.ro\/en\/wp-json\/wp\/v2\/product\/23787","targetHints":{"allow":["GET"]}}],"collection":[{"href":"https:\/\/editura-unibuc.ro\/en\/wp-json\/wp\/v2\/product"}],"about":[{"href":"https:\/\/editura-unibuc.ro\/en\/wp-json\/wp\/v2\/types\/product"}],"replies":[{"embeddable":true,"href":"https:\/\/editura-unibuc.ro\/en\/wp-json\/wp\/v2\/comments?post=23787"}],"wp:featuredmedia":[{"embeddable":true,"href":"https:\/\/editura-unibuc.ro\/en\/wp-json\/wp\/v2\/media\/23788"}],"wp:attachment":[{"href":"https:\/\/editura-unibuc.ro\/en\/wp-json\/wp\/v2\/media?parent=23787"}],"wp:term":[{"taxonomy":"product_brand","embeddable":true,"href":"https:\/\/editura-unibuc.ro\/en\/wp-json\/wp\/v2\/product_brand?post=23787"},{"taxonomy":"product_cat","embeddable":true,"href":"https:\/\/editura-unibuc.ro\/en\/wp-json\/wp\/v2\/product_cat?post=23787"},{"taxonomy":"product_tag","embeddable":true,"href":"https:\/\/editura-unibuc.ro\/en\/wp-json\/wp\/v2\/product_tag?post=23787"}],"curies":[{"name":"wp","href":"https:\/\/api.w.org\/{rel}","templated":true}]}}