{"id":23836,"date":"2018-12-07T14:06:18","date_gmt":"2018-12-07T12:06:18","guid":{"rendered":"https:\/\/editura-unibuc.ro\/?post_type=product&#038;p=23836"},"modified":"2025-05-09T09:43:21","modified_gmt":"2025-05-09T06:43:21","slug":"jurnalul-drumului-si-calatoriei-domnului-lev-din-rozmital-si-din-blatna-din-cehia-pana-la-capatul-lumii","status":"publish","type":"product","link":"https:\/\/editura-unibuc.ro\/en\/jurnalul-drumului-si-calatoriei-domnului-lev-din-rozmital-si-din-blatna-din-cehia-pana-la-capatul-lumii\/","title":{"rendered":"MR. LEV&#8217;S OF RO\u017dMITAL AND BLATN\u00c1 ROAD AND JOURNEY DIARY FROM THE CZECHIA TO THE END OF THE WORLD"},"content":{"rendered":"<hr \/>\n<p><strong><a href=\"https:\/\/books.google.ro\/books\/about?id=QPJgEAAAQBAJ&#038;redir_esc=y\" target=\"_blank\" rel=\"noopener\"><img decoding=\"async\" src=\"https:\/\/editura-unibuc.ro\/wp-content\/uploads\/2025\/04\/goo.png\" \/>Google Books<\/a><\/strong><br \/>&nbsp;<\/p>\n<hr \/>\n<p>V\u00e1clav \u0160a\u0161ek din B\u00ed\u0159kov este autorul celui mai vechi jurnal de c\u0103l\u0103torie ceh, pe care l-a elaborat \u00een anii 1465-1467, c\u00e2nd a f\u0103cut parte din delega\u021bia trimis\u0103 de regele ceh Gheorghe de Pod\u0115brady \u00een Europa Central\u0103 \u0219i Occidental\u0103 pentru a \u00eencerca s\u0103 conving\u0103 capetele \u00eencoronate ale acelei vremi s\u0103 \u00eencheie o alian\u021b\u0103 a cre\u0219tinilor \u00eempotriva turcilor. (Dic\u021bionarul scriitorilor cehi)<\/p>\n","protected":false},"excerpt":{"rendered":"<p>Google Books&nbsp; V\u00e1clav \u0160a\u0161ek din B\u00ed\u0159kov este autorul celui mai vechi jurnal de c\u0103l\u0103torie ceh, pe care l-a elaborat \u00een anii 1465-1467, c\u00e2nd a f\u0103cut parte din delega\u021bia trimis\u0103 de regele ceh Gheorghe de Pod\u0115brady \u00een Europa Central\u0103 \u0219i Occidental\u0103 pentru a \u00eencerca s\u0103 conving\u0103 capetele \u00eencoronate ale acelei vremi s\u0103 \u00eencheie o alian\u021b\u0103 a [&hellip;]<\/p>\n","protected":false},"featured_media":23833,"comment_status":"open","ping_status":"closed","template":"","meta":[],"product_brand":[],"product_cat":[1531,3165,1464,981],"product_tag":[1019,3166,1380],"class_list":{"0":"post-23836","1":"product","2":"type-product","3":"status-publish","4":"has-post-thumbnail","6":"product_cat-colectii","7":"product_cat-oglindiri-universale","8":"product_cat-filologie","9":"product_cat-limbi-slave","10":"product_tag-limba-ceha","11":"product_tag-secolul-al-xv-lea","12":"product_tag-traduceri","14":"first","15":"instock","16":"shipping-taxable","17":"purchasable","18":"product-type-simple"},"_links":{"self":[{"href":"https:\/\/editura-unibuc.ro\/en\/wp-json\/wp\/v2\/product\/23836","targetHints":{"allow":["GET"]}}],"collection":[{"href":"https:\/\/editura-unibuc.ro\/en\/wp-json\/wp\/v2\/product"}],"about":[{"href":"https:\/\/editura-unibuc.ro\/en\/wp-json\/wp\/v2\/types\/product"}],"replies":[{"embeddable":true,"href":"https:\/\/editura-unibuc.ro\/en\/wp-json\/wp\/v2\/comments?post=23836"}],"wp:featuredmedia":[{"embeddable":true,"href":"https:\/\/editura-unibuc.ro\/en\/wp-json\/wp\/v2\/media\/23833"}],"wp:attachment":[{"href":"https:\/\/editura-unibuc.ro\/en\/wp-json\/wp\/v2\/media?parent=23836"}],"wp:term":[{"taxonomy":"product_brand","embeddable":true,"href":"https:\/\/editura-unibuc.ro\/en\/wp-json\/wp\/v2\/product_brand?post=23836"},{"taxonomy":"product_cat","embeddable":true,"href":"https:\/\/editura-unibuc.ro\/en\/wp-json\/wp\/v2\/product_cat?post=23836"},{"taxonomy":"product_tag","embeddable":true,"href":"https:\/\/editura-unibuc.ro\/en\/wp-json\/wp\/v2\/product_tag?post=23836"}],"curies":[{"name":"wp","href":"https:\/\/api.w.org\/{rel}","templated":true}]}}