{"id":23870,"date":"2018-12-16T00:36:02","date_gmt":"2018-12-15T22:36:02","guid":{"rendered":"https:\/\/editura-unibuc.ro\/?post_type=product&#038;p=23870"},"modified":"2018-12-16T00:36:06","modified_gmt":"2018-12-15T22:36:06","slug":"ziarul-fulgerul-studentimii-1915-1916-studentii-universitatii-din-bucuresti-in-anii-neutralitatii","status":"publish","type":"product","link":"https:\/\/editura-unibuc.ro\/en\/ziarul-fulgerul-studentimii-1915-1916-studentii-universitatii-din-bucuresti-in-anii-neutralitatii\/","title":{"rendered":"\u201eFULGERUL STUDEN\u0162IMII\u201d (\u201eTHE STUDENTS\u2019 LIGHTNING\u201d) NEWSPAPER (1915-1916). STUDENTS OF THE UNIVERSITY OF BUCHAREST IN THE NEUTRALITY YEARS"},"content":{"rendered":"<p>Declan\u0219area \u201eMarelui R\u0103zboi\u201d a coincis cu aducerea \u00een centrul dezbaterilor publice a viitorului Regatului \u0219i na\u021biunii rom\u00e2ne. \u00cemp\u0103r\u021bit\u0103 \u00een antantofili, germanofili, neutrali\u0219ti, pacifi\u0219ti, sociali\u0219ti sau anarhi\u0219ti, societatea anilor neutralit\u0103\u021bii (1914-1916) a fost departe de idealul unit\u0103\u021bii, coeziunii \u0219i solidarit\u0103\u021bii na\u021bionale care ar fi preg\u0103tit momentul \u201eMarii Uniri\u201d. Universitatea din Bucure\u0219ti s-a situat \u00een centrul dezbaterilor din epoc\u0103 privitoare la rolul \u0219i importan\u021ba particip\u0103rii Rom\u00e2niei \u00een conflagra\u021bia european\u0103, sus\u021bin\u00e2nd, la nivel oficial, intrarea imediat\u0103 \u00een r\u0103zboi de partea Antantei pentru eliberarea \u021binuturilor din Imperiul Austro-Ungar locuite majoritar de rom\u00e2ni. Una dintre cele mai interesante, dar mai pu\u021bin cunoscute consecin\u021be ale politiz\u0103rii Universit\u0103\u021bii \u00een anii neutralit\u0103\u021bii a fost \u00eenfiin\u021barea ziarului \u201eFulgerul\u201d (ulterior \u201eFulgerul Studen\u021bimii\u201d), cea mai longeviv\u0103 gazet\u0103 a studen\u021bimii bucure\u0219tene. Devota\u021bi \u00een \u00eentregime cauzei interven\u021bioniste, radicali \u0219i \u00eenver\u0219una\u021bi, hot\u0103r\u00e2\u021bi s\u0103 declan\u0219eze o prefacere revolu\u021bionar\u0103 a societ\u0103\u021bii, redactorii \u0219i colaboratorii  ziarului (reuni\u021bi sub termenul afectiv de \u201efulgeri\u0219ti\u201d) vor constitui unele dintre cele mai intransigente voci ale necesit\u0103\u021bii luptei \u00eempotriva du\u0219manilor din interiorul \u0219i din afara Regatului. Hot\u0103r\u00e2\u021bi s\u0103 se opun\u0103 spionilor \u0219i tr\u0103d\u0103torilor, str\u0103inilor \u0219i \u201ev\u00e2ndu\u021bilor\u201d, studen\u021bii na\u021bionali\u0219ti vor \u00eentre\u021bine vreme de un an de zile un spa\u021biu al ideilor cu caracter antigerman, antidinastic \u0219i antiguvernametal. Pentru fulgeri\u0219ti, realizarea \u201eMarii Uniri\u201d trebuia s\u0103 fie precedat\u0103 de o ampl\u0103 reorientare moral\u0103 a societ\u0103\u021bii, grani\u021bele politice put\u00e2nd fi retrasate doar \u00een urma cartografierii sufletelor celor care erau cu adev\u0103rat \u201ebuni rom\u00e2ni\u201d.<\/p>\n<p>Volum ap\u0103rut sub egida Comitetului pentru Coordonarea Activit\u0103\u0163ilor Destinate Anivers\u0103rii Centenarului Rom\u00e2niei.<\/p>\n","protected":false},"excerpt":{"rendered":"<p>Declan\u0219area \u201eMarelui R\u0103zboi\u201d a coincis cu aducerea \u00een centrul dezbaterilor publice a viitorului Regatului \u0219i na\u021biunii rom\u00e2ne. \u00cemp\u0103r\u021bit\u0103 \u00een antantofili, germanofili, neutrali\u0219ti, pacifi\u0219ti, sociali\u0219ti sau anarhi\u0219ti, societatea anilor neutralit\u0103\u021bii (1914-1916) a fost departe de idealul unit\u0103\u021bii, coeziunii \u0219i solidarit\u0103\u021bii na\u021bionale care ar fi preg\u0103tit momentul \u201eMarii Uniri\u201d. Universitatea din Bucure\u0219ti s-a situat \u00een centrul dezbaterilor [&hellip;]<\/p>\n","protected":false},"featured_media":23871,"comment_status":"open","ping_status":"closed","template":"","meta":[],"product_brand":[],"product_cat":[1531,2389,991,995],"product_tag":[881,3168,2963,2582,1097,1268,1075],"class_list":{"0":"post-23870","1":"product","2":"type-product","3":"status-publish","4":"has-post-thumbnail","6":"product_cat-colectii","7":"product_cat-memorie-identitate","8":"product_cat-stiinte-sociale","9":"product_cat-istorie-stiinte-politice","10":"product_tag-istorie","11":"product_tag-marele-razboi","12":"product_tag-neutralitate","13":"product_tag-presa","14":"product_tag-stiinte-politice","15":"product_tag-studenti","16":"product_tag-universitatea-din-bucuresti","18":"first","19":"outofstock","20":"shipping-taxable","21":"purchasable","22":"product-type-simple"},"_links":{"self":[{"href":"https:\/\/editura-unibuc.ro\/en\/wp-json\/wp\/v2\/product\/23870","targetHints":{"allow":["GET"]}}],"collection":[{"href":"https:\/\/editura-unibuc.ro\/en\/wp-json\/wp\/v2\/product"}],"about":[{"href":"https:\/\/editura-unibuc.ro\/en\/wp-json\/wp\/v2\/types\/product"}],"replies":[{"embeddable":true,"href":"https:\/\/editura-unibuc.ro\/en\/wp-json\/wp\/v2\/comments?post=23870"}],"wp:featuredmedia":[{"embeddable":true,"href":"https:\/\/editura-unibuc.ro\/en\/wp-json\/wp\/v2\/media\/23871"}],"wp:attachment":[{"href":"https:\/\/editura-unibuc.ro\/en\/wp-json\/wp\/v2\/media?parent=23870"}],"wp:term":[{"taxonomy":"product_brand","embeddable":true,"href":"https:\/\/editura-unibuc.ro\/en\/wp-json\/wp\/v2\/product_brand?post=23870"},{"taxonomy":"product_cat","embeddable":true,"href":"https:\/\/editura-unibuc.ro\/en\/wp-json\/wp\/v2\/product_cat?post=23870"},{"taxonomy":"product_tag","embeddable":true,"href":"https:\/\/editura-unibuc.ro\/en\/wp-json\/wp\/v2\/product_tag?post=23870"}],"curies":[{"name":"wp","href":"https:\/\/api.w.org\/{rel}","templated":true}]}}