{"id":23872,"date":"2018-12-16T00:38:22","date_gmt":"2018-12-15T22:38:22","guid":{"rendered":"https:\/\/editura-unibuc.ro\/?post_type=product&#038;p=23872"},"modified":"2025-03-13T11:25:52","modified_gmt":"2025-03-13T09:25:52","slug":"filologie-rusa-xxxiv-no-1-2018-volum-aniversar-mihaela-moraru","status":"publish","type":"product","link":"https:\/\/editura-unibuc.ro\/en\/filologie-rusa-xxxiv-no-1-2018-volum-aniversar-mihaela-moraru\/","title":{"rendered":"RUSSIAN PHILOLOGY XXXIV, No. 1\/2018. A TRIBUTE TO MIHAELA MORARU"},"content":{"rendered":"<p>Din Cuprins: Laudatio. Bibliografia lucr\u0103rilor \u015ftiin\u0163ifice. G\u00e2nduri despre \u015fi pentru Mihaela Moraru. Studii. Biografia \u00een imagini.<\/p>\n","protected":false},"excerpt":{"rendered":"<p>Din Cuprins: Laudatio. Bibliografia lucr\u0103rilor \u015ftiin\u0163ifice. G\u00e2nduri despre \u015fi pentru Mihaela Moraru. Studii. Biografia \u00een imagini.<\/p>\n","protected":false},"featured_media":23873,"comment_status":"open","ping_status":"closed","template":"","meta":[],"product_brand":[],"product_cat":[3823,1464,981,1469],"product_tag":[3169,2750,1283],"class_list":{"0":"post-23872","1":"product","2":"type-product","3":"status-publish","4":"has-post-thumbnail","6":"product_cat-stiinte-umane","7":"product_cat-filologie","8":"product_cat-limbi-slave","9":"product_cat-periodice","10":"product_tag-filologie-rusa","11":"product_tag-mihaela-moraru","12":"product_tag-studii-culturale","14":"first","15":"outofstock","16":"shipping-taxable","17":"purchasable","18":"product-type-simple"},"_links":{"self":[{"href":"https:\/\/editura-unibuc.ro\/en\/wp-json\/wp\/v2\/product\/23872","targetHints":{"allow":["GET"]}}],"collection":[{"href":"https:\/\/editura-unibuc.ro\/en\/wp-json\/wp\/v2\/product"}],"about":[{"href":"https:\/\/editura-unibuc.ro\/en\/wp-json\/wp\/v2\/types\/product"}],"replies":[{"embeddable":true,"href":"https:\/\/editura-unibuc.ro\/en\/wp-json\/wp\/v2\/comments?post=23872"}],"wp:featuredmedia":[{"embeddable":true,"href":"https:\/\/editura-unibuc.ro\/en\/wp-json\/wp\/v2\/media\/23873"}],"wp:attachment":[{"href":"https:\/\/editura-unibuc.ro\/en\/wp-json\/wp\/v2\/media?parent=23872"}],"wp:term":[{"taxonomy":"product_brand","embeddable":true,"href":"https:\/\/editura-unibuc.ro\/en\/wp-json\/wp\/v2\/product_brand?post=23872"},{"taxonomy":"product_cat","embeddable":true,"href":"https:\/\/editura-unibuc.ro\/en\/wp-json\/wp\/v2\/product_cat?post=23872"},{"taxonomy":"product_tag","embeddable":true,"href":"https:\/\/editura-unibuc.ro\/en\/wp-json\/wp\/v2\/product_tag?post=23872"}],"curies":[{"name":"wp","href":"https:\/\/api.w.org\/{rel}","templated":true}]}}