{"id":23874,"date":"2018-12-16T00:40:10","date_gmt":"2018-12-15T22:40:10","guid":{"rendered":"https:\/\/editura-unibuc.ro\/?post_type=product&#038;p=23874"},"modified":"2025-05-08T11:14:45","modified_gmt":"2025-05-08T08:14:45","slug":"etica-si-integritate-academica","status":"publish","type":"product","link":"https:\/\/editura-unibuc.ro\/en\/etica-si-integritate-academica\/","title":{"rendered":"ETHICS AND ACADEMIC INTEGRITY"},"content":{"rendered":"<hr \/>\n<p><strong><a href=\"https:\/\/books.google.ro\/books\/about?id=sZZdEAAAQBAJ&#038;redir_esc=y\" target=\"_blank\" rel=\"noopener\"><img decoding=\"async\" src=\"https:\/\/editura-unibuc.ro\/wp-content\/uploads\/2025\/04\/goo.png\" \/>Google Books<\/a><\/strong><br \/>&nbsp;<\/p>\n<hr \/>\n<p>\u201eStrategia noastr\u0103 a fost de a g\u00e2ndi un text util pentru profesori, dar de a-l scrie mai ales pentru studen\u021bi. Etica este interesant\u0103 cu prec\u0103dere atunci c\u00e2nd pune \u00een joc intui\u021bii morale sau valori diferite \u0219i c\u00e2nd ne confrunt\u0103m cu dileme \u00een care decizia nu este evident\u0103, iar dezacordul este rezonabil. Prin urmare, am \u00eencercat s\u0103 ne ferim pe c\u00e2t a fost posibil de verdicte \u0219i de simpla enumerare a unor interdic\u021bii. Ve\u021bi observa c\u0103, de cele mai multe ori, exerci\u021biile \u0219i temele de discu\u021bie nu au solu\u021bii impuse. Nu pentru c\u0103 autorii manualului nu ar adera la anumite solu\u021bii (poate nu la acelea\u0219i!), ci pentru c\u0103 ni s-a p\u0103rut mult mai important\u0103 conturarea problemelor. Dilemele \u0219i \u00eentreb\u0103rile deschise genereaz\u0103 dezbateri \u0219i prilejuiesc reflec\u021bie. Sentin\u021bele, pe de alt\u0103 parte, tind s\u0103 ucid\u0103 discu\u021bia \u0219i s\u0103 prilejuiasc\u0103 mai cur\u00e2nd reac\u021bii de \u00eembr\u0103\u021bi\u0219are sau de respingere vehement\u0103. Dac\u0103 vom ajunge, \u00een comunit\u0103\u021bile noastre profesionale \u0219i \u00een societate, s\u0103 vorbim mai mult unii cu al\u021bii \u0219i mai pu\u021bin unii la al\u021bii, vom fi f\u0103cut probabil un pas major \u00een direc\u021bia corect\u0103 pentru dezvoltarea unei atitudini morale.\u201d (Autorii)<\/p>\n<p>Prezentul volum este realizat prin programul CNFI-FDI-2018-0165 \u201eCalitate, integritate, transparen\u0163\u0103\u201d. Volum ap\u0103rut sub egida Centrului de Cercetare \u00een Etic\u0103 Aplicat\u0103.<\/p>\n","protected":false},"excerpt":{"rendered":"<p>Google Books&nbsp; \u201eStrategia noastr\u0103 a fost de a g\u00e2ndi un text util pentru profesori, dar de a-l scrie mai ales pentru studen\u021bi. Etica este interesant\u0103 cu prec\u0103dere atunci c\u00e2nd pune \u00een joc intui\u021bii morale sau valori diferite \u0219i c\u00e2nd ne confrunt\u0103m cu dileme \u00een care decizia nu este evident\u0103, iar dezacordul este rezonabil. Prin urmare, [&hellip;]<\/p>\n","protected":false},"featured_media":23875,"comment_status":"open","ping_status":"closed","template":"","meta":[],"product_brand":[],"product_cat":[991,994],"product_tag":[3174,3170,1347,921,3175,3173,3172,3171],"class_list":{"0":"post-23874","1":"product","2":"type-product","3":"status-publish","4":"has-post-thumbnail","6":"product_cat-stiinte-sociale","7":"product_cat-filosofie","8":"product_tag-autoplagiat","9":"product_tag-deontologie-academica","10":"product_tag-etica","11":"product_tag-filosofie","12":"product_tag-integritate-academica","13":"product_tag-plagiat","14":"product_tag-proprietatea-intelectuala","15":"product_tag-responsabilitati-si-drepturi-academice","17":"first","18":"outofstock","19":"shipping-taxable","20":"purchasable","21":"product-type-simple"},"_links":{"self":[{"href":"https:\/\/editura-unibuc.ro\/en\/wp-json\/wp\/v2\/product\/23874","targetHints":{"allow":["GET"]}}],"collection":[{"href":"https:\/\/editura-unibuc.ro\/en\/wp-json\/wp\/v2\/product"}],"about":[{"href":"https:\/\/editura-unibuc.ro\/en\/wp-json\/wp\/v2\/types\/product"}],"replies":[{"embeddable":true,"href":"https:\/\/editura-unibuc.ro\/en\/wp-json\/wp\/v2\/comments?post=23874"}],"wp:featuredmedia":[{"embeddable":true,"href":"https:\/\/editura-unibuc.ro\/en\/wp-json\/wp\/v2\/media\/23875"}],"wp:attachment":[{"href":"https:\/\/editura-unibuc.ro\/en\/wp-json\/wp\/v2\/media?parent=23874"}],"wp:term":[{"taxonomy":"product_brand","embeddable":true,"href":"https:\/\/editura-unibuc.ro\/en\/wp-json\/wp\/v2\/product_brand?post=23874"},{"taxonomy":"product_cat","embeddable":true,"href":"https:\/\/editura-unibuc.ro\/en\/wp-json\/wp\/v2\/product_cat?post=23874"},{"taxonomy":"product_tag","embeddable":true,"href":"https:\/\/editura-unibuc.ro\/en\/wp-json\/wp\/v2\/product_tag?post=23874"}],"curies":[{"name":"wp","href":"https:\/\/api.w.org\/{rel}","templated":true}]}}