{"id":2393,"date":"2012-09-17T09:54:30","date_gmt":"2012-09-17T06:54:30","guid":{"rendered":"https:\/\/editura-unibuc.ro\/?p=2393"},"modified":"2016-02-18T15:07:00","modified_gmt":"2016-02-18T13:07:00","slug":"heterotopos-22009-ruines-et-lieux-funebres","status":"publish","type":"product","link":"https:\/\/editura-unibuc.ro\/en\/heterotopos-22009-ruines-et-lieux-funebres\/","title":{"rendered":"HETEROTOPOS 2\/2009. RUINS AND FUNERARY PLACES"},"content":{"rendered":"<p>En se proposant de chercher des images et des pratiques \u2013 culturellement diff\u00e9rentes \u2013 des ruines et des lieux fun\u00e8bres, les \u00e9tudes r\u00e9unies dans ce volume reposent sur une pr\u00e9misse commune: ce sont des lieux dot\u00e9s de certaines significations, dont on fait certains usages. \u00c0 cet effet, ils ont \u00e9t\u00e9 cr\u00e9\u00e9s, m\u00eame les ruines. Au XVIIIe si\u00e8cle, elles \u00e9taient parfois construites, de m\u00eame que les tombeaux, dans les jardins des r\u00e9sidences, comme en t\u00e9moigne Bernardin de Saint-Pierre. Mais, dans un sens large, on peut consid\u00e9rer qu\u2019instituer certaines pierres ou colonnes en ruines signifie \u00e9galement construire celles-ci et les faire exister. Ce qui existe, naturellement, l\u00e0 o\u00f9 se trouvait jadis un ancien monument imposant, ce sont des pierres, comme pour tel personnage incarn\u00e9 dans un film par Bruce Willis qui, \u00e0 Rome, pense que les blocs romains de marbre ont tout simplement \u00e9t\u00e9 oubli\u00e9s sur place par la municipalit\u00e9. Dans beaucoup de cultures on ne voit pas les ruines, on ne les visite pas, on les r\u00e9emploie ou bien on les ignore.<br \/>\nVolume \u00e9dit\u00e9 par Diana Samarineanu. Pr\u00e9face de Dolores Toma.<\/p>\n","protected":false},"excerpt":{"rendered":"<p>En se proposant de chercher des images et des pratiques \u2013 culturellement diff\u00e9rentes \u2013 des ruines et des lieux fun\u00e8bres, les \u00e9tudes r\u00e9unies dans ce volume reposent sur une pr\u00e9misse commune: ce sont des lieux dot\u00e9s de certaines significations, dont on fait certains usages. \u00c0 cet effet, ils ont \u00e9t\u00e9 cr\u00e9\u00e9s, m\u00eame les ruines. Au [&hellip;]<\/p>\n","protected":false},"featured_media":10766,"comment_status":"open","ping_status":"closed","template":"","meta":[],"product_brand":[],"product_cat":[1531,854,1464,977],"product_tag":[877],"class_list":{"0":"post-2393","1":"product","2":"type-product","3":"status-publish","4":"has-post-thumbnail","6":"product_cat-colectii","7":"product_cat-colectia-heterotopos","8":"product_cat-filologie","9":"product_cat-limba-franceza","10":"product_tag-franceza","12":"first","13":"instock","14":"shipping-taxable","15":"purchasable","16":"product-type-simple"},"_links":{"self":[{"href":"https:\/\/editura-unibuc.ro\/en\/wp-json\/wp\/v2\/product\/2393","targetHints":{"allow":["GET"]}}],"collection":[{"href":"https:\/\/editura-unibuc.ro\/en\/wp-json\/wp\/v2\/product"}],"about":[{"href":"https:\/\/editura-unibuc.ro\/en\/wp-json\/wp\/v2\/types\/product"}],"replies":[{"embeddable":true,"href":"https:\/\/editura-unibuc.ro\/en\/wp-json\/wp\/v2\/comments?post=2393"}],"wp:featuredmedia":[{"embeddable":true,"href":"https:\/\/editura-unibuc.ro\/en\/wp-json\/wp\/v2\/media\/10766"}],"wp:attachment":[{"href":"https:\/\/editura-unibuc.ro\/en\/wp-json\/wp\/v2\/media?parent=2393"}],"wp:term":[{"taxonomy":"product_brand","embeddable":true,"href":"https:\/\/editura-unibuc.ro\/en\/wp-json\/wp\/v2\/product_brand?post=2393"},{"taxonomy":"product_cat","embeddable":true,"href":"https:\/\/editura-unibuc.ro\/en\/wp-json\/wp\/v2\/product_cat?post=2393"},{"taxonomy":"product_tag","embeddable":true,"href":"https:\/\/editura-unibuc.ro\/en\/wp-json\/wp\/v2\/product_tag?post=2393"}],"curies":[{"name":"wp","href":"https:\/\/api.w.org\/{rel}","templated":true}]}}