{"id":23995,"date":"2019-01-08T15:27:54","date_gmt":"2019-01-08T13:27:54","guid":{"rendered":"https:\/\/editura-unibuc.ro\/?post_type=product&#038;p=23995"},"modified":"2025-02-20T13:55:11","modified_gmt":"2025-02-20T11:55:11","slug":"geopatterns-volume-3-issue-2-november-2018","status":"publish","type":"product","link":"https:\/\/editura-unibuc.ro\/en\/geopatterns-volume-3-issue-2-november-2018\/","title":{"rendered":"GEOPATTERNS,  Volume 3, Issue 2, November 2018"},"content":{"rendered":"<p>Revist\u0103 editat\u0103 de Universitatea din Bucure\u015fti, Center for Risk Studies, Spatial Modelling, Terrestrial and Coastal System Dynamics<\/p>\n","protected":false},"excerpt":{"rendered":"<p>Revist\u0103 editat\u0103 de Universitatea din Bucure\u015fti, Center for Risk Studies, Spatial Modelling, Terrestrial and Coastal System Dynamics<\/p>\n","protected":false},"featured_media":23996,"comment_status":"open","ping_status":"closed","template":"","meta":[],"product_brand":[],"product_cat":[1891,1469,1893,1466,989],"product_tag":[3182,3183,3185,3181,3184],"class_list":{"0":"post-23995","1":"product","2":"type-product","3":"status-publish","4":"has-post-thumbnail","6":"product_cat-download","7":"product_cat-periodice","8":"product_cat-reviste-academice","9":"product_cat-stiinte-ale-naturii","10":"product_cat-geografie","11":"product_tag-environmental-problems","12":"product_tag-insar","13":"product_tag-life-in-cologne","14":"product_tag-swabian-migration","15":"product_tag-technology-era","17":"first","18":"instock","19":"downloadable","20":"virtual","21":"product-type-simple"},"_links":{"self":[{"href":"https:\/\/editura-unibuc.ro\/en\/wp-json\/wp\/v2\/product\/23995","targetHints":{"allow":["GET"]}}],"collection":[{"href":"https:\/\/editura-unibuc.ro\/en\/wp-json\/wp\/v2\/product"}],"about":[{"href":"https:\/\/editura-unibuc.ro\/en\/wp-json\/wp\/v2\/types\/product"}],"replies":[{"embeddable":true,"href":"https:\/\/editura-unibuc.ro\/en\/wp-json\/wp\/v2\/comments?post=23995"}],"wp:featuredmedia":[{"embeddable":true,"href":"https:\/\/editura-unibuc.ro\/en\/wp-json\/wp\/v2\/media\/23996"}],"wp:attachment":[{"href":"https:\/\/editura-unibuc.ro\/en\/wp-json\/wp\/v2\/media?parent=23995"}],"wp:term":[{"taxonomy":"product_brand","embeddable":true,"href":"https:\/\/editura-unibuc.ro\/en\/wp-json\/wp\/v2\/product_brand?post=23995"},{"taxonomy":"product_cat","embeddable":true,"href":"https:\/\/editura-unibuc.ro\/en\/wp-json\/wp\/v2\/product_cat?post=23995"},{"taxonomy":"product_tag","embeddable":true,"href":"https:\/\/editura-unibuc.ro\/en\/wp-json\/wp\/v2\/product_tag?post=23995"}],"curies":[{"name":"wp","href":"https:\/\/api.w.org\/{rel}","templated":true}]}}