{"id":2402,"date":"2012-09-17T10:52:17","date_gmt":"2012-09-17T07:52:17","guid":{"rendered":"https:\/\/editura-unibuc.ro\/?p=2402"},"modified":"2016-02-18T15:06:58","modified_gmt":"2016-02-18T13:06:58","slug":"heterotopos-32010-maisons-etats-dame","status":"publish","type":"product","link":"https:\/\/editura-unibuc.ro\/en\/heterotopos-32010-maisons-etats-dame\/","title":{"rendered":"HETEROTOPOS 3\/2010. HOUSES OF SOUL"},"content":{"rendered":"<p>On n&#8217;a plus \u00e0 d\u00e9montrer, apr\u00e8s Gaston Bachelard, l&#8217;importance de la maison en tant que th\u00e8me litt\u00e9raire et qu&#8217;espace de pratiques dont la quotidiennet\u00e9 ne nous emp\u00eache plus de voir le caract\u00e8re culturel. Mais la construction de cette po\u00e9tique de la maison attend toujours les artisans appliqu\u00e9s qui t\u00e2cheraient de l&#8217;\u00e9lever sur les fondements pos\u00e9s par le ma\u00eetre.<\/p>\n<p>Cel de-al treilea num\u0103r al periodicului Heterotopos (editat \u00een limba francez\u0103) se concentreaz\u0103 asupra diverselor semnifica\u021bii \u0219i implica\u021bii ale terminologiei legate de spa\u021biul domestic.<\/p>\n","protected":false},"excerpt":{"rendered":"<p>On n&#8217;a plus \u00e0 d\u00e9montrer, apr\u00e8s Gaston Bachelard, l&#8217;importance de la maison en tant que th\u00e8me litt\u00e9raire et qu&#8217;espace de pratiques dont la quotidiennet\u00e9 ne nous emp\u00eache plus de voir le caract\u00e8re culturel. Mais la construction de cette po\u00e9tique de la maison attend toujours les artisans appliqu\u00e9s qui t\u00e2cheraient de l&#8217;\u00e9lever sur les fondements pos\u00e9s [&hellip;]<\/p>\n","protected":false},"featured_media":10759,"comment_status":"open","ping_status":"closed","template":"","meta":[],"product_brand":[],"product_cat":[1531,854,1464,977],"product_tag":[877],"class_list":{"0":"post-2402","1":"product","2":"type-product","3":"status-publish","4":"has-post-thumbnail","6":"product_cat-colectii","7":"product_cat-colectia-heterotopos","8":"product_cat-filologie","9":"product_cat-limba-franceza","10":"product_tag-franceza","12":"first","13":"instock","14":"shipping-taxable","15":"purchasable","16":"product-type-simple"},"_links":{"self":[{"href":"https:\/\/editura-unibuc.ro\/en\/wp-json\/wp\/v2\/product\/2402","targetHints":{"allow":["GET"]}}],"collection":[{"href":"https:\/\/editura-unibuc.ro\/en\/wp-json\/wp\/v2\/product"}],"about":[{"href":"https:\/\/editura-unibuc.ro\/en\/wp-json\/wp\/v2\/types\/product"}],"replies":[{"embeddable":true,"href":"https:\/\/editura-unibuc.ro\/en\/wp-json\/wp\/v2\/comments?post=2402"}],"wp:featuredmedia":[{"embeddable":true,"href":"https:\/\/editura-unibuc.ro\/en\/wp-json\/wp\/v2\/media\/10759"}],"wp:attachment":[{"href":"https:\/\/editura-unibuc.ro\/en\/wp-json\/wp\/v2\/media?parent=2402"}],"wp:term":[{"taxonomy":"product_brand","embeddable":true,"href":"https:\/\/editura-unibuc.ro\/en\/wp-json\/wp\/v2\/product_brand?post=2402"},{"taxonomy":"product_cat","embeddable":true,"href":"https:\/\/editura-unibuc.ro\/en\/wp-json\/wp\/v2\/product_cat?post=2402"},{"taxonomy":"product_tag","embeddable":true,"href":"https:\/\/editura-unibuc.ro\/en\/wp-json\/wp\/v2\/product_tag?post=2402"}],"curies":[{"name":"wp","href":"https:\/\/api.w.org\/{rel}","templated":true}]}}