{"id":2403,"date":"2012-09-17T10:43:07","date_gmt":"2012-09-17T07:43:07","guid":{"rendered":"https:\/\/editura-unibuc.ro\/?p=2403"},"modified":"2016-02-18T15:06:59","modified_gmt":"2016-02-18T13:06:59","slug":"heterotopos-12009-vers-lorient-europeen-voyages-et-images-pays-roumains-bulgarie-grece-constantinople-2","status":"publish","type":"product","link":"https:\/\/editura-unibuc.ro\/en\/heterotopos-12009-vers-lorient-europeen-voyages-et-images-pays-roumains-bulgarie-grece-constantinople-2\/","title":{"rendered":"HETEROTOPOS 1\/2009. TOWARDS THE EUROPEAN EAST: TRAVELS AND IMAGES. THE ROMANIAN PRINCIPALITIES, BULGARY, GREECE, CONSTANTINOPLE"},"content":{"rendered":"<p><em>O\u00f9 sommes-nous? La question n\u2019est, du moins par rapport \u00e0 l\u2019Orient europ\u00e9en, ni m\u00e9taphysiquement pascalienne ni purement rh\u00e9torique. Elle est l\u00e9gitime du point de vue g\u00e9ographique dans le cas d\u2019un espace dont les rep\u00e8res ont vari\u00e9 sous l\u2019impact des facteurs historiques ou politiques, aussi bien que sous l\u2019impact de l\u2019appropriation imaginaire.<\/em><\/p>\n<p><em>Heterotopos. Reprezent\u0103ri \u0219i practici ale spa\u021biului str\u0103in<\/em> este un centru de cercetare interdisciplinar al Universit\u0103\u021bii din Bucure\u0219ti. A fost creat \u00een 2007 \u0219i este condus de prof. dr. &#8211; Facultatea de Limbi \u0219i Literaturi. Printre partenerii externi ai Centrului se num\u0103r\u0103 <em>Le Centre de Recherche sur la Litt\u00e9rature des Voyages<\/em> (CRLV) al Universit\u0103\u021bii Paris Sorbona-Paris IV (Fran\u021ba).<\/p>","protected":false},"excerpt":{"rendered":"<p>O\u00f9 sommes-nous? La question n\u2019est, du moins par rapport \u00e0 l\u2019Orient europ\u00e9en, ni m\u00e9taphysiquement pascalienne ni purement rh\u00e9torique. Elle est l\u00e9gitime du point de vue g\u00e9ographique dans le cas d\u2019un espace dont les rep\u00e8res ont vari\u00e9 sous l\u2019impact des facteurs historiques ou politiques, aussi bien que sous l\u2019impact de l\u2019appropriation imaginaire. Heterotopos. Reprezent\u0103ri \u0219i practici [&hellip;]<\/p>\n","protected":false},"featured_media":10763,"comment_status":"open","ping_status":"closed","template":"","meta":[],"product_brand":[],"product_cat":[1531,854,1464,977],"product_tag":[920,877],"class_list":{"0":"post-2403","1":"product","2":"type-product","3":"status-publish","4":"has-post-thumbnail","6":"product_cat-colectii","7":"product_cat-colectia-heterotopos","8":"product_cat-filologie","9":"product_cat-limba-franceza","10":"product_tag-cultura","11":"product_tag-franceza","13":"first","14":"outofstock","15":"shipping-taxable","16":"product-type-simple"},"_links":{"self":[{"href":"https:\/\/editura-unibuc.ro\/en\/wp-json\/wp\/v2\/product\/2403","targetHints":{"allow":["GET"]}}],"collection":[{"href":"https:\/\/editura-unibuc.ro\/en\/wp-json\/wp\/v2\/product"}],"about":[{"href":"https:\/\/editura-unibuc.ro\/en\/wp-json\/wp\/v2\/types\/product"}],"replies":[{"embeddable":true,"href":"https:\/\/editura-unibuc.ro\/en\/wp-json\/wp\/v2\/comments?post=2403"}],"wp:featuredmedia":[{"embeddable":true,"href":"https:\/\/editura-unibuc.ro\/en\/wp-json\/wp\/v2\/media\/10763"}],"wp:attachment":[{"href":"https:\/\/editura-unibuc.ro\/en\/wp-json\/wp\/v2\/media?parent=2403"}],"wp:term":[{"taxonomy":"product_brand","embeddable":true,"href":"https:\/\/editura-unibuc.ro\/en\/wp-json\/wp\/v2\/product_brand?post=2403"},{"taxonomy":"product_cat","embeddable":true,"href":"https:\/\/editura-unibuc.ro\/en\/wp-json\/wp\/v2\/product_cat?post=2403"},{"taxonomy":"product_tag","embeddable":true,"href":"https:\/\/editura-unibuc.ro\/en\/wp-json\/wp\/v2\/product_tag?post=2403"}],"curies":[{"name":"wp","href":"https:\/\/api.w.org\/{rel}","templated":true}]}}