{"id":24080,"date":"2019-01-24T11:55:07","date_gmt":"2019-01-24T09:55:07","guid":{"rendered":"https:\/\/editura-unibuc.ro\/?post_type=product&#038;p=24080"},"modified":"2019-01-24T11:55:08","modified_gmt":"2019-01-24T09:55:08","slug":"implicatii-ale-fuziunii-societatilor-asupra-drepturilor-salariatilor","status":"publish","type":"product","link":"https:\/\/editura-unibuc.ro\/en\/implicatii-ale-fuziunii-societatilor-asupra-drepturilor-salariatilor\/","title":{"rendered":"IMPLICA\u021aII ALE FUZIUNII SOCIET\u0102\u021aILOR ASUPRA DREPTURILOR SALARIA\u021aILOR"},"content":{"rendered":"<p>Lucrarea  trateaz\u0103 una dintre temele importante teoretic \u015fi utile sub aspect practic &#8211; problematica protec\u021biei salaria\u021bilor \u00een contextul reoganiz\u0103rii societ\u0103\u021bilor prin fuziune, divizare \u0219i fuziune transfrontalier\u0103.<br \/>\nDirectiva 2001\/23\/CE referitoare la men\u0163inerea drepturilor lucr\u0103torilor \u00een cazul transferului de \u00eentreprinderi, unit\u0103\u0163i sau p\u0103r\u0163i de \u00eentreprinderi este actul legislativ european care a creat un regim juridic \u00een domeniu. Directiva transferului a fost transpus\u0103 \u00een dreptul na\u021bional prin Legea nr. 67\/2006 privind protec\u021bia drepturilor salaria\u021bilor \u00een cazul transferului \u00eentreprinderii, al unit\u0103\u021bii sau al unor p\u0103r\u021bi ale acestora.<br \/>\nLucrarea realizeaz\u0103 o analiz\u0103 a reglement\u0103rilor europene \u0219i na\u021bionale privind drepturile salaria\u021bilor. Sunt examinate temele majore care compun problematica enun\u021bat\u0103 \u00een titlu: domeniul de aplicare al directivei transferului, obliga\u021bia de informare a salaria\u021bilor, transferul drepturilor \u0219i obliga\u021biilor din contractul de munc\u0103 prin fuziune, implica\u021biile legisla\u021biei europene asupra dreptului na\u021bional \u0219i modul \u00een care s-a realizat transpunerea acestei legisla\u021bii \u00een Rom\u00e2nia. De asemenea, este analizat regimul juridic al dreptului de participare al salaria\u021bilor \u00een opera\u021biunile de fuziune transfrontalier\u0103 a societ\u0103\u021bilor comerciale, \u00een dreptul european \u0219i \u00een dreptul statelor membre. Pe parcursul \u00eentregii lucr\u0103ri, sunt formulate propuneri de <em>lege ferenda<\/em>, astfel \u00eenc\u00e2t salaria\u021bii s\u0103 beneficieze de o protec\u021bie adecvat\u0103<br \/>\nVolumul se adreseaz\u0103 at\u00e2t comunit\u0103\u021bii academice, c\u00e2t \u0219i profesioni\u0219tilor \u00een domeniu,  pentru care poate reprezenta un instrument util de lucru.<\/p>\n","protected":false},"excerpt":{"rendered":"<p>Lucrarea trateaz\u0103 una dintre temele importante teoretic \u015fi utile sub aspect practic &#8211; problematica protec\u021biei salaria\u021bilor \u00een contextul reoganiz\u0103rii societ\u0103\u021bilor prin fuziune, divizare \u0219i fuziune transfrontalier\u0103. Directiva 2001\/23\/CE referitoare la men\u0163inerea drepturilor lucr\u0103torilor \u00een cazul transferului de \u00eentreprinderi, unit\u0103\u0163i sau p\u0103r\u0163i de \u00eentreprinderi este actul legislativ european care a creat un regim juridic \u00een domeniu. [&hellip;]<\/p>\n","protected":false},"featured_media":24081,"comment_status":"open","ping_status":"closed","template":"","meta":[],"product_brand":[],"product_cat":[991,992],"product_tag":[3187,3188,3189,2913],"class_list":{"0":"post-24080","1":"product","2":"type-product","3":"status-publish","4":"has-post-thumbnail","6":"product_cat-stiinte-sociale","7":"product_cat-administratie-si-afaceri","8":"product_tag-felicia-bejan","9":"product_tag-fuziuni","10":"product_tag-intreprinderi","11":"product_tag-salariati","13":"first","14":"instock","15":"shipping-taxable","16":"purchasable","17":"product-type-simple"},"_links":{"self":[{"href":"https:\/\/editura-unibuc.ro\/en\/wp-json\/wp\/v2\/product\/24080","targetHints":{"allow":["GET"]}}],"collection":[{"href":"https:\/\/editura-unibuc.ro\/en\/wp-json\/wp\/v2\/product"}],"about":[{"href":"https:\/\/editura-unibuc.ro\/en\/wp-json\/wp\/v2\/types\/product"}],"replies":[{"embeddable":true,"href":"https:\/\/editura-unibuc.ro\/en\/wp-json\/wp\/v2\/comments?post=24080"}],"wp:featuredmedia":[{"embeddable":true,"href":"https:\/\/editura-unibuc.ro\/en\/wp-json\/wp\/v2\/media\/24081"}],"wp:attachment":[{"href":"https:\/\/editura-unibuc.ro\/en\/wp-json\/wp\/v2\/media?parent=24080"}],"wp:term":[{"taxonomy":"product_brand","embeddable":true,"href":"https:\/\/editura-unibuc.ro\/en\/wp-json\/wp\/v2\/product_brand?post=24080"},{"taxonomy":"product_cat","embeddable":true,"href":"https:\/\/editura-unibuc.ro\/en\/wp-json\/wp\/v2\/product_cat?post=24080"},{"taxonomy":"product_tag","embeddable":true,"href":"https:\/\/editura-unibuc.ro\/en\/wp-json\/wp\/v2\/product_tag?post=24080"}],"curies":[{"name":"wp","href":"https:\/\/api.w.org\/{rel}","templated":true}]}}