{"id":24086,"date":"2019-01-24T12:03:59","date_gmt":"2019-01-24T10:03:59","guid":{"rendered":"https:\/\/editura-unibuc.ro\/?post_type=product&#038;p=24086"},"modified":"2019-01-24T12:04:00","modified_gmt":"2019-01-24T10:04:00","slug":"fantasticul-si-realismul-magic-in-literatura-sarba-postmodernista","status":"publish","type":"product","link":"https:\/\/editura-unibuc.ro\/en\/fantasticul-si-realismul-magic-in-literatura-sarba-postmodernista\/","title":{"rendered":"FANTASTICUL \u0218I REALISMUL MAGIC \u00ceN LITERATURA S\u00c2RB\u0102 (POST)MODERNIST\u0102"},"content":{"rendered":"<p>Fenomenul prozei realismului magic din literatura s\u00e2rb\u0103 nu poate fi analizat separat de literatura contemporan\u0103 postmodern\u0103 \u0219i nici de literatura fantastic\u0103, astfel c\u0103 exist\u0103 o punte indestructibil\u0103 \u00eentre cele trei discursuri, temporal \u0219i spa\u021bial \u00eendep\u0103rtat.<br \/>\nFenomenul realismului magic exotic s\u00e2rb se bazeaz\u0103 pe dou\u0103 concepte.<br \/>\nUnul dintre ele face referire la exploatarea mo\u0219tenirii bizantine \u00een c\u0103utarea a ceea ce Vestul consider\u0103 exotic \u0219i atractiv. Cel mai concret exemplu pentru acest concept a realismului magic este crea\u021bia lui Milorad Pavi\u0107.<br \/>\nCel de-al doliea concept al realismului magic \u00een literatura s\u00e2rb\u0103 se bazeaz\u0103 pe impresia pozitiv\u0103 a primitivismului Balcanic, drept un lucru mai real \u0219i mai vital dec\u00e2t Europa cea excesiv civilizat\u0103, \u201edecadent\u0103\u201d \u0219i \u201eobosit\u0103\u201d.  Exemple pentru aceast\u0103 variant\u0103 a realismului magic \u00een literatura s\u00e2rb\u0103 ni le ofer\u0103 operele lui Milorad Bulatovi\u0107.<br \/>\nLegitimitatea componentelor realismului magic s\u00e2rb \u00een diferite forme de <em>ars combinatoria<\/em> este confirmat\u0103 de proza autorilor genera\u021biei de aur, Miodrag Bulatovi\u0107, Danilo Ki\u0161, Borislav Peki\u0107 sau sau \u00een proza lui Milorad Pavi\u0107, menit\u0103 s\u0103 includ\u0103 cititorul \u00een jocul unor interpret\u0103ri diverse, astfel \u00eenc\u00e2t sentimentul de confort \u0219i de stabilitate al cititorului, de \u00eencredere \u00een lumea fictiv\u0103, s\u0103 fie zdruncinat.<\/p>\n","protected":false},"excerpt":{"rendered":"<p>Fenomenul prozei realismului magic din literatura s\u00e2rb\u0103 nu poate fi analizat separat de literatura contemporan\u0103 postmodern\u0103 \u0219i nici de literatura fantastic\u0103, astfel c\u0103 exist\u0103 o punte indestructibil\u0103 \u00eentre cele trei discursuri, temporal \u0219i spa\u021bial \u00eendep\u0103rtat. Fenomenul realismului magic exotic s\u00e2rb se bazeaz\u0103 pe dou\u0103 concepte. Unul dintre ele face referire la exploatarea mo\u0219tenirii bizantine \u00een [&hellip;]<\/p>\n","protected":false},"featured_media":24087,"comment_status":"open","ping_status":"closed","template":"","meta":[],"product_brand":[],"product_cat":[1531,2653,1464,981],"product_tag":[3192,2760,3193,3194],"class_list":{"0":"post-24086","1":"product","2":"type-product","3":"status-publish","4":"has-post-thumbnail","6":"product_cat-colectii","7":"product_cat-biblioteca-de-slavistica","8":"product_cat-filologie","9":"product_cat-limbi-slave","10":"product_tag-fantastic-sarb","11":"product_tag-lidija-colevic","12":"product_tag-realismului-magic-sarb","13":"product_tag-supranatural","15":"first","16":"instock","17":"shipping-taxable","18":"purchasable","19":"product-type-simple"},"_links":{"self":[{"href":"https:\/\/editura-unibuc.ro\/en\/wp-json\/wp\/v2\/product\/24086","targetHints":{"allow":["GET"]}}],"collection":[{"href":"https:\/\/editura-unibuc.ro\/en\/wp-json\/wp\/v2\/product"}],"about":[{"href":"https:\/\/editura-unibuc.ro\/en\/wp-json\/wp\/v2\/types\/product"}],"replies":[{"embeddable":true,"href":"https:\/\/editura-unibuc.ro\/en\/wp-json\/wp\/v2\/comments?post=24086"}],"wp:featuredmedia":[{"embeddable":true,"href":"https:\/\/editura-unibuc.ro\/en\/wp-json\/wp\/v2\/media\/24087"}],"wp:attachment":[{"href":"https:\/\/editura-unibuc.ro\/en\/wp-json\/wp\/v2\/media?parent=24086"}],"wp:term":[{"taxonomy":"product_brand","embeddable":true,"href":"https:\/\/editura-unibuc.ro\/en\/wp-json\/wp\/v2\/product_brand?post=24086"},{"taxonomy":"product_cat","embeddable":true,"href":"https:\/\/editura-unibuc.ro\/en\/wp-json\/wp\/v2\/product_cat?post=24086"},{"taxonomy":"product_tag","embeddable":true,"href":"https:\/\/editura-unibuc.ro\/en\/wp-json\/wp\/v2\/product_tag?post=24086"}],"curies":[{"name":"wp","href":"https:\/\/api.w.org\/{rel}","templated":true}]}}